{"id":5518,"date":"2018-03-03T21:34:27","date_gmt":"2018-03-03T21:34:27","guid":{"rendered":"https:\/\/naturalife.rtthemes.com\/demo\/?post_type=product&#038;p=5518"},"modified":"2026-03-31T14:34:28","modified_gmt":"2026-03-31T14:34:28","slug":"deflacol","status":"publish","type":"product","link":"https:\/\/antheianatural.it\/en\/product\/deflacol\/","title":{"rendered":"Deflacol"},"content":{"rendered":"<div data-elementor-type=\"wp-post\" data-elementor-id=\"5518\" class=\"elementor elementor-5518\">\n\t\t\t\t<div class=\"elementor-element elementor-element-459599b0 e-flex e-con-boxed default-style e-con e-parent\" data-id=\"459599b0\" data-element_type=\"container\" data-e-type=\"container\" data-settings=\"{&quot;rt_color_sets&quot;:&quot;default-style&quot;}\">\n\t\t\t\t\t<div class=\"e-con-inner\">\n\t\t\t\t<div class=\"elementor-element elementor-element-3cd4f56f elementor-widget elementor-widget-text-editor\" data-id=\"3cd4f56f\" data-element_type=\"widget\" data-e-type=\"widget\" data-widget_type=\"text-editor.default\">\n\t\t\t\t<div class=\"elementor-widget-container\">\n\t\t\t\t\t\t\t\t\t<p><strong>Deflacol<\/strong> \u00e8 un integratore alimentare a base di estratti di noto per la sua azione antinausea che contribuisce alla normale funzionalit\u00e0 digestiva e alla normale motilit\u00e0 gastrointestinale.<\/p><p>\u00c8 utile anche per contrastare gli stati di tensione localizzati e di piante carminative quali \u00a0in grado di favorire la regolarit\u00e0 gastrointestinale.<\/p><p><strong>Deflacol<\/strong>, inoltre, fornisce un apporto integrativo di di guar parzialmente idrolizzata (PHGG): in questo modo favorisce l&#8217;equilibrio della flora intestinale.<\/p><p>\u00a0<\/p><p><strong>SCHEDA RIASSUNTIVA<\/strong><\/p><ul><li><strong>Nome del Prodotto<\/strong>: Deflacol 30cpr<\/li><li><strong>Produttore<\/strong>: Antheia Srl<\/li><li><strong>Categoria<\/strong>: Integratori di regime e alimenti speciali<\/li><li><strong>Tipo<\/strong>: Parafarmaco uso umano<\/li><li><strong>Codice AIC<\/strong>: 982774919<\/li><li><strong>Forma Farmaceutica<\/strong>: Compresse<\/li><li>This product has no <a title=\"Aifa notes\" href=\"https:\/\/www.aifa.gov.it\/web\/guest\/note-aifa\" target=\"_blank\" rel=\"noopener\">Aifa notes.<\/a><\/li><\/ul><p><strong>INDICAZIONI DI UTILIZZO<\/strong><\/p><p>Ideale per chi cerca un sollievo naturale da:<\/p>\t \n\t\t<div  class=\"bullet-list style-1  check\">\n\t\t<\/p><ul><li>Digestive difficulty<\/li><li>Postprandial bloating<\/li><li>Meterorism and flatulence<\/li><li>Regulation of intestinal motility<\/li><li>Nausea and vomiting<\/li><\/ul><p>\n\t\t<\/div>\n\t<p><strong>INGREDIENTI<\/strong><\/p><p>Una formula ricca e bilanciata che include:<\/p><ul><li><strong>Agenti di Carica<\/strong>: Cellulosa microcristallina, Carbonato di calcio.<\/li><li><strong>Fibra<\/strong>: Guar.<\/li><li><strong>Estratti Botanici<\/strong>: Zenzero, Frutto-oligosaccaridi, Finocchio, Anice.<\/li><li><strong>Miscela di Oli Essenziali<\/strong>: Finocchio, Carvi, Cannella, Ginger.<\/li><li><strong>Colorante<\/strong>: Ossido di ferro giallo.<\/li><\/ul><p><strong>MODALIT\u00c0 D&#8217;USO<\/strong><\/p><p>Per un&#8217;efficacia ottimale, si consiglia di assumere una o due compresse al giorno, preferibilmente prima dei pasti principali o seguendo il consiglio del medico.<\/p><p><strong>AVVERTENZE<\/strong><\/p><ul><li>Do not exceed the recommended daily dose.<\/li><li>Tenere lontano dalla portata dei bambini sotto i 3 anni.<\/li><li>Non sostituisce una dieta varia ed equilibrata n\u00e9 uno stile di vita sano.<\/li><li>Consultare il medico in caso di gravidanza, allattamento o allergie.<\/li><\/ul>\t\t\t\t\t\t\t\t<\/div>\n\t\t\t\t<\/div>\n\t\t\t\t\t<\/div>\n\t\t\t\t<\/div>\n\t\t\t\t<\/div>","protected":false},"excerpt":{"rendered":"<h3>DEFLACOL: Un Alleato Naturale per la Tua Digestione<\/h3>\n<p><strong>Deflacol<\/strong> \u00e8 un integratore alimentare innovativo, formulato con una selezione accurata di estratti naturali e fibre. Creato per sostenere la funzionalit\u00e0 digestiva e promuovere una regolare motilit\u00e0 gastrointestinale, Deflacol \u00e8 il compagno ideale per chi cerca sollievo da nausea, gonfiore postprandiale, meteorismo, flatulenza e disturbi digestivi.<\/p>\n<p><strong>Principali Benefici:<\/strong><\/p>\n<div  class=\"bullet-list style-1  check\">\n<ul>\n<li><strong>Azione Antinausea<\/strong>: Grazie all&#8217;estratto di <strong><a href=\"https:\/\/it.wikipedia.org\/wiki\/Zingiber_officinale\" target=\"_blank\" rel=\"noopener\">Ginger<\/a><\/strong>, noto per le sue propriet\u00e0 benefiche sulla digestione e sulla riduzione della nausea.<\/li>\n<li><strong>Supporto alla Digestione<\/strong>: Contiene <strong><a href=\"https:\/\/it.wikipedia.org\/wiki\/Foeniculum_vulgare\" target=\"_blank\" rel=\"noopener\">Fennel<\/a>,\u00a0<a href=\"http:\/\/cinnamomum_verum\/\" target=\"_blank\" rel=\"noopener\">Cinnamon<\/a>,\u00a0<a href=\"https:\/\/it.wikipedia.org\/wiki\/Carum_carvi\" target=\"_blank\" rel=\"noopener\">Caraway<\/a><\/strong>\u00a0and\u00a0<a href=\"https:\/\/it.wikipedia.org\/wiki\/Illicium_verum\" target=\"_blank\" rel=\"noopener\"><strong>Star<\/strong>\u00a0<strong>Anise<\/strong><\/a>, piante carminative che favoriscono la regolarit\u00e0 gastrointestinale.<\/li>\n<li><strong>Equilibrio della Flora Intestinale<\/strong>: Gli <strong><a href=\"https:\/\/it.wikipedia.org\/wiki\/Frutto-oligosaccaridi\" target=\"_blank\" rel=\"noopener\">fructo-oligosaccharides (FOS)<\/a><\/strong> di guar parzialmente idrolizzata (PHGG) contribuiscono a mantenere l&#8217;equilibrio del microbioma intestinale.<\/li>\n<\/ul><\/div>\n<p><strong>Scegli Deflacol per un supporto naturale alla tua digestione, progettato con cura e scienza per il tuo benessere quotidiano.<\/strong><\/p>\n<blockquote>\n<h4>Spese di spedizione gratuite per chi acquista 3 o pi\u00f9 confezioni.<\/h4>\n<\/blockquote>","protected":false},"featured_media":8081,"comment_status":"open","ping_status":"closed","template":"","meta":{"_monsterinsights_skip_tracking":false,"_monsterinsights_sitenote_active":false,"_monsterinsights_sitenote_note":"","_monsterinsights_sitenote_category":0},"product_brand":[],"product_cat":[84,57],"product_tag":[58,59,61,60,62,64,63],"class_list":{"0":"post-5518","1":"product","2":"type-product","3":"status-publish","4":"has-post-thumbnail","6":"product_cat-gastroenterologia","7":"product_cat-integratore-alimentare","8":"product_tag-anice-stellato","9":"product_tag-cannella","10":"product_tag-carvi","11":"product_tag-difficolta-digestiva","12":"product_tag-finocchio","13":"product_tag-regolarita-gastrointestinale","14":"product_tag-zenzero","16":"first","17":"instock","18":"taxable","19":"shipping-taxable","20":"purchasable","21":"product-type-simple"},"yoast_head":"<!-- This site is optimized with the Yoast SEO plugin v27.4 - https:\/\/yoast.com\/product\/yoast-seo-wordpress\/ -->\n<title>Deflacol - Antheia Natural - Integratori alimentari<\/title>\n<meta name=\"description\" content=\"Integratore digestivo naturale che offre un sollievo efficace da nausea, gonfiore e disturbi digestivi. Con estratti naturali e fibre, DEFLACOL \u00e8 il tuo alleato per una digestione serena e un benessere quotidiano.\" \/>\n<meta name=\"robots\" content=\"index, follow, max-snippet:-1, max-image-preview:large, max-video-preview:-1\" \/>\n<link rel=\"canonical\" href=\"https:\/\/antheianatural.it\/en\/product\/deflacol\/\" \/>\n<meta property=\"og:locale\" content=\"en_GB\" \/>\n<meta property=\"og:type\" content=\"article\" \/>\n<meta property=\"og:title\" content=\"Deflacol - Antheia Natural - Integratori alimentari\" \/>\n<meta property=\"og:description\" content=\"Integratore digestivo naturale che offre un sollievo efficace da nausea, gonfiore e disturbi digestivi. Con estratti naturali e fibre, DEFLACOL \u00e8 il tuo alleato per una digestione serena e un benessere quotidiano.\" \/>\n<meta property=\"og:url\" content=\"https:\/\/antheianatural.it\/en\/product\/deflacol\/\" \/>\n<meta property=\"og:site_name\" content=\"Antheia Natural - Integratori alimentari\" \/>\n<meta property=\"article:publisher\" content=\"https:\/\/www.facebook.com\/profile.php?id=100087233113728\" \/>\n<meta property=\"article:modified_time\" content=\"2026-03-31T14:34:28+00:00\" \/>\n<meta property=\"og:image\" content=\"https:\/\/antheianatural.it\/wp-content\/uploads\/2022\/04\/image_mqi-deflacol-5-1.jpeg\" \/>\n\t<meta property=\"og:image:width\" content=\"1024\" \/>\n\t<meta property=\"og:image:height\" content=\"1024\" \/>\n\t<meta property=\"og:image:type\" content=\"image\/jpeg\" \/>\n<meta name=\"twitter:card\" content=\"summary_large_image\" \/>\n<meta name=\"twitter:label1\" content=\"Estimated reading time\" \/>\n\t<meta name=\"twitter:data1\" content=\"2 minutes\" \/>\n<script type=\"application\/ld+json\" class=\"yoast-schema-graph\">{\"@context\":\"https:\\\/\\\/schema.org\",\"@graph\":[{\"@type\":\"WebPage\",\"@id\":\"https:\\\/\\\/antheianatural.it\\\/prodotto\\\/deflacol\\\/\",\"url\":\"https:\\\/\\\/antheianatural.it\\\/prodotto\\\/deflacol\\\/\",\"name\":\"Deflacol - Antheia Natural - Integratori alimentari\",\"isPartOf\":{\"@id\":\"https:\\\/\\\/antheianatural.it\\\/#website\"},\"primaryImageOfPage\":{\"@id\":\"https:\\\/\\\/antheianatural.it\\\/prodotto\\\/deflacol\\\/#primaryimage\"},\"image\":{\"@id\":\"https:\\\/\\\/antheianatural.it\\\/prodotto\\\/deflacol\\\/#primaryimage\"},\"thumbnailUrl\":\"https:\\\/\\\/antheianatural.it\\\/wp-content\\\/uploads\\\/2022\\\/04\\\/image_mqi-deflacol-5-1.jpeg\",\"datePublished\":\"2018-03-03T21:34:27+00:00\",\"dateModified\":\"2026-03-31T14:34:28+00:00\",\"description\":\"Integratore digestivo naturale che offre un sollievo efficace da nausea, gonfiore e disturbi digestivi. Con estratti naturali e fibre, DEFLACOL \u00e8 il tuo alleato per una digestione serena e un benessere quotidiano.\",\"breadcrumb\":{\"@id\":\"https:\\\/\\\/antheianatural.it\\\/prodotto\\\/deflacol\\\/#breadcrumb\"},\"inLanguage\":\"en-GB\",\"potentialAction\":[{\"@type\":\"ReadAction\",\"target\":[\"https:\\\/\\\/antheianatural.it\\\/prodotto\\\/deflacol\\\/\"]}]},{\"@type\":\"ImageObject\",\"inLanguage\":\"en-GB\",\"@id\":\"https:\\\/\\\/antheianatural.it\\\/prodotto\\\/deflacol\\\/#primaryimage\",\"url\":\"https:\\\/\\\/antheianatural.it\\\/wp-content\\\/uploads\\\/2022\\\/04\\\/image_mqi-deflacol-5-1.jpeg\",\"contentUrl\":\"https:\\\/\\\/antheianatural.it\\\/wp-content\\\/uploads\\\/2022\\\/04\\\/image_mqi-deflacol-5-1.jpeg\",\"width\":1024,\"height\":1024},{\"@type\":\"BreadcrumbList\",\"@id\":\"https:\\\/\\\/antheianatural.it\\\/prodotto\\\/deflacol\\\/#breadcrumb\",\"itemListElement\":[{\"@type\":\"ListItem\",\"position\":1,\"name\":\"Home\",\"item\":\"https:\\\/\\\/antheianatural.it\\\/\"},{\"@type\":\"ListItem\",\"position\":2,\"name\":\"Acquista on-line\",\"item\":\"https:\\\/\\\/antheianatural.it\\\/shop\\\/\"},{\"@type\":\"ListItem\",\"position\":3,\"name\":\"Deflacol\"}]},{\"@type\":\"WebSite\",\"@id\":\"https:\\\/\\\/antheianatural.it\\\/#website\",\"url\":\"https:\\\/\\\/antheianatural.it\\\/\",\"name\":\"Antheia Natural - Integratori alimentari\",\"description\":\"Benessere autentico per il corpo e per la mente\",\"publisher\":{\"@id\":\"https:\\\/\\\/antheianatural.it\\\/#organization\"},\"potentialAction\":[{\"@type\":\"SearchAction\",\"target\":{\"@type\":\"EntryPoint\",\"urlTemplate\":\"https:\\\/\\\/antheianatural.it\\\/?s={search_term_string}\"},\"query-input\":{\"@type\":\"PropertyValueSpecification\",\"valueRequired\":true,\"valueName\":\"search_term_string\"}}],\"inLanguage\":\"en-GB\"},{\"@type\":\"Organization\",\"@id\":\"https:\\\/\\\/antheianatural.it\\\/#organization\",\"name\":\"Antheia Natural\",\"url\":\"https:\\\/\\\/antheianatural.it\\\/\",\"logo\":{\"@type\":\"ImageObject\",\"inLanguage\":\"en-GB\",\"@id\":\"https:\\\/\\\/antheianatural.it\\\/#\\\/schema\\\/logo\\\/image\\\/\",\"url\":\"https:\\\/\\\/antheianatural.it\\\/wp-content\\\/uploads\\\/2022\\\/05\\\/antheia-foto-slide-logo.png\",\"contentUrl\":\"https:\\\/\\\/antheianatural.it\\\/wp-content\\\/uploads\\\/2022\\\/05\\\/antheia-foto-slide-logo.png\",\"width\":817,\"height\":766,\"caption\":\"Antheia Natural\"},\"image\":{\"@id\":\"https:\\\/\\\/antheianatural.it\\\/#\\\/schema\\\/logo\\\/image\\\/\"},\"sameAs\":[\"https:\\\/\\\/www.facebook.com\\\/profile.php?id=100087233113728\"]}]}<\/script>\n<!-- \/ Yoast SEO plugin. -->","yoast_head_json":{"title":"Deflacol - Antheia Natural - Integratori alimentari","description":"Integratore digestivo naturale che offre un sollievo efficace da nausea, gonfiore e disturbi digestivi. Con estratti naturali e fibre, DEFLACOL \u00e8 il tuo alleato per una digestione serena e un benessere quotidiano.","robots":{"index":"index","follow":"follow","max-snippet":"max-snippet:-1","max-image-preview":"max-image-preview:large","max-video-preview":"max-video-preview:-1"},"canonical":"https:\/\/antheianatural.it\/en\/product\/deflacol\/","og_locale":"en_GB","og_type":"article","og_title":"Deflacol - Antheia Natural - Integratori alimentari","og_description":"Integratore digestivo naturale che offre un sollievo efficace da nausea, gonfiore e disturbi digestivi. Con estratti naturali e fibre, DEFLACOL \u00e8 il tuo alleato per una digestione serena e un benessere quotidiano.","og_url":"https:\/\/antheianatural.it\/en\/product\/deflacol\/","og_site_name":"Antheia Natural - Integratori alimentari","article_publisher":"https:\/\/www.facebook.com\/profile.php?id=100087233113728","article_modified_time":"2026-03-31T14:34:28+00:00","og_image":[{"width":1024,"height":1024,"url":"https:\/\/antheianatural.it\/wp-content\/uploads\/2022\/04\/image_mqi-deflacol-5-1.jpeg","type":"image\/jpeg"}],"twitter_card":"summary_large_image","twitter_misc":{"Estimated reading time":"2 minutes"},"schema":{"@context":"https:\/\/schema.org","@graph":[{"@type":"WebPage","@id":"https:\/\/antheianatural.it\/prodotto\/deflacol\/","url":"https:\/\/antheianatural.it\/prodotto\/deflacol\/","name":"Deflacol - Antheia Natural - Integratori alimentari","isPartOf":{"@id":"https:\/\/antheianatural.it\/#website"},"primaryImageOfPage":{"@id":"https:\/\/antheianatural.it\/prodotto\/deflacol\/#primaryimage"},"image":{"@id":"https:\/\/antheianatural.it\/prodotto\/deflacol\/#primaryimage"},"thumbnailUrl":"https:\/\/antheianatural.it\/wp-content\/uploads\/2022\/04\/image_mqi-deflacol-5-1.jpeg","datePublished":"2018-03-03T21:34:27+00:00","dateModified":"2026-03-31T14:34:28+00:00","description":"Integratore digestivo naturale che offre un sollievo efficace da nausea, gonfiore e disturbi digestivi. Con estratti naturali e fibre, DEFLACOL \u00e8 il tuo alleato per una digestione serena e un benessere quotidiano.","breadcrumb":{"@id":"https:\/\/antheianatural.it\/prodotto\/deflacol\/#breadcrumb"},"inLanguage":"en-GB","potentialAction":[{"@type":"ReadAction","target":["https:\/\/antheianatural.it\/prodotto\/deflacol\/"]}]},{"@type":"ImageObject","inLanguage":"en-GB","@id":"https:\/\/antheianatural.it\/prodotto\/deflacol\/#primaryimage","url":"https:\/\/antheianatural.it\/wp-content\/uploads\/2022\/04\/image_mqi-deflacol-5-1.jpeg","contentUrl":"https:\/\/antheianatural.it\/wp-content\/uploads\/2022\/04\/image_mqi-deflacol-5-1.jpeg","width":1024,"height":1024},{"@type":"BreadcrumbList","@id":"https:\/\/antheianatural.it\/prodotto\/deflacol\/#breadcrumb","itemListElement":[{"@type":"ListItem","position":1,"name":"Home","item":"https:\/\/antheianatural.it\/"},{"@type":"ListItem","position":2,"name":"Acquista on-line","item":"https:\/\/antheianatural.it\/shop\/"},{"@type":"ListItem","position":3,"name":"Deflacol"}]},{"@type":"WebSite","@id":"https:\/\/antheianatural.it\/#website","url":"https:\/\/antheianatural.it\/","name":"Antheia Natural's dietary and pharmaceutical supplements","description":"Benessere autentico per il corpo e per la mente","publisher":{"@id":"https:\/\/antheianatural.it\/#organization"},"potentialAction":[{"@type":"SearchAction","target":{"@type":"EntryPoint","urlTemplate":"https:\/\/antheianatural.it\/?s={search_term_string}"},"query-input":{"@type":"PropertyValueSpecification","valueRequired":true,"valueName":"search_term_string"}}],"inLanguage":"en-GB"},{"@type":"Organization","@id":"https:\/\/antheianatural.it\/#organization","name":"Antheia Natural","url":"https:\/\/antheianatural.it\/","logo":{"@type":"ImageObject","inLanguage":"en-GB","@id":"https:\/\/antheianatural.it\/#\/schema\/logo\/image\/","url":"https:\/\/antheianatural.it\/wp-content\/uploads\/2022\/05\/antheia-foto-slide-logo.png","contentUrl":"https:\/\/antheianatural.it\/wp-content\/uploads\/2022\/05\/antheia-foto-slide-logo.png","width":817,"height":766,"caption":"Antheia Natural"},"image":{"@id":"https:\/\/antheianatural.it\/#\/schema\/logo\/image\/"},"sameAs":["https:\/\/www.facebook.com\/profile.php?id=100087233113728"]}]}},"jetpack-related-posts":[{"id":7197,"url":"https:\/\/antheianatural.it\/en\/product\/giok\/","url_meta":{"origin":5518,"position":0},"title":"Giok","author":"antheia","date":"11\/05\/2022","format":false,"excerpt":"GIOK: Il Tuo Alleato Naturale Contro le Infiammazioni Giok \u00e8 un integratore alimentare a base di Bromellna e Curcuma Meriva\u00ae. Spese di spedizione gratuite per chi acquista 3 o pi\u00f9 confezioni.","rel":"","context":"Similar post","block_context":{"text":"Similar post","link":""},"img":{"alt_text":"","src":"https:\/\/i0.wp.com\/antheianatural.it\/wp-content\/uploads\/2022\/05\/image_GsS-giok-2.jpeg?resize=350%2C200&ssl=1","width":350,"height":200,"srcset":"https:\/\/i0.wp.com\/antheianatural.it\/wp-content\/uploads\/2022\/05\/image_GsS-giok-2.jpeg?resize=350%2C200&ssl=1 1x, https:\/\/i0.wp.com\/antheianatural.it\/wp-content\/uploads\/2022\/05\/image_GsS-giok-2.jpeg?resize=525%2C300&ssl=1 1.5x, https:\/\/i0.wp.com\/antheianatural.it\/wp-content\/uploads\/2022\/05\/image_GsS-giok-2.jpeg?resize=700%2C400&ssl=1 2x, https:\/\/i0.wp.com\/antheianatural.it\/wp-content\/uploads\/2022\/05\/image_GsS-giok-2.jpeg?resize=1050%2C600&ssl=1 3x, https:\/\/i0.wp.com\/antheianatural.it\/wp-content\/uploads\/2022\/05\/image_GsS-giok-2.jpeg?resize=1400%2C800&ssl=1 4x"},"classes":[]},{"id":8404,"url":"https:\/\/antheianatural.it\/en\/product\/psprost\/","url_meta":{"origin":5518,"position":1},"title":"PSProst","author":"antheia","date":"27\/07\/2024","format":false,"excerpt":"Salute Prostatica Naturale Nel panorama degli integratori dedicati al benessere maschile, PSProst si distingue come una soluzione naturale e efficace per il supporto della salute prostatica e delle vie urinarie. Formulato con ingredienti accuratamente selezionati, PSProst \u00e8 progettato per uomini che cercano un approccio naturale alla gestione della salute prostatica.\u2026","rel":"","context":"Similar post","block_context":{"text":"Similar post","link":""},"img":{"alt_text":"PSProst - Integratore alimentare con Serenoa","src":"https:\/\/i0.wp.com\/antheianatural.it\/wp-content\/uploads\/2024\/07\/Antheia-psprost-3.jpg?resize=350%2C200&ssl=1","width":350,"height":200,"srcset":"https:\/\/i0.wp.com\/antheianatural.it\/wp-content\/uploads\/2024\/07\/Antheia-psprost-3.jpg?resize=350%2C200&ssl=1 1x, https:\/\/i0.wp.com\/antheianatural.it\/wp-content\/uploads\/2024\/07\/Antheia-psprost-3.jpg?resize=525%2C300&ssl=1 1.5x, https:\/\/i0.wp.com\/antheianatural.it\/wp-content\/uploads\/2024\/07\/Antheia-psprost-3.jpg?resize=700%2C400&ssl=1 2x, https:\/\/i0.wp.com\/antheianatural.it\/wp-content\/uploads\/2024\/07\/Antheia-psprost-3.jpg?resize=1050%2C600&ssl=1 3x, https:\/\/i0.wp.com\/antheianatural.it\/wp-content\/uploads\/2024\/07\/Antheia-psprost-3.jpg?resize=1400%2C800&ssl=1 4x"},"classes":[]},{"id":7198,"url":"https:\/\/antheianatural.it\/en\/product\/vised\/","url_meta":{"origin":5518,"position":2},"title":"Vised","author":"antheia","date":"11\/05\/2022","format":false,"excerpt":"VISED: Integrazione Avanzata per il Benessere delle Ossa Vised \u00e8 l'integratore alimentare che combina l'efficacia del Selenio e della Vitamina D3, essenziali per il benessere del tuo organismo. Formulato per supportare il tuo corpo quotidianamente, VISED offre una serie di benefici chiave: Non aspettare ulteriormente per prenderti cura del tuo\u2026","rel":"","context":"Similar post","block_context":{"text":"Similar post","link":""},"img":{"alt_text":"","src":"https:\/\/i0.wp.com\/antheianatural.it\/wp-content\/uploads\/2022\/05\/image_LJ7-vised-2.jpeg?resize=350%2C200&ssl=1","width":350,"height":200,"srcset":"https:\/\/i0.wp.com\/antheianatural.it\/wp-content\/uploads\/2022\/05\/image_LJ7-vised-2.jpeg?resize=350%2C200&ssl=1 1x, https:\/\/i0.wp.com\/antheianatural.it\/wp-content\/uploads\/2022\/05\/image_LJ7-vised-2.jpeg?resize=525%2C300&ssl=1 1.5x, https:\/\/i0.wp.com\/antheianatural.it\/wp-content\/uploads\/2022\/05\/image_LJ7-vised-2.jpeg?resize=700%2C400&ssl=1 2x, https:\/\/i0.wp.com\/antheianatural.it\/wp-content\/uploads\/2022\/05\/image_LJ7-vised-2.jpeg?resize=1050%2C600&ssl=1 3x, https:\/\/i0.wp.com\/antheianatural.it\/wp-content\/uploads\/2022\/05\/image_LJ7-vised-2.jpeg?resize=1400%2C800&ssl=1 4x"},"classes":[]},{"id":7564,"url":"https:\/\/antheianatural.it\/en\/product\/rofer\/","url_meta":{"origin":5518,"position":3},"title":"Rofer","author":"antheia","date":"15\/01\/2023","format":false,"excerpt":"Rofeer \u00e8 un integratore alimentare formulato con un mix potente di estratti vegetali, amminoacidi, vitamine e minerali, progettato per sostenere chi affronta periodi di stanchezza fisica e mentale e per coloro che necessitano di un supplemento nutritivo nella loro dieta. Offrendo una soluzione completa per il benessere quotidiano, Rofeer aiuta\u2026","rel":"","context":"Similar post","block_context":{"text":"Similar post","link":""},"img":{"alt_text":"","src":"https:\/\/i0.wp.com\/antheianatural.it\/wp-content\/uploads\/2023\/01\/antheia-foto-prodotto-rofer-sc10.jpg?resize=350%2C200&ssl=1","width":350,"height":200,"srcset":"https:\/\/i0.wp.com\/antheianatural.it\/wp-content\/uploads\/2023\/01\/antheia-foto-prodotto-rofer-sc10.jpg?resize=350%2C200&ssl=1 1x, https:\/\/i0.wp.com\/antheianatural.it\/wp-content\/uploads\/2023\/01\/antheia-foto-prodotto-rofer-sc10.jpg?resize=525%2C300&ssl=1 1.5x, https:\/\/i0.wp.com\/antheianatural.it\/wp-content\/uploads\/2023\/01\/antheia-foto-prodotto-rofer-sc10.jpg?resize=700%2C400&ssl=1 2x, https:\/\/i0.wp.com\/antheianatural.it\/wp-content\/uploads\/2023\/01\/antheia-foto-prodotto-rofer-sc10.jpg?resize=1050%2C600&ssl=1 3x, https:\/\/i0.wp.com\/antheianatural.it\/wp-content\/uploads\/2023\/01\/antheia-foto-prodotto-rofer-sc10.jpg?resize=1400%2C800&ssl=1 4x"},"classes":[]},{"id":8706,"url":"https:\/\/antheianatural.it\/en\/product\/vitreo-trofina\/","url_meta":{"origin":5518,"position":4},"title":"Vitreo Trofina","author":"antheia","date":"18\/06\/2025","format":false,"excerpt":"Equilibrio Minerale e Supporto al Sistema Nervoso VitreoTrofina \u00e8 un integratore alimentare in bustine, formulato con una combinazione sinergica di Magnesio, Potassio, Vitamina C e Bromelina gastroresistente, ideale per sostenere l\u2019equilibrio elettrolitico e il corretto funzionamento del sistema nervoso. Adatto a chi vive periodi di stanchezza, stress o necessita di\u2026","rel":"","context":"Similar post","block_context":{"text":"Similar post","link":""},"img":{"alt_text":"VitreoTrofina Integratore con magnesio, potassio, vitamina C e bromelina per un benessere nervoso e pressione equilibrata. 24 bustine.","src":"https:\/\/i0.wp.com\/antheianatural.it\/wp-content\/uploads\/2025\/06\/antheia-vitreo-trofina-2.jpg?resize=350%2C200&ssl=1","width":350,"height":200,"srcset":"https:\/\/i0.wp.com\/antheianatural.it\/wp-content\/uploads\/2025\/06\/antheia-vitreo-trofina-2.jpg?resize=350%2C200&ssl=1 1x, https:\/\/i0.wp.com\/antheianatural.it\/wp-content\/uploads\/2025\/06\/antheia-vitreo-trofina-2.jpg?resize=525%2C300&ssl=1 1.5x, https:\/\/i0.wp.com\/antheianatural.it\/wp-content\/uploads\/2025\/06\/antheia-vitreo-trofina-2.jpg?resize=700%2C400&ssl=1 2x, https:\/\/i0.wp.com\/antheianatural.it\/wp-content\/uploads\/2025\/06\/antheia-vitreo-trofina-2.jpg?resize=1050%2C600&ssl=1 3x, https:\/\/i0.wp.com\/antheianatural.it\/wp-content\/uploads\/2025\/06\/antheia-vitreo-trofina-2.jpg?resize=1400%2C800&ssl=1 4x"},"classes":[]},{"id":8263,"url":"https:\/\/antheianatural.it\/en\/product\/novid\/","url_meta":{"origin":5518,"position":5},"title":"NoviD","author":"antheia","date":"06\/04\/2024","format":false,"excerpt":"Il Tuo Scudo Protettivo Quotidiano NoviD \u00e8 un integratore alimentare formulato per fornire un supporto essenziale al tuo sistema immunitario. Con una combinazione precisa di Vitamina D3, Selenio e Zinco, NoviD \u00e8 progettato per offrirti una protezione quotidiana, contribuendo al tuo benessere generale. I principali benefici includono: 10% di sconto\u2026","rel":"","context":"Similar post","block_context":{"text":"Similar post","link":""},"img":{"alt_text":"","src":"https:\/\/i0.wp.com\/antheianatural.it\/wp-content\/uploads\/2024\/04\/antheia-foto-prodotto-noviD-1-1.jpg?resize=350%2C200&ssl=1","width":350,"height":200,"srcset":"https:\/\/i0.wp.com\/antheianatural.it\/wp-content\/uploads\/2024\/04\/antheia-foto-prodotto-noviD-1-1.jpg?resize=350%2C200&ssl=1 1x, https:\/\/i0.wp.com\/antheianatural.it\/wp-content\/uploads\/2024\/04\/antheia-foto-prodotto-noviD-1-1.jpg?resize=525%2C300&ssl=1 1.5x, https:\/\/i0.wp.com\/antheianatural.it\/wp-content\/uploads\/2024\/04\/antheia-foto-prodotto-noviD-1-1.jpg?resize=700%2C400&ssl=1 2x, https:\/\/i0.wp.com\/antheianatural.it\/wp-content\/uploads\/2024\/04\/antheia-foto-prodotto-noviD-1-1.jpg?resize=1050%2C600&ssl=1 3x, https:\/\/i0.wp.com\/antheianatural.it\/wp-content\/uploads\/2024\/04\/antheia-foto-prodotto-noviD-1-1.jpg?resize=1400%2C800&ssl=1 4x"},"classes":[]}],"jetpack_sharing_enabled":true,"_links":{"self":[{"href":"https:\/\/antheianatural.it\/en\/wp-json\/wp\/v2\/product\/5518","targetHints":{"allow":["GET"]}}],"collection":[{"href":"https:\/\/antheianatural.it\/en\/wp-json\/wp\/v2\/product"}],"about":[{"href":"https:\/\/antheianatural.it\/en\/wp-json\/wp\/v2\/types\/product"}],"replies":[{"embeddable":true,"href":"https:\/\/antheianatural.it\/en\/wp-json\/wp\/v2\/comments?post=5518"}],"version-history":[{"count":9,"href":"https:\/\/antheianatural.it\/en\/wp-json\/wp\/v2\/product\/5518\/revisions"}],"predecessor-version":[{"id":8129,"href":"https:\/\/antheianatural.it\/en\/wp-json\/wp\/v2\/product\/5518\/revisions\/8129"}],"wp:featuredmedia":[{"embeddable":true,"href":"https:\/\/antheianatural.it\/en\/wp-json\/wp\/v2\/media\/8081"}],"wp:attachment":[{"href":"https:\/\/antheianatural.it\/en\/wp-json\/wp\/v2\/media?parent=5518"}],"wp:term":[{"taxonomy":"product_brand","embeddable":true,"href":"https:\/\/antheianatural.it\/en\/wp-json\/wp\/v2\/product_brand?post=5518"},{"taxonomy":"product_cat","embeddable":true,"href":"https:\/\/antheianatural.it\/en\/wp-json\/wp\/v2\/product_cat?post=5518"},{"taxonomy":"product_tag","embeddable":true,"href":"https:\/\/antheianatural.it\/en\/wp-json\/wp\/v2\/product_tag?post=5518"}],"curies":[{"name":"wp","href":"https:\/\/api.w.org\/{rel}","templated":true}]}}