{"id":7198,"date":"2022-05-11T14:53:46","date_gmt":"2022-05-11T14:53:46","guid":{"rendered":"https:\/\/antheianatural.it\/?post_type=product&#038;p=7198"},"modified":"2026-04-30T17:59:03","modified_gmt":"2026-04-30T17:59:03","slug":"vised","status":"publish","type":"product","link":"https:\/\/antheianatural.it\/en\/product\/vised\/","title":{"rendered":"Vised"},"content":{"rendered":"<p><b>Vised <\/b>is a dietary supplement with Selenium (it contributes to the protection of cells from oxidative stress) and Vitamin D and D3 (they both contribute to the maintenance of normal bones)<\/p>\n<p><strong>Summary sheet:<\/strong><\/p>\n<ul>\n<li><strong>Product name:<\/strong> VISED 20 capsules;<\/li>\n<li><strong>Manufacturer:<\/strong> Antheia Srl<\/li>\n<li><strong>Category:<\/strong> Dietary supplements and special foods<\/li>\n<li><strong>Type:<\/strong> Over-the-counter (OTC) medication for human use<\/li>\n<li><strong>Pharmaceutical form:<\/strong> Capsule<\/li>\n<li>This product has no <a title=\"Aifa notes\" href=\"https:\/\/www.aifa.gov.it\/web\/guest\/note-aifa\" target=\"_blank\" rel=\"noopener\">Aifa notes.<\/a><\/li>\n<\/ul>\n<p><strong>INDICAZIONI DI UTILIZZO:<\/strong><\/p>\n\t \n\t\t<div  class=\"bullet-list style-1  check\">\n\t\t\n<ul>\n<li>Ideale per chi cerca un supporto al mantenimento delle ossa normali e alla protezione delle cellule.<\/li>\n<\/ul>\n\n\t\t<\/div>\n\t\n<p><strong>INGREDIENTI:<\/strong><\/p>\n<ul>\n<li>Maltodestrine<\/li>\n<li>Sorbitolo<\/li>\n<li>Selenio L-Metionina<\/li>\n<li>Vitamina D3 (Colecalciferolo)<\/li>\n<li>Magnesio stearato vegetale<\/li>\n<li>Capsula di gelatina<\/li>\n<\/ul>\n<p><strong>MODALIT\u00c0 D&#8217;USO:<\/strong> Si suggerisce di assumere 1 capsula al giorno, preferibilmente con un bicchiere d&#8217;acqua.<\/p>\n<p><strong>AVVERTENZE:<\/strong><\/p>\n<ul>\n<li>Do not exceed the recommended daily dose.<\/li>\n<li>Tenere fuori dalla portata dei bambini al di sotto dei 3 anni.<\/li>\n<li>Gli integratori alimentari non vanno intesi come sostituti di una dieta varia ed equilibrata e di un sano stile di vita.<\/li>\n<li>Consultare il medico in caso di gravidanza, allattamento o allergie.<\/li>\n<li>Conservare in luogo fresco ed asciutto, lontano da fonti di calore e dalla luce diretta.<\/li>\n<\/ul>","protected":false},"excerpt":{"rendered":"<h3><strong>VISED: Integrazione Avanzata per il Benessere delle Ossa<\/strong><\/h3>\n<p>Vised \u00e8 l&#8217;integratore alimentare che combina l&#8217;efficacia del Selenio e della Vitamina D3, essenziali per il benessere del tuo organismo. Formulato per supportare il tuo corpo quotidianamente, VISED offre una serie di benefici chiave:<\/p>\n<div  class=\"bullet-list style-1  check\">\n<ul>\n<li><strong>Protezione delle cellule:<\/strong> Grazie al Selenio, contribuisce efficacemente alla protezione delle cellule dallo stress ossidativo.<\/li>\n<li><strong>Mantenimento delle ossa:<\/strong> Le vitamine D e D3 sono fondamentali per il mantenimento di ossa normali, assicurando forza e stabilit\u00e0.<\/li>\n<li><strong>Supporto al sistema immunitario:<\/strong> Il Selenio aiuta il normale funzionamento del sistema immunitario, proteggendoti dalle aggressioni esterne.<\/li>\n<li><strong>Benefici per unghie e funzione tiroidea:<\/strong> Contribuisce al mantenimento di unghie normali e supporta la normale funzione tiroidea<\/li>\n<\/ul><\/div>\n<p>Non aspettare ulteriormente per prenderti cura del tuo benessere. <strong>Acquista VISED oggi stesso<\/strong> e inizia il tuo percorso verso un corpo pi\u00f9 sano e protetto!<\/p>\n<blockquote>\n<h4>Spese di spedizione gratuite per chi acquista 3 o pi\u00f9 confezioni.<\/h4>\n<\/blockquote>","protected":false},"featured_media":8083,"comment_status":"open","ping_status":"closed","template":"","meta":{"_monsterinsights_skip_tracking":false,"_monsterinsights_sitenote_active":false,"_monsterinsights_sitenote_note":"","_monsterinsights_sitenote_category":0},"product_brand":[],"product_cat":[57],"product_tag":[67,69,68],"class_list":{"0":"post-7198","1":"product","2":"type-product","3":"status-publish","4":"has-post-thumbnail","6":"product_cat-integratore-alimentare","7":"product_tag-selenio","8":"product_tag-vitamina-d","9":"product_tag-vitamina-d3","11":"first","12":"instock","13":"taxable","14":"shipping-taxable","15":"purchasable","16":"product-type-simple"},"yoast_head":"<!-- This site is optimized with the Yoast SEO plugin v27.5 - https:\/\/yoast.com\/product\/yoast-seo-wordpress\/ -->\n<title>Vised - Antheia Natural - Integratori alimentari<\/title>\n<meta name=\"description\" content=\"Scopri VISED, l&#039;integratore alimentare con Selenio e Vitamina D per il mantenimento di ossa normali e la protezione delle cellule dallo stress ossidativo. Ideale per la tua salute quotidiana.\" \/>\n<meta name=\"robots\" content=\"index, follow, max-snippet:-1, max-image-preview:large, max-video-preview:-1\" \/>\n<link rel=\"canonical\" href=\"https:\/\/antheianatural.it\/en\/product\/vised\/\" \/>\n<meta property=\"og:locale\" content=\"en_GB\" \/>\n<meta property=\"og:type\" content=\"article\" \/>\n<meta property=\"og:title\" content=\"Vised - Antheia Natural - Integratori alimentari\" \/>\n<meta property=\"og:description\" content=\"Scopri VISED, l&#039;integratore alimentare con Selenio e Vitamina D per il mantenimento di ossa normali e la protezione delle cellule dallo stress ossidativo. Ideale per la tua salute quotidiana.\" \/>\n<meta property=\"og:url\" content=\"https:\/\/antheianatural.it\/en\/product\/vised\/\" \/>\n<meta property=\"og:site_name\" content=\"Antheia Natural - Integratori alimentari\" \/>\n<meta property=\"article:publisher\" content=\"https:\/\/www.facebook.com\/profile.php?id=100087233113728\" \/>\n<meta property=\"article:modified_time\" content=\"2026-04-30T17:59:03+00:00\" \/>\n<meta property=\"og:image\" content=\"https:\/\/antheianatural.it\/wp-content\/uploads\/2022\/05\/image_LJ7-vised-2.jpeg\" \/>\n\t<meta property=\"og:image:width\" content=\"2048\" \/>\n\t<meta property=\"og:image:height\" content=\"2048\" \/>\n\t<meta property=\"og:image:type\" content=\"image\/jpeg\" \/>\n<meta name=\"twitter:card\" content=\"summary_large_image\" \/>\n<meta name=\"twitter:label1\" content=\"Estimated reading time\" \/>\n\t<meta name=\"twitter:data1\" content=\"2 minutes\" \/>\n<script type=\"application\/ld+json\" class=\"yoast-schema-graph\">{\"@context\":\"https:\\\/\\\/schema.org\",\"@graph\":[{\"@type\":\"WebPage\",\"@id\":\"https:\\\/\\\/antheianatural.it\\\/prodotto\\\/vised\\\/\",\"url\":\"https:\\\/\\\/antheianatural.it\\\/prodotto\\\/vised\\\/\",\"name\":\"Vised - Antheia Natural - Integratori alimentari\",\"isPartOf\":{\"@id\":\"https:\\\/\\\/antheianatural.it\\\/#website\"},\"primaryImageOfPage\":{\"@id\":\"https:\\\/\\\/antheianatural.it\\\/prodotto\\\/vised\\\/#primaryimage\"},\"image\":{\"@id\":\"https:\\\/\\\/antheianatural.it\\\/prodotto\\\/vised\\\/#primaryimage\"},\"thumbnailUrl\":\"https:\\\/\\\/antheianatural.it\\\/wp-content\\\/uploads\\\/2022\\\/05\\\/image_LJ7-vised-2.jpeg\",\"datePublished\":\"2022-05-11T14:53:46+00:00\",\"dateModified\":\"2026-04-30T17:59:03+00:00\",\"description\":\"Scopri VISED, l'integratore alimentare con Selenio e Vitamina D per il mantenimento di ossa normali e la protezione delle cellule dallo stress ossidativo. Ideale per la tua salute quotidiana.\",\"breadcrumb\":{\"@id\":\"https:\\\/\\\/antheianatural.it\\\/prodotto\\\/vised\\\/#breadcrumb\"},\"inLanguage\":\"en-GB\",\"potentialAction\":[{\"@type\":\"ReadAction\",\"target\":[\"https:\\\/\\\/antheianatural.it\\\/prodotto\\\/vised\\\/\"]}]},{\"@type\":\"ImageObject\",\"inLanguage\":\"en-GB\",\"@id\":\"https:\\\/\\\/antheianatural.it\\\/prodotto\\\/vised\\\/#primaryimage\",\"url\":\"https:\\\/\\\/antheianatural.it\\\/wp-content\\\/uploads\\\/2022\\\/05\\\/image_LJ7-vised-2.jpeg\",\"contentUrl\":\"https:\\\/\\\/antheianatural.it\\\/wp-content\\\/uploads\\\/2022\\\/05\\\/image_LJ7-vised-2.jpeg\",\"width\":2048,\"height\":2048},{\"@type\":\"BreadcrumbList\",\"@id\":\"https:\\\/\\\/antheianatural.it\\\/prodotto\\\/vised\\\/#breadcrumb\",\"itemListElement\":[{\"@type\":\"ListItem\",\"position\":1,\"name\":\"Home\",\"item\":\"https:\\\/\\\/antheianatural.it\\\/\"},{\"@type\":\"ListItem\",\"position\":2,\"name\":\"Acquista on-line\",\"item\":\"https:\\\/\\\/antheianatural.it\\\/shop\\\/\"},{\"@type\":\"ListItem\",\"position\":3,\"name\":\"Vised\"}]},{\"@type\":\"WebSite\",\"@id\":\"https:\\\/\\\/antheianatural.it\\\/#website\",\"url\":\"https:\\\/\\\/antheianatural.it\\\/\",\"name\":\"Antheia Natural - Integratori alimentari\",\"description\":\"Benessere autentico per il corpo e per la mente\",\"publisher\":{\"@id\":\"https:\\\/\\\/antheianatural.it\\\/#organization\"},\"potentialAction\":[{\"@type\":\"SearchAction\",\"target\":{\"@type\":\"EntryPoint\",\"urlTemplate\":\"https:\\\/\\\/antheianatural.it\\\/?s={search_term_string}\"},\"query-input\":{\"@type\":\"PropertyValueSpecification\",\"valueRequired\":true,\"valueName\":\"search_term_string\"}}],\"inLanguage\":\"en-GB\"},{\"@type\":\"Organization\",\"@id\":\"https:\\\/\\\/antheianatural.it\\\/#organization\",\"name\":\"Antheia Natural\",\"url\":\"https:\\\/\\\/antheianatural.it\\\/\",\"logo\":{\"@type\":\"ImageObject\",\"inLanguage\":\"en-GB\",\"@id\":\"https:\\\/\\\/antheianatural.it\\\/#\\\/schema\\\/logo\\\/image\\\/\",\"url\":\"https:\\\/\\\/antheianatural.it\\\/wp-content\\\/uploads\\\/2022\\\/05\\\/antheia-foto-slide-logo.png\",\"contentUrl\":\"https:\\\/\\\/antheianatural.it\\\/wp-content\\\/uploads\\\/2022\\\/05\\\/antheia-foto-slide-logo.png\",\"width\":817,\"height\":766,\"caption\":\"Antheia Natural\"},\"image\":{\"@id\":\"https:\\\/\\\/antheianatural.it\\\/#\\\/schema\\\/logo\\\/image\\\/\"},\"sameAs\":[\"https:\\\/\\\/www.facebook.com\\\/profile.php?id=100087233113728\"]}]}<\/script>\n<!-- \/ Yoast SEO plugin. -->","yoast_head_json":{"title":"Vised - Antheia Natural - Integratori alimentari","description":"Scopri VISED, l'integratore alimentare con Selenio e Vitamina D per il mantenimento di ossa normali e la protezione delle cellule dallo stress ossidativo. Ideale per la tua salute quotidiana.","robots":{"index":"index","follow":"follow","max-snippet":"max-snippet:-1","max-image-preview":"max-image-preview:large","max-video-preview":"max-video-preview:-1"},"canonical":"https:\/\/antheianatural.it\/en\/product\/vised\/","og_locale":"en_GB","og_type":"article","og_title":"Vised - Antheia Natural - Integratori alimentari","og_description":"Scopri VISED, l'integratore alimentare con Selenio e Vitamina D per il mantenimento di ossa normali e la protezione delle cellule dallo stress ossidativo. Ideale per la tua salute quotidiana.","og_url":"https:\/\/antheianatural.it\/en\/product\/vised\/","og_site_name":"Antheia Natural - Integratori alimentari","article_publisher":"https:\/\/www.facebook.com\/profile.php?id=100087233113728","article_modified_time":"2026-04-30T17:59:03+00:00","og_image":[{"width":2048,"height":2048,"url":"https:\/\/antheianatural.it\/wp-content\/uploads\/2022\/05\/image_LJ7-vised-2.jpeg","type":"image\/jpeg"}],"twitter_card":"summary_large_image","twitter_misc":{"Estimated reading time":"2 minutes"},"schema":{"@context":"https:\/\/schema.org","@graph":[{"@type":"WebPage","@id":"https:\/\/antheianatural.it\/prodotto\/vised\/","url":"https:\/\/antheianatural.it\/prodotto\/vised\/","name":"Vised - Antheia Natural - Integratori alimentari","isPartOf":{"@id":"https:\/\/antheianatural.it\/#website"},"primaryImageOfPage":{"@id":"https:\/\/antheianatural.it\/prodotto\/vised\/#primaryimage"},"image":{"@id":"https:\/\/antheianatural.it\/prodotto\/vised\/#primaryimage"},"thumbnailUrl":"https:\/\/antheianatural.it\/wp-content\/uploads\/2022\/05\/image_LJ7-vised-2.jpeg","datePublished":"2022-05-11T14:53:46+00:00","dateModified":"2026-04-30T17:59:03+00:00","description":"Scopri VISED, l'integratore alimentare con Selenio e Vitamina D per il mantenimento di ossa normali e la protezione delle cellule dallo stress ossidativo. Ideale per la tua salute quotidiana.","breadcrumb":{"@id":"https:\/\/antheianatural.it\/prodotto\/vised\/#breadcrumb"},"inLanguage":"en-GB","potentialAction":[{"@type":"ReadAction","target":["https:\/\/antheianatural.it\/prodotto\/vised\/"]}]},{"@type":"ImageObject","inLanguage":"en-GB","@id":"https:\/\/antheianatural.it\/prodotto\/vised\/#primaryimage","url":"https:\/\/antheianatural.it\/wp-content\/uploads\/2022\/05\/image_LJ7-vised-2.jpeg","contentUrl":"https:\/\/antheianatural.it\/wp-content\/uploads\/2022\/05\/image_LJ7-vised-2.jpeg","width":2048,"height":2048},{"@type":"BreadcrumbList","@id":"https:\/\/antheianatural.it\/prodotto\/vised\/#breadcrumb","itemListElement":[{"@type":"ListItem","position":1,"name":"Home","item":"https:\/\/antheianatural.it\/"},{"@type":"ListItem","position":2,"name":"Acquista on-line","item":"https:\/\/antheianatural.it\/shop\/"},{"@type":"ListItem","position":3,"name":"Vised"}]},{"@type":"WebSite","@id":"https:\/\/antheianatural.it\/#website","url":"https:\/\/antheianatural.it\/","name":"Antheia Natural's dietary and pharmaceutical supplements","description":"Benessere autentico per il corpo e per la mente","publisher":{"@id":"https:\/\/antheianatural.it\/#organization"},"potentialAction":[{"@type":"SearchAction","target":{"@type":"EntryPoint","urlTemplate":"https:\/\/antheianatural.it\/?s={search_term_string}"},"query-input":{"@type":"PropertyValueSpecification","valueRequired":true,"valueName":"search_term_string"}}],"inLanguage":"en-GB"},{"@type":"Organization","@id":"https:\/\/antheianatural.it\/#organization","name":"Antheia Natural","url":"https:\/\/antheianatural.it\/","logo":{"@type":"ImageObject","inLanguage":"en-GB","@id":"https:\/\/antheianatural.it\/#\/schema\/logo\/image\/","url":"https:\/\/antheianatural.it\/wp-content\/uploads\/2022\/05\/antheia-foto-slide-logo.png","contentUrl":"https:\/\/antheianatural.it\/wp-content\/uploads\/2022\/05\/antheia-foto-slide-logo.png","width":817,"height":766,"caption":"Antheia Natural"},"image":{"@id":"https:\/\/antheianatural.it\/#\/schema\/logo\/image\/"},"sameAs":["https:\/\/www.facebook.com\/profile.php?id=100087233113728"]}]}},"jetpack-related-posts":[{"id":8263,"url":"https:\/\/antheianatural.it\/en\/product\/novid\/","url_meta":{"origin":7198,"position":0},"title":"NoviD","author":"antheia","date":"06\/04\/2024","format":false,"excerpt":"Il Tuo Scudo Protettivo Quotidiano NoviD \u00e8 un integratore alimentare formulato per fornire un supporto essenziale al tuo sistema immunitario. Con una combinazione precisa di Vitamina D3, Selenio e Zinco, NoviD \u00e8 progettato per offrirti una protezione quotidiana, contribuendo al tuo benessere generale. I principali benefici includono: 10% di sconto\u2026","rel":"","context":"Similar post","block_context":{"text":"Similar post","link":""},"img":{"alt_text":"","src":"https:\/\/i0.wp.com\/antheianatural.it\/wp-content\/uploads\/2024\/04\/antheia-foto-prodotto-noviD-1-1.jpg?resize=350%2C200&ssl=1","width":350,"height":200,"srcset":"https:\/\/i0.wp.com\/antheianatural.it\/wp-content\/uploads\/2024\/04\/antheia-foto-prodotto-noviD-1-1.jpg?resize=350%2C200&ssl=1 1x, https:\/\/i0.wp.com\/antheianatural.it\/wp-content\/uploads\/2024\/04\/antheia-foto-prodotto-noviD-1-1.jpg?resize=525%2C300&ssl=1 1.5x, https:\/\/i0.wp.com\/antheianatural.it\/wp-content\/uploads\/2024\/04\/antheia-foto-prodotto-noviD-1-1.jpg?resize=700%2C400&ssl=1 2x, https:\/\/i0.wp.com\/antheianatural.it\/wp-content\/uploads\/2024\/04\/antheia-foto-prodotto-noviD-1-1.jpg?resize=1050%2C600&ssl=1 3x, https:\/\/i0.wp.com\/antheianatural.it\/wp-content\/uploads\/2024\/04\/antheia-foto-prodotto-noviD-1-1.jpg?resize=1400%2C800&ssl=1 4x"},"classes":[]},{"id":7564,"url":"https:\/\/antheianatural.it\/en\/product\/rofer\/","url_meta":{"origin":7198,"position":1},"title":"Rofer","author":"antheia","date":"15\/01\/2023","format":false,"excerpt":"Rofeer \u00e8 un integratore alimentare formulato con un mix potente di estratti vegetali, amminoacidi, vitamine e minerali, progettato per sostenere chi affronta periodi di stanchezza fisica e mentale e per coloro che necessitano di un supplemento nutritivo nella loro dieta. Offrendo una soluzione completa per il benessere quotidiano, Rofeer aiuta\u2026","rel":"","context":"Similar post","block_context":{"text":"Similar post","link":""},"img":{"alt_text":"","src":"https:\/\/i0.wp.com\/antheianatural.it\/wp-content\/uploads\/2023\/01\/antheia-foto-prodotto-rofer-sc10.jpg?resize=350%2C200&ssl=1","width":350,"height":200,"srcset":"https:\/\/i0.wp.com\/antheianatural.it\/wp-content\/uploads\/2023\/01\/antheia-foto-prodotto-rofer-sc10.jpg?resize=350%2C200&ssl=1 1x, https:\/\/i0.wp.com\/antheianatural.it\/wp-content\/uploads\/2023\/01\/antheia-foto-prodotto-rofer-sc10.jpg?resize=525%2C300&ssl=1 1.5x, https:\/\/i0.wp.com\/antheianatural.it\/wp-content\/uploads\/2023\/01\/antheia-foto-prodotto-rofer-sc10.jpg?resize=700%2C400&ssl=1 2x, https:\/\/i0.wp.com\/antheianatural.it\/wp-content\/uploads\/2023\/01\/antheia-foto-prodotto-rofer-sc10.jpg?resize=1050%2C600&ssl=1 3x, https:\/\/i0.wp.com\/antheianatural.it\/wp-content\/uploads\/2023\/01\/antheia-foto-prodotto-rofer-sc10.jpg?resize=1400%2C800&ssl=1 4x"},"classes":[]},{"id":7591,"url":"https:\/\/antheianatural.it\/en\/product\/maculsine-dha\/","url_meta":{"origin":7198,"position":2},"title":"Maculsine","author":"antheia","date":"18\/01\/2023","format":false,"excerpt":"Maculsine: Nutrienti Essenziali per Mente e Vista Maculsine \u00e8 l'integratore ideale per chi cerca di migliorare la propria salute cerebrale e visiva. Formulato con un mix esclusivo di nutrienti essenziali, offre diversi benefici: Spese di spedizione gratuite e sconto del 10% per chi acquista 3 o pi\u00f9 confezioni.","rel":"","context":"Similar post","block_context":{"text":"Similar post","link":""},"img":{"alt_text":"","src":"https:\/\/i0.wp.com\/antheianatural.it\/wp-content\/uploads\/2023\/01\/antheia-foto-prodotto-maculsine-sc10.jpg?resize=350%2C200&ssl=1","width":350,"height":200,"srcset":"https:\/\/i0.wp.com\/antheianatural.it\/wp-content\/uploads\/2023\/01\/antheia-foto-prodotto-maculsine-sc10.jpg?resize=350%2C200&ssl=1 1x, https:\/\/i0.wp.com\/antheianatural.it\/wp-content\/uploads\/2023\/01\/antheia-foto-prodotto-maculsine-sc10.jpg?resize=525%2C300&ssl=1 1.5x, https:\/\/i0.wp.com\/antheianatural.it\/wp-content\/uploads\/2023\/01\/antheia-foto-prodotto-maculsine-sc10.jpg?resize=700%2C400&ssl=1 2x, https:\/\/i0.wp.com\/antheianatural.it\/wp-content\/uploads\/2023\/01\/antheia-foto-prodotto-maculsine-sc10.jpg?resize=1050%2C600&ssl=1 3x, https:\/\/i0.wp.com\/antheianatural.it\/wp-content\/uploads\/2023\/01\/antheia-foto-prodotto-maculsine-sc10.jpg?resize=1400%2C800&ssl=1 4x"},"classes":[]},{"id":8706,"url":"https:\/\/antheianatural.it\/en\/product\/vitreo-trofina\/","url_meta":{"origin":7198,"position":3},"title":"Vitreo Trofina","author":"antheia","date":"18\/06\/2025","format":false,"excerpt":"Equilibrio Minerale e Supporto al Sistema Nervoso VitreoTrofina \u00e8 un integratore alimentare in bustine, formulato con una combinazione sinergica di Magnesio, Potassio, Vitamina C e Bromelina gastroresistente, ideale per sostenere l\u2019equilibrio elettrolitico e il corretto funzionamento del sistema nervoso. Adatto a chi vive periodi di stanchezza, stress o necessita di\u2026","rel":"","context":"Similar post","block_context":{"text":"Similar post","link":""},"img":{"alt_text":"VitreoTrofina Integratore con magnesio, potassio, vitamina C e bromelina per un benessere nervoso e pressione equilibrata. 24 bustine.","src":"https:\/\/i0.wp.com\/antheianatural.it\/wp-content\/uploads\/2025\/06\/antheia-vitreo-trofina-2.jpg?resize=350%2C200&ssl=1","width":350,"height":200,"srcset":"https:\/\/i0.wp.com\/antheianatural.it\/wp-content\/uploads\/2025\/06\/antheia-vitreo-trofina-2.jpg?resize=350%2C200&ssl=1 1x, https:\/\/i0.wp.com\/antheianatural.it\/wp-content\/uploads\/2025\/06\/antheia-vitreo-trofina-2.jpg?resize=525%2C300&ssl=1 1.5x, https:\/\/i0.wp.com\/antheianatural.it\/wp-content\/uploads\/2025\/06\/antheia-vitreo-trofina-2.jpg?resize=700%2C400&ssl=1 2x, https:\/\/i0.wp.com\/antheianatural.it\/wp-content\/uploads\/2025\/06\/antheia-vitreo-trofina-2.jpg?resize=1050%2C600&ssl=1 3x, https:\/\/i0.wp.com\/antheianatural.it\/wp-content\/uploads\/2025\/06\/antheia-vitreo-trofina-2.jpg?resize=1400%2C800&ssl=1 4x"},"classes":[]},{"id":7539,"url":"https:\/\/antheianatural.it\/en\/product\/ematofer-ferro-vitamina-c\/","url_meta":{"origin":7198,"position":4},"title":"Ematofer","author":"antheia","date":"12\/01\/2023","format":false,"excerpt":"EMATOFER: Integratore di Ferro e Vitamina C Ematofer \u00e8 pi\u00f9 di un semplice integratore. \u00c8 una formula studiata per coloro che cercano un rimedio efficace contro la stanchezza e desiderano migliorare l'assorbimento del ferro, essenziale per il benessere dell'organismo. La sua composizione unica, arricchita con Vitamina C, garantisce una serie\u2026","rel":"","context":"Similar post","block_context":{"text":"Similar post","link":""},"img":{"alt_text":"","src":"https:\/\/i0.wp.com\/antheianatural.it\/wp-content\/uploads\/2023\/01\/antheia-foto-prodotto-ematofer-sc10-1.jpg?resize=350%2C200&ssl=1","width":350,"height":200,"srcset":"https:\/\/i0.wp.com\/antheianatural.it\/wp-content\/uploads\/2023\/01\/antheia-foto-prodotto-ematofer-sc10-1.jpg?resize=350%2C200&ssl=1 1x, https:\/\/i0.wp.com\/antheianatural.it\/wp-content\/uploads\/2023\/01\/antheia-foto-prodotto-ematofer-sc10-1.jpg?resize=525%2C300&ssl=1 1.5x, https:\/\/i0.wp.com\/antheianatural.it\/wp-content\/uploads\/2023\/01\/antheia-foto-prodotto-ematofer-sc10-1.jpg?resize=700%2C400&ssl=1 2x, https:\/\/i0.wp.com\/antheianatural.it\/wp-content\/uploads\/2023\/01\/antheia-foto-prodotto-ematofer-sc10-1.jpg?resize=1050%2C600&ssl=1 3x, https:\/\/i0.wp.com\/antheianatural.it\/wp-content\/uploads\/2023\/01\/antheia-foto-prodotto-ematofer-sc10-1.jpg?resize=1400%2C800&ssl=1 4x"},"classes":[]},{"id":7576,"url":"https:\/\/antheianatural.it\/en\/product\/flogotyn-curcuma-meriva\/","url_meta":{"origin":7198,"position":5},"title":"Flogotyn","author":"antheia","date":"15\/01\/2023","format":false,"excerpt":"Flogotyn: Benessere e Vitalit\u00e0 con la Forza della Curcuma Meriva\u00ae Flogotyn \u00e8 un integratore alimentare formulato con Curcuma Meriva\u00ae, noto per le sue straordinarie propriet\u00e0 benefiche. Progettato per supportare coloro che necessitano di colmare le carenze nutrizionali o hanno un fabbisogno aumentato di questo prezioso nutriente, Flogotyn \u00e8 il compagno\u2026","rel":"","context":"Similar post","block_context":{"text":"Similar post","link":""},"img":{"alt_text":"Integratore alimentare a base di Curcuma Meriva\u00ae \u00e8 la soluzione ideale per chi cerca un aiuto naturale per colmare le carenze nutrizionali o l'aumentato fabbisogno di tale nutriente","src":"https:\/\/i0.wp.com\/antheianatural.it\/wp-content\/uploads\/2023\/01\/Antheia-flogotyn-1.offerta.jpg?resize=350%2C200&ssl=1","width":350,"height":200,"srcset":"https:\/\/i0.wp.com\/antheianatural.it\/wp-content\/uploads\/2023\/01\/Antheia-flogotyn-1.offerta.jpg?resize=350%2C200&ssl=1 1x, https:\/\/i0.wp.com\/antheianatural.it\/wp-content\/uploads\/2023\/01\/Antheia-flogotyn-1.offerta.jpg?resize=525%2C300&ssl=1 1.5x, https:\/\/i0.wp.com\/antheianatural.it\/wp-content\/uploads\/2023\/01\/Antheia-flogotyn-1.offerta.jpg?resize=700%2C400&ssl=1 2x, https:\/\/i0.wp.com\/antheianatural.it\/wp-content\/uploads\/2023\/01\/Antheia-flogotyn-1.offerta.jpg?resize=1050%2C600&ssl=1 3x, https:\/\/i0.wp.com\/antheianatural.it\/wp-content\/uploads\/2023\/01\/Antheia-flogotyn-1.offerta.jpg?resize=1400%2C800&ssl=1 4x"},"classes":[]}],"jetpack_sharing_enabled":true,"_links":{"self":[{"href":"https:\/\/antheianatural.it\/en\/wp-json\/wp\/v2\/product\/7198","targetHints":{"allow":["GET"]}}],"collection":[{"href":"https:\/\/antheianatural.it\/en\/wp-json\/wp\/v2\/product"}],"about":[{"href":"https:\/\/antheianatural.it\/en\/wp-json\/wp\/v2\/types\/product"}],"replies":[{"embeddable":true,"href":"https:\/\/antheianatural.it\/en\/wp-json\/wp\/v2\/comments?post=7198"}],"version-history":[{"count":4,"href":"https:\/\/antheianatural.it\/en\/wp-json\/wp\/v2\/product\/7198\/revisions"}],"predecessor-version":[{"id":7987,"href":"https:\/\/antheianatural.it\/en\/wp-json\/wp\/v2\/product\/7198\/revisions\/7987"}],"wp:featuredmedia":[{"embeddable":true,"href":"https:\/\/antheianatural.it\/en\/wp-json\/wp\/v2\/media\/8083"}],"wp:attachment":[{"href":"https:\/\/antheianatural.it\/en\/wp-json\/wp\/v2\/media?parent=7198"}],"wp:term":[{"taxonomy":"product_brand","embeddable":true,"href":"https:\/\/antheianatural.it\/en\/wp-json\/wp\/v2\/product_brand?post=7198"},{"taxonomy":"product_cat","embeddable":true,"href":"https:\/\/antheianatural.it\/en\/wp-json\/wp\/v2\/product_cat?post=7198"},{"taxonomy":"product_tag","embeddable":true,"href":"https:\/\/antheianatural.it\/en\/wp-json\/wp\/v2\/product_tag?post=7198"}],"curies":[{"name":"wp","href":"https:\/\/api.w.org\/{rel}","templated":true}]}}