{"id":8404,"date":"2024-07-27T17:23:15","date_gmt":"2024-07-27T17:23:15","guid":{"rendered":"https:\/\/antheianatural.it\/?post_type=product&#038;p=8404"},"modified":"2026-05-01T16:19:13","modified_gmt":"2026-05-01T16:19:13","slug":"psprost","status":"publish","type":"product","link":"https:\/\/antheianatural.it\/en\/product\/psprost\/","title":{"rendered":"PSProst"},"content":{"rendered":"<div data-elementor-type=\"wp-post\" data-elementor-id=\"8404\" class=\"elementor elementor-8404\">\n\t\t\t\t\t\t<section class=\"elementor-section elementor-top-section elementor-element elementor-element-5bea8997 elementor-section-boxed elementor-section-height-default elementor-section-height-default default-style\" data-id=\"5bea8997\" data-element_type=\"section\" data-e-type=\"section\" data-settings=\"{&quot;rt_color_sets&quot;:&quot;default-style&quot;}\">\n\t\t\t\t\t\t<div class=\"elementor-container elementor-column-gap-default\">\n\t\t\t\t\t<div class=\"elementor-column elementor-col-100 elementor-top-column elementor-element elementor-element-1d30d1f2\" data-id=\"1d30d1f2\" data-element_type=\"column\" data-e-type=\"column\">\n\t\t\t<div class=\"elementor-widget-wrap elementor-element-populated\">\n\t\t\t\t\t\t<div class=\"elementor-element elementor-element-4804b381 elementor-widget__width-initial elementor-widget elementor-widget-text-editor\" data-id=\"4804b381\" data-element_type=\"widget\" data-e-type=\"widget\" data-widget_type=\"text-editor.default\">\n\t\t\t\t<div class=\"elementor-widget-container\">\n\t\t\t\t\t\t\t\t\t<h3>Scheda Riassuntiva<\/h3><ul><li><strong>Denominazione:<\/strong> PSProst 30 compresse da 1000 mg<\/li><li><strong>Produttore:<\/strong> Antheia srl<\/li><li><strong>Categoria:<\/strong> Integratori di regime e alimenti speciali<\/li><li><strong>Tipo:<\/strong> Parafarmaco uso umano<\/li><li><strong>Forma:<\/strong> Compresse<\/li><\/ul><h3>Recommended Uses:<\/h3><p>PSProst \u00e8 particolarmente indicato per:<\/p><ul><li>Sostegno alla funzionalit\u00e0 prostatica<\/li><li>Riduzione dei sintomi urinari<\/li><li>Protezione antiossidante<\/li><\/ul><h3>Ingredients:<\/h3><ul><li><strong>Serenoa (Serenoa repens)<\/strong>: Estratto standardizzato<\/li><li><strong>Pigeo africano (Prunus africana)<\/strong>: Estratto di corteccia<\/li><li><strong>Additivi<\/strong>: Cellulosa Microcristallina, Sorbitolo, Idrossipropilcellulosa, Biossido di Silicio, Sali di Magnesio degli Acidi Grassi<\/li><\/ul><h3>Modalit\u00e0 d&#8217;Uso<\/h3><p>Assumere 1 compressa al giorno, preferibilmente con un pasto per facilitare l&#8217;assorbimento degli ingredienti attivi.<\/p><h3>Warnings<\/h3><ul><li>Non superare la dose consigliata.<\/li><li>Tenere fuori dalla portata dei bambini sotto i 3 anni.<\/li><li>Non sostituisce una dieta varia ed equilibrata.<\/li><li>Consultare il medico in caso di gravidanza, allattamento o se si stanno assumendo altri farmaci.<\/li><\/ul>\t\t\t\t\t\t\t\t<\/div>\n\t\t\t\t<\/div>\n\t\t\t\t\t<\/div>\n\t\t<\/div>\n\t\t\t\t\t<\/div>\n\t\t<\/section>\n\t\t\t\t<\/div>","protected":false},"excerpt":{"rendered":"<div class=\"flex-1 overflow-hidden\">\n<div class=\"react-scroll-to-bottom--css-suidd-79elbk h-full\">\n<div class=\"react-scroll-to-bottom--css-suidd-1n7m0yu\">\n<div class=\"flex flex-col text-sm pb-9\">\n<div class=\"w-full text-token-text-primary\" data-testid=\"conversation-turn-83\">\n<div class=\"px-4 py-2 justify-center text-base md:gap-6 m-auto\">\n<div class=\"flex flex-1 text-base mx-auto gap-3 md:px-5 lg:px-1 xl:px-5 md:max-w-3xl lg:max-w-[40rem] xl:max-w-[48rem] group final-completion\">\n<div class=\"relative flex w-full flex-col agent-turn\">\n<div class=\"flex-col gap-1 md:gap-3\">\n<div class=\"flex flex-grow flex-col max-w-full\">\n<div class=\"min-h-[20px] text-message flex flex-col items-start gap-3 whitespace-pre-wrap break-words [.text-message+&amp;]:mt-5 overflow-x-auto\" data-message-author-role=\"assistant\" data-message-id=\"87922e50-d50a-4435-9a6d-637ea521e99a\">\n<div class=\"markdown prose w-full break-words dark:prose-invert light\">\n<h3>Salute Prostatica Naturale<\/h3>\n<\/div>\n<\/div>\n<\/div>\n<\/div>\n<\/div>\n<\/div>\n<\/div>\n<\/div>\n<\/div>\n<\/div>\n<\/div>\n<\/div>\n<p>Nel panorama degli integratori dedicati al benessere maschile, PSProst si distingue come una soluzione naturale e efficace per il supporto della salute prostatica e delle vie urinarie. Formulato con ingredienti accuratamente selezionati, PSProst \u00e8 progettato per uomini che cercano un approccio naturale alla gestione della salute prostatica.<\/p>\n<p>PSProst offre diversi benefici chiave per il sostegno alla salute maschile:<\/p>\n<div  class=\"bullet-list style-1  check\">\n<ul>\n<li><strong>Supporto alla Funzionalit\u00e0 Prostatica:<\/strong> La Serenoa aiuta a mantenere una normale funzione prostatica e urinaria.<\/li>\n<li><strong>Riduzione del Disagio Urinario:<\/strong> Contribuisce a ridurre i sintomi associati a problemi prostatici come il bisogno frequente di urinare.<\/li>\n<li><strong>Supporto Antiossidante:<\/strong> Il Pigeo Africano fornisce benefici antiossidanti, proteggendo le cellule dal danno ossidativo.<\/li>\n<li><strong>Contributo alla Salute Generale:<\/strong> Contiene ingredienti che supportano la salute complessiva dell&#8217;apparato urinario maschile.<\/li>\n<\/ul><\/div>\n<blockquote>\n<h4>Spese di spedizione gratuite e sconto del 10% per chi acquista 3 o pi\u00f9 confezioni.<\/h4>\n<\/blockquote>\n","protected":false},"featured_media":8420,"comment_status":"open","ping_status":"closed","template":"","meta":{"_monsterinsights_skip_tracking":false,"_monsterinsights_sitenote_active":false,"_monsterinsights_sitenote_note":"","_monsterinsights_sitenote_category":0},"product_brand":[],"product_cat":[57],"product_tag":[],"class_list":{"0":"post-8404","1":"product","2":"type-product","3":"status-publish","4":"has-post-thumbnail","6":"product_cat-integratore-alimentare","8":"first","9":"instock","10":"taxable","11":"shipping-taxable","12":"purchasable","13":"product-type-simple"},"yoast_head":"<!-- This site is optimized with the Yoast SEO plugin v27.5 - https:\/\/yoast.com\/product\/yoast-seo-wordpress\/ -->\n<title>PSProst - Supporto prostatico naturale<\/title>\n<meta name=\"description\" content=\"Scopri PSProst, l&#039;integratore naturale che favorisce la funzionalit\u00e0 prostatica e delle vie urinarie, ideale per la salute dell&#039;uomo\" \/>\n<meta name=\"robots\" content=\"index, follow, max-snippet:-1, max-image-preview:large, max-video-preview:-1\" \/>\n<link rel=\"canonical\" href=\"https:\/\/antheianatural.it\/en\/product\/psprost\/\" \/>\n<meta property=\"og:locale\" content=\"en_GB\" \/>\n<meta property=\"og:type\" content=\"article\" \/>\n<meta property=\"og:title\" content=\"PSProst - Supporto prostatico naturale\" \/>\n<meta property=\"og:description\" content=\"Scopri PSProst, l&#039;integratore naturale che favorisce la funzionalit\u00e0 prostatica e delle vie urinarie, ideale per la salute dell&#039;uomo\" \/>\n<meta property=\"og:url\" content=\"https:\/\/antheianatural.it\/en\/product\/psprost\/\" \/>\n<meta property=\"og:site_name\" content=\"Antheia Natural - Integratori alimentari\" \/>\n<meta property=\"article:publisher\" content=\"https:\/\/www.facebook.com\/profile.php?id=100087233113728\" \/>\n<meta property=\"article:modified_time\" content=\"2026-05-01T16:19:13+00:00\" \/>\n<meta property=\"og:image\" content=\"https:\/\/antheianatural.it\/wp-content\/uploads\/2024\/07\/Antheia-psprost-3.jpg\" \/>\n\t<meta property=\"og:image:width\" content=\"2000\" \/>\n\t<meta property=\"og:image:height\" content=\"2000\" \/>\n\t<meta property=\"og:image:type\" content=\"image\/jpeg\" \/>\n<meta name=\"twitter:card\" content=\"summary_large_image\" \/>\n<meta name=\"twitter:label1\" content=\"Estimated reading time\" \/>\n\t<meta name=\"twitter:data1\" content=\"1 minute\" \/>\n<script type=\"application\/ld+json\" class=\"yoast-schema-graph\">{\"@context\":\"https:\\\/\\\/schema.org\",\"@graph\":[{\"@type\":\"WebPage\",\"@id\":\"https:\\\/\\\/antheianatural.it\\\/prodotto\\\/psprost\\\/\",\"url\":\"https:\\\/\\\/antheianatural.it\\\/prodotto\\\/psprost\\\/\",\"name\":\"PSProst - Supporto prostatico naturale\",\"isPartOf\":{\"@id\":\"https:\\\/\\\/antheianatural.it\\\/#website\"},\"primaryImageOfPage\":{\"@id\":\"https:\\\/\\\/antheianatural.it\\\/prodotto\\\/psprost\\\/#primaryimage\"},\"image\":{\"@id\":\"https:\\\/\\\/antheianatural.it\\\/prodotto\\\/psprost\\\/#primaryimage\"},\"thumbnailUrl\":\"https:\\\/\\\/antheianatural.it\\\/wp-content\\\/uploads\\\/2024\\\/07\\\/Antheia-psprost-3.jpg\",\"datePublished\":\"2024-07-27T17:23:15+00:00\",\"dateModified\":\"2026-05-01T16:19:13+00:00\",\"description\":\"Scopri PSProst, l'integratore naturale che favorisce la funzionalit\u00e0 prostatica e delle vie urinarie, ideale per la salute dell'uomo\",\"breadcrumb\":{\"@id\":\"https:\\\/\\\/antheianatural.it\\\/prodotto\\\/psprost\\\/#breadcrumb\"},\"inLanguage\":\"en-GB\",\"potentialAction\":[{\"@type\":\"ReadAction\",\"target\":[\"https:\\\/\\\/antheianatural.it\\\/prodotto\\\/psprost\\\/\"]}]},{\"@type\":\"ImageObject\",\"inLanguage\":\"en-GB\",\"@id\":\"https:\\\/\\\/antheianatural.it\\\/prodotto\\\/psprost\\\/#primaryimage\",\"url\":\"https:\\\/\\\/antheianatural.it\\\/wp-content\\\/uploads\\\/2024\\\/07\\\/Antheia-psprost-3.jpg\",\"contentUrl\":\"https:\\\/\\\/antheianatural.it\\\/wp-content\\\/uploads\\\/2024\\\/07\\\/Antheia-psprost-3.jpg\",\"width\":2000,\"height\":2000,\"caption\":\"PSProst - Integratore alimentare con Serenoa\"},{\"@type\":\"BreadcrumbList\",\"@id\":\"https:\\\/\\\/antheianatural.it\\\/prodotto\\\/psprost\\\/#breadcrumb\",\"itemListElement\":[{\"@type\":\"ListItem\",\"position\":1,\"name\":\"Home\",\"item\":\"https:\\\/\\\/antheianatural.it\\\/\"},{\"@type\":\"ListItem\",\"position\":2,\"name\":\"Acquista on-line\",\"item\":\"https:\\\/\\\/antheianatural.it\\\/shop\\\/\"},{\"@type\":\"ListItem\",\"position\":3,\"name\":\"PSProst\"}]},{\"@type\":\"WebSite\",\"@id\":\"https:\\\/\\\/antheianatural.it\\\/#website\",\"url\":\"https:\\\/\\\/antheianatural.it\\\/\",\"name\":\"Antheia Natural - Integratori alimentari\",\"description\":\"Benessere autentico per il corpo e per la mente\",\"publisher\":{\"@id\":\"https:\\\/\\\/antheianatural.it\\\/#organization\"},\"potentialAction\":[{\"@type\":\"SearchAction\",\"target\":{\"@type\":\"EntryPoint\",\"urlTemplate\":\"https:\\\/\\\/antheianatural.it\\\/?s={search_term_string}\"},\"query-input\":{\"@type\":\"PropertyValueSpecification\",\"valueRequired\":true,\"valueName\":\"search_term_string\"}}],\"inLanguage\":\"en-GB\"},{\"@type\":\"Organization\",\"@id\":\"https:\\\/\\\/antheianatural.it\\\/#organization\",\"name\":\"Antheia Natural\",\"url\":\"https:\\\/\\\/antheianatural.it\\\/\",\"logo\":{\"@type\":\"ImageObject\",\"inLanguage\":\"en-GB\",\"@id\":\"https:\\\/\\\/antheianatural.it\\\/#\\\/schema\\\/logo\\\/image\\\/\",\"url\":\"https:\\\/\\\/antheianatural.it\\\/wp-content\\\/uploads\\\/2022\\\/05\\\/antheia-foto-slide-logo.png\",\"contentUrl\":\"https:\\\/\\\/antheianatural.it\\\/wp-content\\\/uploads\\\/2022\\\/05\\\/antheia-foto-slide-logo.png\",\"width\":817,\"height\":766,\"caption\":\"Antheia Natural\"},\"image\":{\"@id\":\"https:\\\/\\\/antheianatural.it\\\/#\\\/schema\\\/logo\\\/image\\\/\"},\"sameAs\":[\"https:\\\/\\\/www.facebook.com\\\/profile.php?id=100087233113728\"]}]}<\/script>\n<!-- \/ Yoast SEO plugin. -->","yoast_head_json":{"title":"PSProst - Supporto prostatico naturale","description":"Scopri PSProst, l'integratore naturale che favorisce la funzionalit\u00e0 prostatica e delle vie urinarie, ideale per la salute dell'uomo","robots":{"index":"index","follow":"follow","max-snippet":"max-snippet:-1","max-image-preview":"max-image-preview:large","max-video-preview":"max-video-preview:-1"},"canonical":"https:\/\/antheianatural.it\/en\/product\/psprost\/","og_locale":"en_GB","og_type":"article","og_title":"PSProst - Supporto prostatico naturale","og_description":"Scopri PSProst, l'integratore naturale che favorisce la funzionalit\u00e0 prostatica e delle vie urinarie, ideale per la salute dell'uomo","og_url":"https:\/\/antheianatural.it\/en\/product\/psprost\/","og_site_name":"Antheia Natural - Integratori alimentari","article_publisher":"https:\/\/www.facebook.com\/profile.php?id=100087233113728","article_modified_time":"2026-05-01T16:19:13+00:00","og_image":[{"width":2000,"height":2000,"url":"https:\/\/antheianatural.it\/wp-content\/uploads\/2024\/07\/Antheia-psprost-3.jpg","type":"image\/jpeg"}],"twitter_card":"summary_large_image","twitter_misc":{"Estimated reading time":"1 minute"},"schema":{"@context":"https:\/\/schema.org","@graph":[{"@type":"WebPage","@id":"https:\/\/antheianatural.it\/prodotto\/psprost\/","url":"https:\/\/antheianatural.it\/prodotto\/psprost\/","name":"PSProst - Supporto prostatico naturale","isPartOf":{"@id":"https:\/\/antheianatural.it\/#website"},"primaryImageOfPage":{"@id":"https:\/\/antheianatural.it\/prodotto\/psprost\/#primaryimage"},"image":{"@id":"https:\/\/antheianatural.it\/prodotto\/psprost\/#primaryimage"},"thumbnailUrl":"https:\/\/antheianatural.it\/wp-content\/uploads\/2024\/07\/Antheia-psprost-3.jpg","datePublished":"2024-07-27T17:23:15+00:00","dateModified":"2026-05-01T16:19:13+00:00","description":"Scopri PSProst, l'integratore naturale che favorisce la funzionalit\u00e0 prostatica e delle vie urinarie, ideale per la salute dell'uomo","breadcrumb":{"@id":"https:\/\/antheianatural.it\/prodotto\/psprost\/#breadcrumb"},"inLanguage":"en-GB","potentialAction":[{"@type":"ReadAction","target":["https:\/\/antheianatural.it\/prodotto\/psprost\/"]}]},{"@type":"ImageObject","inLanguage":"en-GB","@id":"https:\/\/antheianatural.it\/prodotto\/psprost\/#primaryimage","url":"https:\/\/antheianatural.it\/wp-content\/uploads\/2024\/07\/Antheia-psprost-3.jpg","contentUrl":"https:\/\/antheianatural.it\/wp-content\/uploads\/2024\/07\/Antheia-psprost-3.jpg","width":2000,"height":2000,"caption":"PSProst - Integratore alimentare con Serenoa"},{"@type":"BreadcrumbList","@id":"https:\/\/antheianatural.it\/prodotto\/psprost\/#breadcrumb","itemListElement":[{"@type":"ListItem","position":1,"name":"Home","item":"https:\/\/antheianatural.it\/"},{"@type":"ListItem","position":2,"name":"Acquista on-line","item":"https:\/\/antheianatural.it\/shop\/"},{"@type":"ListItem","position":3,"name":"PSProst"}]},{"@type":"WebSite","@id":"https:\/\/antheianatural.it\/#website","url":"https:\/\/antheianatural.it\/","name":"Antheia Natural's dietary and pharmaceutical supplements","description":"Benessere autentico per il corpo e per la mente","publisher":{"@id":"https:\/\/antheianatural.it\/#organization"},"potentialAction":[{"@type":"SearchAction","target":{"@type":"EntryPoint","urlTemplate":"https:\/\/antheianatural.it\/?s={search_term_string}"},"query-input":{"@type":"PropertyValueSpecification","valueRequired":true,"valueName":"search_term_string"}}],"inLanguage":"en-GB"},{"@type":"Organization","@id":"https:\/\/antheianatural.it\/#organization","name":"Antheia Natural","url":"https:\/\/antheianatural.it\/","logo":{"@type":"ImageObject","inLanguage":"en-GB","@id":"https:\/\/antheianatural.it\/#\/schema\/logo\/image\/","url":"https:\/\/antheianatural.it\/wp-content\/uploads\/2022\/05\/antheia-foto-slide-logo.png","contentUrl":"https:\/\/antheianatural.it\/wp-content\/uploads\/2022\/05\/antheia-foto-slide-logo.png","width":817,"height":766,"caption":"Antheia Natural"},"image":{"@id":"https:\/\/antheianatural.it\/#\/schema\/logo\/image\/"},"sameAs":["https:\/\/www.facebook.com\/profile.php?id=100087233113728"]}]}},"jetpack-related-posts":[{"id":8342,"url":"https:\/\/antheianatural.it\/en\/product\/serenix\/","url_meta":{"origin":8404,"position":0},"title":"Serenix","author":"antheia","date":"17\/06\/2024","format":false,"excerpt":"Dormi Bene, Vivi Meglio Serenix \u00e8 una soluzione naturale pensata per chi cerca un aiuto per migliorare la qualit\u00e0 del sonno e il benessere mentale. Formulato con un mix efficace di erbe calmanti e Melatonina, offre numerosi benefici: Spese di spedizione gratuite e sconto del 10% per chi acquista 3\u2026","rel":"","context":"Similar post","block_context":{"text":"Similar post","link":""},"img":{"alt_text":"","src":"https:\/\/i0.wp.com\/antheianatural.it\/wp-content\/uploads\/2024\/06\/Antheia-serenix-3.jpg?resize=350%2C200&ssl=1","width":350,"height":200,"srcset":"https:\/\/i0.wp.com\/antheianatural.it\/wp-content\/uploads\/2024\/06\/Antheia-serenix-3.jpg?resize=350%2C200&ssl=1 1x, https:\/\/i0.wp.com\/antheianatural.it\/wp-content\/uploads\/2024\/06\/Antheia-serenix-3.jpg?resize=525%2C300&ssl=1 1.5x, https:\/\/i0.wp.com\/antheianatural.it\/wp-content\/uploads\/2024\/06\/Antheia-serenix-3.jpg?resize=700%2C400&ssl=1 2x, https:\/\/i0.wp.com\/antheianatural.it\/wp-content\/uploads\/2024\/06\/Antheia-serenix-3.jpg?resize=1050%2C600&ssl=1 3x, https:\/\/i0.wp.com\/antheianatural.it\/wp-content\/uploads\/2024\/06\/Antheia-serenix-3.jpg?resize=1400%2C800&ssl=1 4x"},"classes":[]},{"id":5518,"url":"https:\/\/antheianatural.it\/en\/product\/deflacol\/","url_meta":{"origin":8404,"position":1},"title":"Deflacol","author":"antheia","date":"03\/03\/2018","format":false,"excerpt":"DEFLACOL: Un Alleato Naturale per la Tua Digestione Deflacol \u00e8 un integratore alimentare innovativo, formulato con una selezione accurata di estratti naturali e fibre. Creato per sostenere la funzionalit\u00e0 digestiva e promuovere una regolare motilit\u00e0 gastrointestinale, Deflacol \u00e8 il compagno ideale per chi cerca sollievo da nausea, gonfiore postprandiale, meteorismo,\u2026","rel":"","context":"Similar post","block_context":{"text":"Similar post","link":""},"img":{"alt_text":"","src":"https:\/\/i0.wp.com\/antheianatural.it\/wp-content\/uploads\/2022\/04\/image_mqi-deflacol-5-1.jpeg?resize=350%2C200&ssl=1","width":350,"height":200,"srcset":"https:\/\/i0.wp.com\/antheianatural.it\/wp-content\/uploads\/2022\/04\/image_mqi-deflacol-5-1.jpeg?resize=350%2C200&ssl=1 1x, https:\/\/i0.wp.com\/antheianatural.it\/wp-content\/uploads\/2022\/04\/image_mqi-deflacol-5-1.jpeg?resize=525%2C300&ssl=1 1.5x, https:\/\/i0.wp.com\/antheianatural.it\/wp-content\/uploads\/2022\/04\/image_mqi-deflacol-5-1.jpeg?resize=700%2C400&ssl=1 2x"},"classes":[]},{"id":7197,"url":"https:\/\/antheianatural.it\/en\/product\/giok\/","url_meta":{"origin":8404,"position":2},"title":"Giok","author":"antheia","date":"11\/05\/2022","format":false,"excerpt":"GIOK: Il Tuo Alleato Naturale Contro le Infiammazioni Giok \u00e8 un integratore alimentare a base di Bromellna e Curcuma Meriva\u00ae. Spese di spedizione gratuite per chi acquista 3 o pi\u00f9 confezioni.","rel":"","context":"Similar post","block_context":{"text":"Similar post","link":""},"img":{"alt_text":"","src":"https:\/\/i0.wp.com\/antheianatural.it\/wp-content\/uploads\/2022\/05\/image_GsS-giok-2.jpeg?resize=350%2C200&ssl=1","width":350,"height":200,"srcset":"https:\/\/i0.wp.com\/antheianatural.it\/wp-content\/uploads\/2022\/05\/image_GsS-giok-2.jpeg?resize=350%2C200&ssl=1 1x, https:\/\/i0.wp.com\/antheianatural.it\/wp-content\/uploads\/2022\/05\/image_GsS-giok-2.jpeg?resize=525%2C300&ssl=1 1.5x, https:\/\/i0.wp.com\/antheianatural.it\/wp-content\/uploads\/2022\/05\/image_GsS-giok-2.jpeg?resize=700%2C400&ssl=1 2x, https:\/\/i0.wp.com\/antheianatural.it\/wp-content\/uploads\/2022\/05\/image_GsS-giok-2.jpeg?resize=1050%2C600&ssl=1 3x, https:\/\/i0.wp.com\/antheianatural.it\/wp-content\/uploads\/2022\/05\/image_GsS-giok-2.jpeg?resize=1400%2C800&ssl=1 4x"},"classes":[]},{"id":8263,"url":"https:\/\/antheianatural.it\/en\/product\/novid\/","url_meta":{"origin":8404,"position":3},"title":"NoviD","author":"antheia","date":"06\/04\/2024","format":false,"excerpt":"Il Tuo Scudo Protettivo Quotidiano NoviD \u00e8 un integratore alimentare formulato per fornire un supporto essenziale al tuo sistema immunitario. Con una combinazione precisa di Vitamina D3, Selenio e Zinco, NoviD \u00e8 progettato per offrirti una protezione quotidiana, contribuendo al tuo benessere generale. I principali benefici includono: 10% di sconto\u2026","rel":"","context":"Similar post","block_context":{"text":"Similar post","link":""},"img":{"alt_text":"","src":"https:\/\/i0.wp.com\/antheianatural.it\/wp-content\/uploads\/2024\/04\/antheia-foto-prodotto-noviD-1-1.jpg?resize=350%2C200&ssl=1","width":350,"height":200,"srcset":"https:\/\/i0.wp.com\/antheianatural.it\/wp-content\/uploads\/2024\/04\/antheia-foto-prodotto-noviD-1-1.jpg?resize=350%2C200&ssl=1 1x, https:\/\/i0.wp.com\/antheianatural.it\/wp-content\/uploads\/2024\/04\/antheia-foto-prodotto-noviD-1-1.jpg?resize=525%2C300&ssl=1 1.5x, https:\/\/i0.wp.com\/antheianatural.it\/wp-content\/uploads\/2024\/04\/antheia-foto-prodotto-noviD-1-1.jpg?resize=700%2C400&ssl=1 2x, https:\/\/i0.wp.com\/antheianatural.it\/wp-content\/uploads\/2024\/04\/antheia-foto-prodotto-noviD-1-1.jpg?resize=1050%2C600&ssl=1 3x, https:\/\/i0.wp.com\/antheianatural.it\/wp-content\/uploads\/2024\/04\/antheia-foto-prodotto-noviD-1-1.jpg?resize=1400%2C800&ssl=1 4x"},"classes":[]},{"id":7752,"url":"https:\/\/antheianatural.it\/en\/product\/colesterol-down\/","url_meta":{"origin":8404,"position":4},"title":"Colesterol Down","author":"antheia","date":"10\/08\/2023","format":false,"excerpt":"Equilibrio Colesterolo: La Formula Naturale di Colesterol Down Colesterol Down \u00e8 l'integratore alimentare ideato per coloro che cercano una soluzione naturale per supportare la gestione del colesterolo. Con una formula specifica che include Bromelina e Lievito di Riso Rosso Fermentato, offre numerosi benefici: Spese di spedizione gratuite e sconto del\u2026","rel":"","context":"Similar post","block_context":{"text":"Similar post","link":""},"img":{"alt_text":"","src":"https:\/\/i0.wp.com\/antheianatural.it\/wp-content\/uploads\/2023\/08\/antheia-foto-prodotto-colesterol-down-2.jpg?resize=350%2C200&ssl=1","width":350,"height":200,"srcset":"https:\/\/i0.wp.com\/antheianatural.it\/wp-content\/uploads\/2023\/08\/antheia-foto-prodotto-colesterol-down-2.jpg?resize=350%2C200&ssl=1 1x, https:\/\/i0.wp.com\/antheianatural.it\/wp-content\/uploads\/2023\/08\/antheia-foto-prodotto-colesterol-down-2.jpg?resize=525%2C300&ssl=1 1.5x, https:\/\/i0.wp.com\/antheianatural.it\/wp-content\/uploads\/2023\/08\/antheia-foto-prodotto-colesterol-down-2.jpg?resize=700%2C400&ssl=1 2x, https:\/\/i0.wp.com\/antheianatural.it\/wp-content\/uploads\/2023\/08\/antheia-foto-prodotto-colesterol-down-2.jpg?resize=1050%2C600&ssl=1 3x, https:\/\/i0.wp.com\/antheianatural.it\/wp-content\/uploads\/2023\/08\/antheia-foto-prodotto-colesterol-down-2.jpg?resize=1400%2C800&ssl=1 4x"},"classes":[]},{"id":7591,"url":"https:\/\/antheianatural.it\/en\/product\/maculsine-dha\/","url_meta":{"origin":8404,"position":5},"title":"Maculsine","author":"antheia","date":"18\/01\/2023","format":false,"excerpt":"Maculsine: Nutrienti Essenziali per Mente e Vista Maculsine \u00e8 l'integratore ideale per chi cerca di migliorare la propria salute cerebrale e visiva. Formulato con un mix esclusivo di nutrienti essenziali, offre diversi benefici: Spese di spedizione gratuite e sconto del 10% per chi acquista 3 o pi\u00f9 confezioni.","rel":"","context":"Similar post","block_context":{"text":"Similar post","link":""},"img":{"alt_text":"","src":"https:\/\/i0.wp.com\/antheianatural.it\/wp-content\/uploads\/2023\/01\/antheia-foto-prodotto-maculsine-sc10.jpg?resize=350%2C200&ssl=1","width":350,"height":200,"srcset":"https:\/\/i0.wp.com\/antheianatural.it\/wp-content\/uploads\/2023\/01\/antheia-foto-prodotto-maculsine-sc10.jpg?resize=350%2C200&ssl=1 1x, https:\/\/i0.wp.com\/antheianatural.it\/wp-content\/uploads\/2023\/01\/antheia-foto-prodotto-maculsine-sc10.jpg?resize=525%2C300&ssl=1 1.5x, https:\/\/i0.wp.com\/antheianatural.it\/wp-content\/uploads\/2023\/01\/antheia-foto-prodotto-maculsine-sc10.jpg?resize=700%2C400&ssl=1 2x, https:\/\/i0.wp.com\/antheianatural.it\/wp-content\/uploads\/2023\/01\/antheia-foto-prodotto-maculsine-sc10.jpg?resize=1050%2C600&ssl=1 3x, https:\/\/i0.wp.com\/antheianatural.it\/wp-content\/uploads\/2023\/01\/antheia-foto-prodotto-maculsine-sc10.jpg?resize=1400%2C800&ssl=1 4x"},"classes":[]}],"jetpack_sharing_enabled":true,"_links":{"self":[{"href":"https:\/\/antheianatural.it\/en\/wp-json\/wp\/v2\/product\/8404","targetHints":{"allow":["GET"]}}],"collection":[{"href":"https:\/\/antheianatural.it\/en\/wp-json\/wp\/v2\/product"}],"about":[{"href":"https:\/\/antheianatural.it\/en\/wp-json\/wp\/v2\/types\/product"}],"replies":[{"embeddable":true,"href":"https:\/\/antheianatural.it\/en\/wp-json\/wp\/v2\/comments?post=8404"}],"version-history":[{"count":5,"href":"https:\/\/antheianatural.it\/en\/wp-json\/wp\/v2\/product\/8404\/revisions"}],"predecessor-version":[{"id":8422,"href":"https:\/\/antheianatural.it\/en\/wp-json\/wp\/v2\/product\/8404\/revisions\/8422"}],"wp:featuredmedia":[{"embeddable":true,"href":"https:\/\/antheianatural.it\/en\/wp-json\/wp\/v2\/media\/8420"}],"wp:attachment":[{"href":"https:\/\/antheianatural.it\/en\/wp-json\/wp\/v2\/media?parent=8404"}],"wp:term":[{"taxonomy":"product_brand","embeddable":true,"href":"https:\/\/antheianatural.it\/en\/wp-json\/wp\/v2\/product_brand?post=8404"},{"taxonomy":"product_cat","embeddable":true,"href":"https:\/\/antheianatural.it\/en\/wp-json\/wp\/v2\/product_cat?post=8404"},{"taxonomy":"product_tag","embeddable":true,"href":"https:\/\/antheianatural.it\/en\/wp-json\/wp\/v2\/product_tag?post=8404"}],"curies":[{"name":"wp","href":"https:\/\/api.w.org\/{rel}","templated":true}]}}