{"id":7266,"date":"2022-05-21T13:48:31","date_gmt":"2022-05-21T13:48:31","guid":{"rendered":"https:\/\/antheianatural.it\/?page_id=7266"},"modified":"2022-06-15T14:26:31","modified_gmt":"2022-06-15T14:26:31","slug":"newsletter-policy","status":"publish","type":"page","link":"https:\/\/antheianatural.it\/it\/newsletter-policy\/","title":{"rendered":"Newsletter policy"},"content":{"rendered":"\n<p>Informativa relativa al trattamento dei dati personali (art. 13 del regolamento UE 2016\/679 &#8220;GDPR&#8221;) &#8211; Newsletter<\/p>\n\n\n\n<h2 class=\"wp-block-heading\">Titolare del trattamento e responsabile per la protezione dati (DPO)<\/h2>\n\n\n\n<p><strong class=\"privacy-policy-tutorial\">Antheia srl: <\/strong> Via XXIV Maggio, 86 &#8211; 86170 ISERNIA &#8211; <a href=\"mailto:info@antheianatural.it\">info@antheianatural.it<\/a><\/p>\n\n\n\n<h2 class=\"wp-block-heading\">Definizione di &#8220;Dati&#8221;<\/h2>\n\n\n\n<p>Per &#8220;Dati&#8221; si intendono dati comuni relativi a persone fisiche trattati quali indirizzo di posta elettronica.<\/p>\n\n\n\n<h2 class=\"wp-block-heading\">Finalit\u00e0 del trattamento<\/h2>\n\n\n\n<p>Invio di newsletter e comunicazioni di marketing attraverso i canali aziendali ivi compresi e-mail e piattaforme social.<\/p>\n\n\n\n<h2 class=\"wp-block-heading\">Base giuridica del trattamento<\/h2>\n\n\n\n<p>Consenso facoltativo e revocabile in qualsiasi momento.<\/p>\n\n\n\n<h2 class=\"wp-block-heading\">Periodo di conservazione dei Dati<\/h2>\n\n\n\n<p>Il dato raccolto sar\u00e0 conservato fino quando lei non chieda di cancellarsi dal servizio di newsletter.<\/p>\n\n\n\n<p>Decorsi i termini di conservazione sopra indicati, i Dati saranno distrutti, cancellati o resi anonimi, compatibilmente con le procedure tecniche di cancellazione e backup.<\/p>\n\n\n\n<p>Tutti i suoi dati personali saranno conservati nelle nostre banche dati e saranno protetti secondo le modalit\u00e0 previste dalla normativa vigente e dai provvedimenti del Garante per la protezione dei dati personali e saranno trattati su supporti cartacei, e\/o per mezzo di strumenti informatici e telematici, nel rispetto delle garanzie di riservatezza e delle misure adeguate di sicurezza secondo le indicazioni della Sezione 2 art. 32-33-34 del Regolamento (Ue) 2016\/679 del Parlamento Europeo e del Consiglio del 27 Aprile 2016.<\/p>\n\n\n\n<h2 class=\"wp-block-heading\">Conferimento dei Dati<\/h2>\n\n\n\n<p>La informiamo che il consenso costituisce la base di legittimit\u00e0 dei trattamenti di cui sopra, ai sensi dell&#8217;art. 6.1 lett. a) del Regolamento. <br>La informiamo che il conferimento dell&#8217;indirizzo e-mail per la suddetta finalit\u00e0 \u00e8 facoltativo; <br>l&#8217;eventuale rifiuto di fornirlo comporta l&#8217;impossibilit\u00e0 di inviarle la Newsletter e le iniziative di marketing. Inoltre, per adempiere ad obblighi di legge, regolamenti e normativa comunitaria, far valere o difendere diritti in giudizio, perseguire legittimi interessi ed in tutti i casi previsti dagli art. 6 e 9 del Regolamento, ove applicabili, i dati potrebbero essere trattati anche senza previo consenso.<\/p>\n\n\n\n<h2 class=\"wp-block-heading\">Cancellazione dal servizio<\/h2>\n\n\n\n<p>Per non ricevere pi\u00f9 la newsletter, \u00e8 possibile cliccare sull&#8217;apposito link contenuto in ciascuna e mail oppure scrivere a  <a href=\"mailto:info@antheianatural.it\">info@antheianatural.it<\/a>. <\/p>\n\n\n\n<h2 class=\"wp-block-heading\">Destinatari dei Dati<\/h2>\n\n\n\n<p>I dati potranno essere trattati, per conto del titolare, da societ\u00e0 terze e consulenti che forniscono a <strong class=\"privacy-policy-tutorial\">Antheia srl:<\/strong> servizi connessi e\/o strumentali alle attivit\u00e0 indicate nell&#8217;informativa, quali, a titolo esemplificativo e non esaustivo, societ\u00e0 che svolgono il servizio di gestione e\/o manutenzione del sito internet e societ\u00e0 di servizi di marketing.<\/p>\n\n\n\n<p>I dati potranno essere comunicati a soggetti operanti in qualit\u00e0 di titolari (quali, a titolo esemplificativo, autorit\u00e0 di vigilanza e controllo ed ogni soggetto pubblico legittimato a richiedere i dati).<\/p>\n\n\n\n<p>Soggetti autorizzati al tratta<\/p>\n\n\n\n<h2 class=\"wp-block-heading\">Soggetti autorizzati al trattamento dei Dati<\/h2>\n\n\n\n<p>I dati potranno essere trattati dai dipendenti delle funzioni aziendali deputate al perseguimento delle finalit\u00e0 sopra indicate, che sono stati espressamente autorizzati al trattamento e che hanno ricevuto adeguate istruzioni operative.<\/p>\n\n\n\n<h2 class=\"wp-block-heading\">Trasferimento dei dati personali in paesi non appartenenti all&#8217;unione europea<\/h2>\n\n\n\n<p>I dati potranno essere trasferiti all&#8217;estero in paesi extra-europei, ed in particolare in Svizzera, il cui livello di protezione dei dati \u00e8 stato ritenuto adeguato dalla Commissione Europea ai sensi dell&#8217;art. 45 del GDPR&#8221;.<\/p>\n\n\n\n<h2 class=\"wp-block-heading\">Diritti dell&#8217;interessato e reclamo all&#8217;autorit\u00e0 di controllo<\/h2>\n\n\n\n<p>Contattando il titolare via e-mail all&#8217;indirizzo <a href=\"mailto:info@antheianatural.it\">info@antheianatural.it<\/a>, gli interessati possono chiedere l&#8217;accesso ai Dati che li riguardano, la loro rettifica, l&#8217;integrazione o la loro cancellazione, la rettifica dei dati inesatti, l&#8217;integrazione dei dati incompleti, la limitazione del trattamento nei casi previsti dall&#8217;art. 18 GDPR.<\/p>\n\n\n\n<p>Gli interessati, inoltre, nel caso in cui il trattamento sia basato sul consenso o sul contratto e sia effettuato con strumenti automatizzati hanno il diritto di ricevere in un formato strutturato, di uso comune e leggibile da dispositivo automatico i dati, nonch\u00e9, se tecnicamente fattibile, di trasmetterli ad altro titolare senza impedimenti.<\/p>\n\n\n\n<p>Gli interessati hanno il diritto di revocare il consenso prestato in qualsiasi momento, nonch\u00e9 di opporsi al trattamento effettuato per perseguire il legittimo interesse del titolare.<\/p>\n\n\n\n<p>Gli Interessati hanno il diritto di opporsi al trattamento nelle ipotesi di legittimo interesse del titolare per motivi connessi alla situazione particolare.<\/p>\n\n\n\n<p>Gli interessati hanno il diritto di proporre reclamo all&#8217;Autorit\u00e0 di controllo competente nello Stato membro in cui risiedono abitualmente o lavorano o dello Stato in cui si \u00e8 verificata la presunta violazione.<\/p>\n","protected":false},"excerpt":{"rendered":"<p>Informativa relativa al trattamento dei dati personali (art. 13 del regolamento UE 2016\/679 &#8220;GDPR&#8221;) &#8211; Newsletter Titolare del trattamento e responsabile per la protezione dati (DPO) Antheia srl: Via XXIV Maggio, 86 &#8211; 86170 ISERNIA &#8211; info@antheianatural.it Definizione di &#8220;Dati&#8221; Per &#8220;Dati&#8221; si intendono dati comuni relativi a persone fisiche trattati quali indirizzo di posta [&hellip;]<\/p>\n","protected":false},"author":2,"featured_media":0,"parent":0,"menu_order":0,"comment_status":"closed","ping_status":"open","template":"","meta":{"_monsterinsights_skip_tracking":false,"_monsterinsights_sitenote_active":false,"_monsterinsights_sitenote_note":"","_monsterinsights_sitenote_category":0,"footnotes":""},"class_list":["post-7266","page","type-page","status-publish","hentry"],"yoast_head":"<!-- This site is optimized with the Yoast SEO plugin v27.5 - https:\/\/yoast.com\/product\/yoast-seo-wordpress\/ -->\n<title>Newsletter policy - Antheia Natural - Integratori alimentari<\/title>\n<meta name=\"robots\" content=\"index, follow, max-snippet:-1, max-image-preview:large, max-video-preview:-1\" \/>\n<link rel=\"canonical\" href=\"https:\/\/antheianatural.it\/it\/newsletter-policy\/\" \/>\n<meta property=\"og:locale\" content=\"it_IT\" \/>\n<meta property=\"og:type\" content=\"article\" \/>\n<meta property=\"og:title\" content=\"Newsletter policy - Antheia Natural - Integratori alimentari\" \/>\n<meta property=\"og:description\" content=\"Informativa relativa al trattamento dei dati personali (art. 13 del regolamento UE 2016\/679 &#8220;GDPR&#8221;) &#8211; Newsletter Titolare del trattamento e responsabile per la protezione dati (DPO) Antheia srl: Via XXIV Maggio, 86 &#8211; 86170 ISERNIA &#8211; info@antheianatural.it Definizione di &#8220;Dati&#8221; Per &#8220;Dati&#8221; si intendono dati comuni relativi a persone fisiche trattati quali indirizzo di posta [&hellip;]\" \/>\n<meta property=\"og:url\" content=\"https:\/\/antheianatural.it\/it\/newsletter-policy\/\" \/>\n<meta property=\"og:site_name\" content=\"Antheia Natural - Integratori alimentari\" \/>\n<meta property=\"article:publisher\" content=\"https:\/\/www.facebook.com\/profile.php?id=100087233113728\" \/>\n<meta property=\"article:modified_time\" content=\"2022-06-15T14:26:31+00:00\" \/>\n<meta name=\"twitter:card\" content=\"summary_large_image\" \/>\n<meta name=\"twitter:label1\" content=\"Tempo di lettura stimato\" \/>\n\t<meta name=\"twitter:data1\" content=\"3 minuti\" \/>\n<script type=\"application\/ld+json\" class=\"yoast-schema-graph\">{\"@context\":\"https:\\\/\\\/schema.org\",\"@graph\":[{\"@type\":\"WebPage\",\"@id\":\"https:\\\/\\\/antheianatural.it\\\/newsletter-policy\\\/\",\"url\":\"https:\\\/\\\/antheianatural.it\\\/newsletter-policy\\\/\",\"name\":\"Newsletter policy - Antheia Natural - Integratori alimentari\",\"isPartOf\":{\"@id\":\"https:\\\/\\\/antheianatural.it\\\/#website\"},\"datePublished\":\"2022-05-21T13:48:31+00:00\",\"dateModified\":\"2022-06-15T14:26:31+00:00\",\"breadcrumb\":{\"@id\":\"https:\\\/\\\/antheianatural.it\\\/newsletter-policy\\\/#breadcrumb\"},\"inLanguage\":\"it-IT\",\"potentialAction\":[{\"@type\":\"ReadAction\",\"target\":[\"https:\\\/\\\/antheianatural.it\\\/newsletter-policy\\\/\"]}]},{\"@type\":\"BreadcrumbList\",\"@id\":\"https:\\\/\\\/antheianatural.it\\\/newsletter-policy\\\/#breadcrumb\",\"itemListElement\":[{\"@type\":\"ListItem\",\"position\":1,\"name\":\"Home\",\"item\":\"https:\\\/\\\/antheianatural.it\\\/\"},{\"@type\":\"ListItem\",\"position\":2,\"name\":\"Newsletter policy\"}]},{\"@type\":\"WebSite\",\"@id\":\"https:\\\/\\\/antheianatural.it\\\/#website\",\"url\":\"https:\\\/\\\/antheianatural.it\\\/\",\"name\":\"Antheia Natural - Integratori alimentari\",\"description\":\"Benessere autentico per il corpo e per la mente\",\"publisher\":{\"@id\":\"https:\\\/\\\/antheianatural.it\\\/#organization\"},\"potentialAction\":[{\"@type\":\"SearchAction\",\"target\":{\"@type\":\"EntryPoint\",\"urlTemplate\":\"https:\\\/\\\/antheianatural.it\\\/?s={search_term_string}\"},\"query-input\":{\"@type\":\"PropertyValueSpecification\",\"valueRequired\":true,\"valueName\":\"search_term_string\"}}],\"inLanguage\":\"it-IT\"},{\"@type\":\"Organization\",\"@id\":\"https:\\\/\\\/antheianatural.it\\\/#organization\",\"name\":\"Antheia Natural\",\"url\":\"https:\\\/\\\/antheianatural.it\\\/\",\"logo\":{\"@type\":\"ImageObject\",\"inLanguage\":\"it-IT\",\"@id\":\"https:\\\/\\\/antheianatural.it\\\/#\\\/schema\\\/logo\\\/image\\\/\",\"url\":\"https:\\\/\\\/antheianatural.it\\\/wp-content\\\/uploads\\\/2022\\\/05\\\/antheia-foto-slide-logo.png\",\"contentUrl\":\"https:\\\/\\\/antheianatural.it\\\/wp-content\\\/uploads\\\/2022\\\/05\\\/antheia-foto-slide-logo.png\",\"width\":817,\"height\":766,\"caption\":\"Antheia Natural\"},\"image\":{\"@id\":\"https:\\\/\\\/antheianatural.it\\\/#\\\/schema\\\/logo\\\/image\\\/\"},\"sameAs\":[\"https:\\\/\\\/www.facebook.com\\\/profile.php?id=100087233113728\"]}]}<\/script>\n<!-- \/ Yoast SEO plugin. -->","yoast_head_json":{"title":"Newsletter policy - Antheia Natural - Integratori alimentari","robots":{"index":"index","follow":"follow","max-snippet":"max-snippet:-1","max-image-preview":"max-image-preview:large","max-video-preview":"max-video-preview:-1"},"canonical":"https:\/\/antheianatural.it\/it\/newsletter-policy\/","og_locale":"it_IT","og_type":"article","og_title":"Newsletter policy - Antheia Natural - Integratori alimentari","og_description":"Informativa relativa al trattamento dei dati personali (art. 13 del regolamento UE 2016\/679 &#8220;GDPR&#8221;) &#8211; Newsletter Titolare del trattamento e responsabile per la protezione dati (DPO) Antheia srl: Via XXIV Maggio, 86 &#8211; 86170 ISERNIA &#8211; info@antheianatural.it Definizione di &#8220;Dati&#8221; Per &#8220;Dati&#8221; si intendono dati comuni relativi a persone fisiche trattati quali indirizzo di posta [&hellip;]","og_url":"https:\/\/antheianatural.it\/it\/newsletter-policy\/","og_site_name":"Antheia Natural - Integratori alimentari","article_publisher":"https:\/\/www.facebook.com\/profile.php?id=100087233113728","article_modified_time":"2022-06-15T14:26:31+00:00","twitter_card":"summary_large_image","twitter_misc":{"Tempo di lettura stimato":"3 minuti"},"schema":{"@context":"https:\/\/schema.org","@graph":[{"@type":"WebPage","@id":"https:\/\/antheianatural.it\/newsletter-policy\/","url":"https:\/\/antheianatural.it\/newsletter-policy\/","name":"Newsletter policy - Antheia Natural - Integratori alimentari","isPartOf":{"@id":"https:\/\/antheianatural.it\/#website"},"datePublished":"2022-05-21T13:48:31+00:00","dateModified":"2022-06-15T14:26:31+00:00","breadcrumb":{"@id":"https:\/\/antheianatural.it\/newsletter-policy\/#breadcrumb"},"inLanguage":"it-IT","potentialAction":[{"@type":"ReadAction","target":["https:\/\/antheianatural.it\/newsletter-policy\/"]}]},{"@type":"BreadcrumbList","@id":"https:\/\/antheianatural.it\/newsletter-policy\/#breadcrumb","itemListElement":[{"@type":"ListItem","position":1,"name":"Home","item":"https:\/\/antheianatural.it\/"},{"@type":"ListItem","position":2,"name":"Newsletter policy"}]},{"@type":"WebSite","@id":"https:\/\/antheianatural.it\/#website","url":"https:\/\/antheianatural.it\/","name":"Antheia Natural - Integratori alimentari","description":"Benessere autentico per il corpo e per la mente","publisher":{"@id":"https:\/\/antheianatural.it\/#organization"},"potentialAction":[{"@type":"SearchAction","target":{"@type":"EntryPoint","urlTemplate":"https:\/\/antheianatural.it\/?s={search_term_string}"},"query-input":{"@type":"PropertyValueSpecification","valueRequired":true,"valueName":"search_term_string"}}],"inLanguage":"it-IT"},{"@type":"Organization","@id":"https:\/\/antheianatural.it\/#organization","name":"Antheia Natural","url":"https:\/\/antheianatural.it\/","logo":{"@type":"ImageObject","inLanguage":"it-IT","@id":"https:\/\/antheianatural.it\/#\/schema\/logo\/image\/","url":"https:\/\/antheianatural.it\/wp-content\/uploads\/2022\/05\/antheia-foto-slide-logo.png","contentUrl":"https:\/\/antheianatural.it\/wp-content\/uploads\/2022\/05\/antheia-foto-slide-logo.png","width":817,"height":766,"caption":"Antheia Natural"},"image":{"@id":"https:\/\/antheianatural.it\/#\/schema\/logo\/image\/"},"sameAs":["https:\/\/www.facebook.com\/profile.php?id=100087233113728"]}]}},"jetpack-related-posts":[{"id":7287,"url":"https:\/\/antheianatural.it\/it\/privacy-policy\/","url_meta":{"origin":7266,"position":0},"title":"Privacy Policy","author":"antheia","date":"24\/05\/2022","format":false,"excerpt":"Informativa e consenso ai sensi del regolamento (UE) 2016\/679 del parlamento europeo e del consiglio del 27 aprile 2016 Di seguito Antheia S.r.l. (Societ\u00e0) fornisce ai sensi dell'articolo 13 del Regolamento europeo n. 2016\/679, alcune informazioni relative al trattamento dei dati personali in occasione della visita al sito antheianatural.it (Sito\u2026","rel":"","context":"Articolo simile","block_context":{"text":"Articolo simile","link":""},"img":{"alt_text":"","src":"","width":0,"height":0},"classes":[]},{"id":7297,"url":"https:\/\/antheianatural.it\/it\/cookie-policy\/","url_meta":{"origin":7266,"position":1},"title":"Cookie policy","author":"antheia","date":"24\/05\/2022","format":false,"excerpt":"Informativa relativa al trattamento dei dati personali degli utenti online Cookie Policy ai sensi del Regolamento UE 2016\/679 (\"GDPR\") Titolare del trattamento e Responsabile della Protezione dei Dati personali (DPO) Titolare del trattamento \u00e8 Antheia S.r.l. con sede legale in Via XXIV Maggio, 86 - 86170 ISERNIA, Partita IVA 00986120947\u2026","rel":"","context":"Articolo simile","block_context":{"text":"Articolo simile","link":""},"img":{"alt_text":"","src":"","width":0,"height":0},"classes":[]},{"id":7289,"url":"https:\/\/antheianatural.it\/it\/termini-e-condizioni\/","url_meta":{"origin":7266,"position":2},"title":"Termini e Condizioni","author":"antheia","date":"24\/05\/2022","format":false,"excerpt":"Termini e condizioni di utilizzo del Sito Web antheianatural.it Oggetto Il presente documento disciplina i termini e le condizioni di utilizzo del Sito Web antheianatural.it e dei servizi in esso contenuti.L'accesso e la navigazione sul Sito Web comportano per l'utente l'accordo e accettazione incondizionata di tutte le condizioni di utilizzo\u2026","rel":"","context":"Articolo simile","block_context":{"text":"Articolo simile","link":""},"img":{"alt_text":"","src":"","width":0,"height":0},"classes":[]},{"id":7320,"url":"https:\/\/antheianatural.it\/it\/condizioni-generali-di-vendita\/","url_meta":{"origin":7266,"position":3},"title":"Condizioni generali di vendita","author":"antheia","date":"25\/05\/2022","format":false,"excerpt":"Antheia S.r.l., con sede legale in Via XXIV Maggio, 86 - 86170 ISERNIA, Partita IVA 00986120947 e numero di iscrizione al Registro Imprese di ISERNIA con REA nr. _________ (di seguito \u201cAntheia\u201d), rende disponibile a tutti gli utenti la possibilit\u00e0 di acquistare a mezzo Internet i prodotti (di seguito \"Prodotti\")\u2026","rel":"","context":"Articolo simile","block_context":{"text":"Articolo simile","link":""},"img":{"alt_text":"","src":"","width":0,"height":0},"classes":[]},{"id":5141,"url":"https:\/\/antheianatural.it\/it\/blog\/","url_meta":{"origin":7266,"position":4},"title":"Blog","author":"antheia","date":"27\/02\/2018","format":false,"excerpt":"Natural Therapeutic Soaps With Mind Body Benefits by rtthemes February 27, 2018 Lorem ipsum dolor sit amet, consectetur adipiscing elit. Proin sed diam sapien. Sed semper urna dictum tellus lacinia vehicula. Ut volutpat, augue vel auctor tincidunt, ligula sem pharetra dui, nec tincidunt ante mauris eu diam. Phasellus viverra nisl\u2026","rel":"","context":"Articolo simile","block_context":{"text":"Articolo simile","link":""},"img":{"alt_text":"","src":"https:\/\/i0.wp.com\/naturalife.rtthemes.com\/demo\/wp-content\/uploads\/sites\/2\/2018\/02\/blog-6.jpg?resize=350%2C200","width":350,"height":200,"srcset":"https:\/\/i0.wp.com\/naturalife.rtthemes.com\/demo\/wp-content\/uploads\/sites\/2\/2018\/02\/blog-6.jpg?resize=350%2C200 1x, https:\/\/i0.wp.com\/naturalife.rtthemes.com\/demo\/wp-content\/uploads\/sites\/2\/2018\/02\/blog-6.jpg?resize=525%2C300 1.5x, https:\/\/i0.wp.com\/naturalife.rtthemes.com\/demo\/wp-content\/uploads\/sites\/2\/2018\/02\/blog-6.jpg?resize=700%2C400 2x, https:\/\/i0.wp.com\/naturalife.rtthemes.com\/demo\/wp-content\/uploads\/sites\/2\/2018\/02\/blog-6.jpg?resize=1050%2C600 3x"},"classes":[]}],"jetpack_sharing_enabled":true,"_links":{"self":[{"href":"https:\/\/antheianatural.it\/it\/wp-json\/wp\/v2\/pages\/7266","targetHints":{"allow":["GET"]}}],"collection":[{"href":"https:\/\/antheianatural.it\/it\/wp-json\/wp\/v2\/pages"}],"about":[{"href":"https:\/\/antheianatural.it\/it\/wp-json\/wp\/v2\/types\/page"}],"author":[{"embeddable":true,"href":"https:\/\/antheianatural.it\/it\/wp-json\/wp\/v2\/users\/2"}],"replies":[{"embeddable":true,"href":"https:\/\/antheianatural.it\/it\/wp-json\/wp\/v2\/comments?post=7266"}],"version-history":[{"count":8,"href":"https:\/\/antheianatural.it\/it\/wp-json\/wp\/v2\/pages\/7266\/revisions"}],"predecessor-version":[{"id":7728,"href":"https:\/\/antheianatural.it\/it\/wp-json\/wp\/v2\/pages\/7266\/revisions\/7728"}],"wp:attachment":[{"href":"https:\/\/antheianatural.it\/it\/wp-json\/wp\/v2\/media?parent=7266"}],"curies":[{"name":"wp","href":"https:\/\/api.w.org\/{rel}","templated":true}]}}