{"id":7287,"date":"2022-05-24T10:25:46","date_gmt":"2022-05-24T10:25:46","guid":{"rendered":"https:\/\/antheianatural.it\/?page_id=7287"},"modified":"2022-06-15T14:24:08","modified_gmt":"2022-06-15T14:24:08","slug":"privacy-policy","status":"publish","type":"page","link":"https:\/\/antheianatural.it\/it\/privacy-policy\/","title":{"rendered":"Privacy Policy"},"content":{"rendered":"\n<h4 class=\"wp-block-heading\">Informativa e consenso ai sensi del regolamento (UE) 2016\/679 del parlamento europeo e del consiglio del 27 aprile 2016<\/h4>\n\n\n\n<p>Di seguito <strong>Antheia S.r.l.<\/strong> (Societ\u00e0) fornisce ai sensi dell&#8217;articolo 13 del Regolamento europeo n. 2016\/679, alcune informazioni relative al trattamento dei dati personali in occasione della visita al sito <strong>antheianatural.it <\/strong>(Sito Web).<\/p>\n\n\n\n<h3 class=\"wp-block-heading\">Titolare del trattamento e Responsabile della Protezione dei Dati personali (DPO)<\/h3>\n\n\n\n<p>Titolare del trattamento \u00e8 <strong>Antheia S.r.l.<\/strong> con sede legale in Via XXIV Maggio, 86 &#8211; 86170 ISERNIA, Partita IVA 00986120947  e-mail <a href=\"mailto:info@antheianatural.it\">info@antheianatural.it<\/a> (Societ\u00e0 o Titolare).<br>Il Responsabile della Protezione dei Dati (DPO) \u00e8 raggiungibile all&#8217;indirizzo di posta elettronica <a href=\"mailto:antheianatural@gmail.com\">antheianatural@gmail.com<\/a>.<\/p>\n\n\n\n<h3 class=\"wp-block-heading\">Finalit\u00e0 del trattamento, basi giuridiche e termini di conservazione<\/h3>\n\n\n\n<h4 class=\"wp-block-heading\">Dati di navigazione<\/h4>\n\n\n\n<p>I sistemi informatici e le procedure software preposte al funzionamento di questo Sito Web acquisiscono, nel corso del loro normale esercizio, alcuni dati personali la cui trasmissione \u00e8 implicita nell&#8217;uso dei protocolli di comunicazione di Internet. Si tratta di informazioni che non sono raccolte per essere associate a interessati identificati, ma che, per loro stessa natura, potrebbero, attraverso elaborazioni ed associazioni con dati detenuti da terzi, permettere di identificare gli utenti. In questa categoria di dati rientrano gli indirizzi IP o i nomi a dominio dei computer utilizzati dagli utenti che si connettono al sito, gli indirizzi in notazione URI (Uniform Resource Identifier) delle risorse richieste, l&#8217;orario della richiesta, il metodo utilizzato nel sottoporre la richiesta al server, la dimensione del file ottenuto in risposta, il codice numerico indicante lo stato della risposta data dal server (buon fine, errore, ecc.) ed altri parametri relativi al sistema operativo e all&#8217;ambiente informatico dell&#8217;utente.<\/p>\n\n\n\n<p>Questi dati vengono utilizzati per le seguenti finalit\u00e0:<\/p>\n\n\n\n<ul class=\"wp-block-list\"><li>per ricavare informazioni statistiche anonime sull&#8217;uso del Sito Web e per controllarne il corretto funzionamento;<\/li><li>per l&#8217;amministrazione tecnica del Sito Web;<\/li><li>per l&#8217;accertamento di eventuali responsabilit\u00e0 in caso di ipotetici reati informatici ai danni del Sito Web.<\/li><\/ul>\n\n\n\n<p>Tali dati vengono cancellati immediatamente dopo l&#8217;elaborazione.<\/p>\n\n\n\n<h4 class=\"wp-block-heading\">Dati relativi agli acquisti effettuati attraverso la piattaforma di e-commerce<\/h4>\n\n\n\n<p>All&#8217;interno del Sito Web \u00e8 possibile effettuare acquisti on-line dei prodotti di Antheia S.r.l.. Gli acquisti possono essere effettuati anche senza doversi obbligatoriamente registrarsi all&#8217;area riservata del Sito Web..<\/p>\n\n\n\n<p>I dati personali forniti durante il processo di acquisto dei prodotti della Societ\u00e0 verranno trattati dalla Societ\u00e0 per le seguenti finalit\u00e0:<\/p>\n\n\n\n<ul class=\"wp-block-list\"><li>per effettuare l&#8217;acquisto dei prodotti, comprese tutte le ulteriori attivit\u00e0 connesse (spedizione della merce). La base giuridica di tale trattamento \u00e8 l&#8217;esecuzione di un contratto di cui \u00e8 parte e i dati verranno conservati per tutta la durata contrattuale nonch\u00e9, dopo la cessazione, per il periodo di prescrizione ordinario (10 anni);<\/li><li>per adempiere ad obblighi di legge previsti da normative nazionali e sovranazionali. La base giuridica del trattamento \u00e8 la necessit\u00e0 di assolvere agli obblighi di legge. Il periodo di conservazione di tali dati \u00e8 pari a 10 anni dalla conclusione del contratto;<\/li><li>per gestire il rapporto contrattuale post-vendita (garanzia, resi, cambio merce, tracciamento del pacco, assistenza\u2026). La base giuridica di tale trattamento \u00e8 l&#8217;esecuzione di un contratto di cui \u00e8 parte e i dati verranno conservati per tutta la durata contrattuale nonch\u00e9, dopo la cessazione, per il periodo di prescrizione ordinario (10 anni);<\/li><\/ul>\n\n\n\n<h4 class=\"wp-block-heading\">Dati forniti volontariamente dall&#8217;utente<\/h4>\n\n\n\n<p>In alcune sezioni del Sito Web, verr\u00e0 richiesto di fornire dati personali. In tal caso verr\u00e0 fornita l&#8217;informativa ai sensi dell&#8217;art. 13 del GDPR relativa al trattamento dei dati personali in relazione alle singole finalit\u00e0 perseguite, qui di seguito riassunte:<\/p>\n\n\n\n<ul class=\"wp-block-list\"><li>Per iscriversi alla newsletter<\/li><li>Per registrarsi all&#8217;area riservata del Sito Web<\/li><\/ul>\n\n\n\n<h4 class=\"wp-block-heading\">Cookies<\/h4>\n\n\n\n<p>Le informazioni relative ai cookies utilizzati su questo Sito Web sono reperibili alla seguente url: <a href=\"https:\/\/antheianatural.it\/cookies-policy\/\">https:\/\/antheianatural.it\/cookies-policy\/<\/a><\/p>\n\n\n\n<h3 class=\"wp-block-heading\">Conferimento dei dati<\/h3>\n\n\n\n<p>A parte quanto specificato per i dati di navigazione, il conferimento dei dati per ulteriori finalit\u00e0 del trattamento \u00e8 facoltativo. Il loro mancato conferimento pu\u00f2 comportare l&#8217;impossibilit\u00e0 di perseguire tali ulteriori finalit\u00e0.<\/p>\n\n\n\n<h3 class=\"wp-block-heading\">Modalit\u00e0 del trattamento<\/h3>\n\n\n\n<p>I dati personali saranno trattati con strumenti automatizzati e nel rispetto del principio di necessit\u00e0 e proporzionalit\u00e0, evitando di trattare dati personali qualora le operazioni possano essere realizzate mediante l&#8217;uso di dati anonimi o mediante altre modalit\u00e0.<br>Specifiche misure di sicurezza sono osservate per prevenire la perdita dei dati, usi illeciti o non corretti ed accessi non autorizzati.<\/p>\n\n\n\n<h3 class=\"wp-block-heading\">Destinatari dei dati personali<\/h3>\n\n\n\n<p>Ai sensi dell&#8217;art. 28 del GDPR, Il Titolare del trattamento deve nominare le societ\u00e0 terze che trattano i Dati Personali per suo conto Responsabili esterni del trattamento a cui sono impartite adeguate istruzioni operative (di seguito complessivamente Responsabili). Tali soggetti sono essenzialmente ricompresi nelle seguenti categorie:<\/p>\n\n\n\n<ul class=\"wp-block-list\"><li>societ\u00e0 che svolgono analisi statistiche e\/o ricerche di mercato;<\/li><li>societ\u00e0 che svolgono servizi di manutenzione dei sistemi informatici;<\/li><\/ul>\n\n\n\n<p>I dati potranno essere trattati altres\u00ec da terzi, autonomi titolari del trattamento, e precisamente:<br>persone, societ\u00e0, associazioni o studi professionali che prestino attivit\u00e0 di assistenza e consulenza (avvocati, commercialisti, revisori\u2026). <br>I dati personali non saranno in alcun caso oggetto di diffusione.<\/p>\n\n\n\n<h3 class=\"wp-block-heading\">Soggetti autorizzati al trattamento<\/h3>\n\n\n\n<p>I dati personali saranno trattati da dipendenti e\/o collaboratori dei Titolari\/Responsabili che hanno ricevuto adeguate istruzioni operative e che sono stati espressamente autorizzati al trattamento dai Titolari\/Responsabili. Eventuali ulteriori indicazioni circa l&#8217;ambito di comunicazione e diffusione dei dati personali verranno fornite nelle singole sezioni del Sito Web<\/p>\n\n\n\n<h3 class=\"wp-block-heading\">Trasferimento dei dati fuori dall&#8217;Unione Europea<\/h3>\n\n\n\n<p>I dati potranno essere trasferiti all&#8217;estero in paesi extra-europei, ed in particolare in Svizzera, il cui livello di protezione dei dati \u00e8 stato ritenuto adeguato dalla Commissione Europea ai sensi dell&#8217;art. 45 del GDPR&#8221;.<\/p>\n\n\n\n<h3 class=\"wp-block-heading\">I diritti<\/h3>\n\n\n\n<p>In relazione ai trattamenti dei dati personali effettuati dal Titolare, pu\u00f2 chiedere al Titolare l&#8217;accesso ai dati che li riguardano, la loro cancellazione, la rettifica dei dati inesatti, l&#8217;integrazione dei dati incompleti, la limitazione del trattamento nei casi previsti dall&#8217;art. 18 GDPR, nonch\u00e9 l&#8217;opposizione al trattamento nelle ipotesi di legittimo interesse del titolare.<\/p>\n\n\n\n<p>Nel caso in cui il trattamento sia basato sul consenso o sul contratto e sia effettuato con strumenti automatizzati, ha il diritto di ricevere i suoi dati in un formato strutturato, di uso comune e leggibile da dispositivo automatico, nonch\u00e9, se tecnicamente fattibile, di trasmetterli ad altro titolare senza impedimenti.<\/p>\n\n\n\n<p>Fatto salvo ogni altro ricorso amministrativo o giurisdizionale, ha il diritto di proporre reclamo all&#8217;Autorit\u00e0 di controllo competente nello Stato membro in cui risiede abitualmente o dello Stato in cui si \u00e8 verificata la presunta violazione.<\/p>\n\n\n\n<p>Per l&#8217;esercizio dei diritti pu\u00f2 rivolgersi al Titolare del trattamento inviando una comunicazione scritta all&#8217;indirizzo sopra indicato oppure un email a <a href=\"mailto:info@antheianatural.it\">info@antheianatural.it<\/a>.<\/p>\n","protected":false},"excerpt":{"rendered":"<p>Informativa e consenso ai sensi del regolamento (UE) 2016\/679 del parlamento europeo e del consiglio del 27 aprile 2016 Di seguito Antheia S.r.l. (Societ\u00e0) fornisce ai sensi dell&#8217;articolo 13 del Regolamento europeo n. 2016\/679, alcune informazioni relative al trattamento dei dati personali in occasione della visita al sito antheianatural.it (Sito Web). Titolare del trattamento e [&hellip;]<\/p>\n","protected":false},"author":2,"featured_media":0,"parent":0,"menu_order":0,"comment_status":"closed","ping_status":"closed","template":"","meta":{"_monsterinsights_skip_tracking":false,"_monsterinsights_sitenote_active":false,"_monsterinsights_sitenote_note":"","_monsterinsights_sitenote_category":0,"footnotes":""},"class_list":["post-7287","page","type-page","status-publish","hentry"],"yoast_head":"<!-- This site is optimized with the Yoast SEO plugin v27.5 - https:\/\/yoast.com\/product\/yoast-seo-wordpress\/ -->\n<title>Privacy Policy - Antheia Natural - Integratori alimentari<\/title>\n<meta name=\"robots\" content=\"index, follow, max-snippet:-1, max-image-preview:large, max-video-preview:-1\" \/>\n<link rel=\"canonical\" href=\"https:\/\/antheianatural.it\/it\/privacy-policy\/\" \/>\n<meta property=\"og:locale\" content=\"it_IT\" \/>\n<meta property=\"og:type\" content=\"article\" \/>\n<meta property=\"og:title\" content=\"Privacy Policy - Antheia Natural - Integratori alimentari\" \/>\n<meta property=\"og:description\" content=\"Informativa e consenso ai sensi del regolamento (UE) 2016\/679 del parlamento europeo e del consiglio del 27 aprile 2016 Di seguito Antheia S.r.l. (Societ\u00e0) fornisce ai sensi dell&#8217;articolo 13 del Regolamento europeo n. 2016\/679, alcune informazioni relative al trattamento dei dati personali in occasione della visita al sito antheianatural.it (Sito Web). Titolare del trattamento e [&hellip;]\" \/>\n<meta property=\"og:url\" content=\"https:\/\/antheianatural.it\/it\/privacy-policy\/\" \/>\n<meta property=\"og:site_name\" content=\"Antheia Natural - Integratori alimentari\" \/>\n<meta property=\"article:publisher\" content=\"https:\/\/www.facebook.com\/profile.php?id=100087233113728\" \/>\n<meta property=\"article:modified_time\" content=\"2022-06-15T14:24:08+00:00\" \/>\n<meta name=\"twitter:card\" content=\"summary_large_image\" \/>\n<meta name=\"twitter:label1\" content=\"Tempo di lettura stimato\" \/>\n\t<meta name=\"twitter:data1\" content=\"5 minuti\" \/>\n<script type=\"application\/ld+json\" class=\"yoast-schema-graph\">{\"@context\":\"https:\\\/\\\/schema.org\",\"@graph\":[{\"@type\":\"WebPage\",\"@id\":\"https:\\\/\\\/antheianatural.it\\\/privacy-policy\\\/\",\"url\":\"https:\\\/\\\/antheianatural.it\\\/privacy-policy\\\/\",\"name\":\"Privacy Policy - Antheia Natural - Integratori alimentari\",\"isPartOf\":{\"@id\":\"https:\\\/\\\/antheianatural.it\\\/#website\"},\"datePublished\":\"2022-05-24T10:25:46+00:00\",\"dateModified\":\"2022-06-15T14:24:08+00:00\",\"breadcrumb\":{\"@id\":\"https:\\\/\\\/antheianatural.it\\\/privacy-policy\\\/#breadcrumb\"},\"inLanguage\":\"it-IT\",\"potentialAction\":[{\"@type\":\"ReadAction\",\"target\":[\"https:\\\/\\\/antheianatural.it\\\/privacy-policy\\\/\"]}]},{\"@type\":\"BreadcrumbList\",\"@id\":\"https:\\\/\\\/antheianatural.it\\\/privacy-policy\\\/#breadcrumb\",\"itemListElement\":[{\"@type\":\"ListItem\",\"position\":1,\"name\":\"Home\",\"item\":\"https:\\\/\\\/antheianatural.it\\\/\"},{\"@type\":\"ListItem\",\"position\":2,\"name\":\"Privacy Policy\"}]},{\"@type\":\"WebSite\",\"@id\":\"https:\\\/\\\/antheianatural.it\\\/#website\",\"url\":\"https:\\\/\\\/antheianatural.it\\\/\",\"name\":\"Antheia Natural - Integratori alimentari\",\"description\":\"Benessere autentico per il corpo e per la mente\",\"publisher\":{\"@id\":\"https:\\\/\\\/antheianatural.it\\\/#organization\"},\"potentialAction\":[{\"@type\":\"SearchAction\",\"target\":{\"@type\":\"EntryPoint\",\"urlTemplate\":\"https:\\\/\\\/antheianatural.it\\\/?s={search_term_string}\"},\"query-input\":{\"@type\":\"PropertyValueSpecification\",\"valueRequired\":true,\"valueName\":\"search_term_string\"}}],\"inLanguage\":\"it-IT\"},{\"@type\":\"Organization\",\"@id\":\"https:\\\/\\\/antheianatural.it\\\/#organization\",\"name\":\"Antheia Natural\",\"url\":\"https:\\\/\\\/antheianatural.it\\\/\",\"logo\":{\"@type\":\"ImageObject\",\"inLanguage\":\"it-IT\",\"@id\":\"https:\\\/\\\/antheianatural.it\\\/#\\\/schema\\\/logo\\\/image\\\/\",\"url\":\"https:\\\/\\\/antheianatural.it\\\/wp-content\\\/uploads\\\/2022\\\/05\\\/antheia-foto-slide-logo.png\",\"contentUrl\":\"https:\\\/\\\/antheianatural.it\\\/wp-content\\\/uploads\\\/2022\\\/05\\\/antheia-foto-slide-logo.png\",\"width\":817,\"height\":766,\"caption\":\"Antheia Natural\"},\"image\":{\"@id\":\"https:\\\/\\\/antheianatural.it\\\/#\\\/schema\\\/logo\\\/image\\\/\"},\"sameAs\":[\"https:\\\/\\\/www.facebook.com\\\/profile.php?id=100087233113728\"]}]}<\/script>\n<!-- \/ Yoast SEO plugin. -->","yoast_head_json":{"title":"Privacy Policy - Antheia Natural - Integratori alimentari","robots":{"index":"index","follow":"follow","max-snippet":"max-snippet:-1","max-image-preview":"max-image-preview:large","max-video-preview":"max-video-preview:-1"},"canonical":"https:\/\/antheianatural.it\/it\/privacy-policy\/","og_locale":"it_IT","og_type":"article","og_title":"Privacy Policy - Antheia Natural - Integratori alimentari","og_description":"Informativa e consenso ai sensi del regolamento (UE) 2016\/679 del parlamento europeo e del consiglio del 27 aprile 2016 Di seguito Antheia S.r.l. (Societ\u00e0) fornisce ai sensi dell&#8217;articolo 13 del Regolamento europeo n. 2016\/679, alcune informazioni relative al trattamento dei dati personali in occasione della visita al sito antheianatural.it (Sito Web). Titolare del trattamento e [&hellip;]","og_url":"https:\/\/antheianatural.it\/it\/privacy-policy\/","og_site_name":"Antheia Natural - Integratori alimentari","article_publisher":"https:\/\/www.facebook.com\/profile.php?id=100087233113728","article_modified_time":"2022-06-15T14:24:08+00:00","twitter_card":"summary_large_image","twitter_misc":{"Tempo di lettura stimato":"5 minuti"},"schema":{"@context":"https:\/\/schema.org","@graph":[{"@type":"WebPage","@id":"https:\/\/antheianatural.it\/privacy-policy\/","url":"https:\/\/antheianatural.it\/privacy-policy\/","name":"Privacy Policy - Antheia Natural - Integratori alimentari","isPartOf":{"@id":"https:\/\/antheianatural.it\/#website"},"datePublished":"2022-05-24T10:25:46+00:00","dateModified":"2022-06-15T14:24:08+00:00","breadcrumb":{"@id":"https:\/\/antheianatural.it\/privacy-policy\/#breadcrumb"},"inLanguage":"it-IT","potentialAction":[{"@type":"ReadAction","target":["https:\/\/antheianatural.it\/privacy-policy\/"]}]},{"@type":"BreadcrumbList","@id":"https:\/\/antheianatural.it\/privacy-policy\/#breadcrumb","itemListElement":[{"@type":"ListItem","position":1,"name":"Home","item":"https:\/\/antheianatural.it\/"},{"@type":"ListItem","position":2,"name":"Privacy Policy"}]},{"@type":"WebSite","@id":"https:\/\/antheianatural.it\/#website","url":"https:\/\/antheianatural.it\/","name":"Antheia Natural - Integratori alimentari","description":"Benessere autentico per il corpo e per la mente","publisher":{"@id":"https:\/\/antheianatural.it\/#organization"},"potentialAction":[{"@type":"SearchAction","target":{"@type":"EntryPoint","urlTemplate":"https:\/\/antheianatural.it\/?s={search_term_string}"},"query-input":{"@type":"PropertyValueSpecification","valueRequired":true,"valueName":"search_term_string"}}],"inLanguage":"it-IT"},{"@type":"Organization","@id":"https:\/\/antheianatural.it\/#organization","name":"Antheia Natural","url":"https:\/\/antheianatural.it\/","logo":{"@type":"ImageObject","inLanguage":"it-IT","@id":"https:\/\/antheianatural.it\/#\/schema\/logo\/image\/","url":"https:\/\/antheianatural.it\/wp-content\/uploads\/2022\/05\/antheia-foto-slide-logo.png","contentUrl":"https:\/\/antheianatural.it\/wp-content\/uploads\/2022\/05\/antheia-foto-slide-logo.png","width":817,"height":766,"caption":"Antheia Natural"},"image":{"@id":"https:\/\/antheianatural.it\/#\/schema\/logo\/image\/"},"sameAs":["https:\/\/www.facebook.com\/profile.php?id=100087233113728"]}]}},"jetpack-related-posts":[{"id":7266,"url":"https:\/\/antheianatural.it\/it\/newsletter-policy\/","url_meta":{"origin":7287,"position":0},"title":"Newsletter policy","author":"antheia","date":"21\/05\/2022","format":false,"excerpt":"Informativa relativa al trattamento dei dati personali (art. 13 del regolamento UE 2016\/679 \"GDPR\") - Newsletter Titolare del trattamento e responsabile per la protezione dati (DPO) Antheia srl: Via XXIV Maggio, 86 - 86170 ISERNIA - info@antheianatural.it Definizione di \"Dati\" Per \"Dati\" si intendono dati comuni relativi a persone fisiche\u2026","rel":"","context":"Articolo simile","block_context":{"text":"Articolo simile","link":""},"img":{"alt_text":"","src":"","width":0,"height":0},"classes":[]},{"id":7297,"url":"https:\/\/antheianatural.it\/it\/cookie-policy\/","url_meta":{"origin":7287,"position":1},"title":"Cookie policy","author":"antheia","date":"24\/05\/2022","format":false,"excerpt":"Informativa relativa al trattamento dei dati personali degli utenti online Cookie Policy ai sensi del Regolamento UE 2016\/679 (\"GDPR\") Titolare del trattamento e Responsabile della Protezione dei Dati personali (DPO) Titolare del trattamento \u00e8 Antheia S.r.l. con sede legale in Via XXIV Maggio, 86 - 86170 ISERNIA, Partita IVA 00986120947\u2026","rel":"","context":"Articolo simile","block_context":{"text":"Articolo simile","link":""},"img":{"alt_text":"","src":"","width":0,"height":0},"classes":[]},{"id":7289,"url":"https:\/\/antheianatural.it\/it\/termini-e-condizioni\/","url_meta":{"origin":7287,"position":2},"title":"Termini e Condizioni","author":"antheia","date":"24\/05\/2022","format":false,"excerpt":"Termini e condizioni di utilizzo del Sito Web antheianatural.it Oggetto Il presente documento disciplina i termini e le condizioni di utilizzo del Sito Web antheianatural.it e dei servizi in esso contenuti.L'accesso e la navigazione sul Sito Web comportano per l'utente l'accordo e accettazione incondizionata di tutte le condizioni di utilizzo\u2026","rel":"","context":"Articolo simile","block_context":{"text":"Articolo simile","link":""},"img":{"alt_text":"","src":"","width":0,"height":0},"classes":[]},{"id":7320,"url":"https:\/\/antheianatural.it\/it\/condizioni-generali-di-vendita\/","url_meta":{"origin":7287,"position":3},"title":"Condizioni generali di vendita","author":"antheia","date":"25\/05\/2022","format":false,"excerpt":"Antheia S.r.l., con sede legale in Via XXIV Maggio, 86 - 86170 ISERNIA, Partita IVA 00986120947 e numero di iscrizione al Registro Imprese di ISERNIA con REA nr. _________ (di seguito \u201cAntheia\u201d), rende disponibile a tutti gli utenti la possibilit\u00e0 di acquistare a mezzo Internet i prodotti (di seguito \"Prodotti\")\u2026","rel":"","context":"Articolo simile","block_context":{"text":"Articolo simile","link":""},"img":{"alt_text":"","src":"","width":0,"height":0},"classes":[]},{"id":5101,"url":"https:\/\/antheianatural.it\/it\/chi-siamo\/","url_meta":{"origin":7287,"position":4},"title":"Chi siamo","author":"antheia","date":"26\/02\/2018","format":false,"excerpt":"Antheia Natural Situata nel cuore pulsante del Molise, Antheia Natural\u00a0 \u00e8 nata dalla passione per il benessere e l'amore per la natura. La nostra azienda si impegna a fornire prodotti che non solo nutrono il corpo, ma anche l'anima, attraverso l'uso responsabile delle risorse naturali. Da noi, la salute \u00e8\u2026","rel":"","context":"Articolo simile","block_context":{"text":"Articolo simile","link":""},"img":{"alt_text":"","src":"","width":0,"height":0},"classes":[]},{"id":5489,"url":"https:\/\/antheianatural.it\/it\/shop\/","url_meta":{"origin":7287,"position":5},"title":"Acquista on-line","author":"antheia","date":"03\/03\/2018","format":false,"excerpt":"","rel":"","context":"Articolo simile","block_context":{"text":"Articolo simile","link":""},"img":{"alt_text":"","src":"","width":0,"height":0},"classes":[]}],"jetpack_sharing_enabled":true,"_links":{"self":[{"href":"https:\/\/antheianatural.it\/it\/wp-json\/wp\/v2\/pages\/7287","targetHints":{"allow":["GET"]}}],"collection":[{"href":"https:\/\/antheianatural.it\/it\/wp-json\/wp\/v2\/pages"}],"about":[{"href":"https:\/\/antheianatural.it\/it\/wp-json\/wp\/v2\/types\/page"}],"author":[{"embeddable":true,"href":"https:\/\/antheianatural.it\/it\/wp-json\/wp\/v2\/users\/2"}],"replies":[{"embeddable":true,"href":"https:\/\/antheianatural.it\/it\/wp-json\/wp\/v2\/comments?post=7287"}],"version-history":[{"count":4,"href":"https:\/\/antheianatural.it\/it\/wp-json\/wp\/v2\/pages\/7287\/revisions"}],"predecessor-version":[{"id":7361,"href":"https:\/\/antheianatural.it\/it\/wp-json\/wp\/v2\/pages\/7287\/revisions\/7361"}],"wp:attachment":[{"href":"https:\/\/antheianatural.it\/it\/wp-json\/wp\/v2\/media?parent=7287"}],"curies":[{"name":"wp","href":"https:\/\/api.w.org\/{rel}","templated":true}]}}