{"id":7289,"date":"2022-05-24T10:29:01","date_gmt":"2022-05-24T10:29:01","guid":{"rendered":"https:\/\/antheianatural.it\/?page_id=7289"},"modified":"2022-05-24T13:27:57","modified_gmt":"2022-05-24T13:27:57","slug":"termini-e-condizioni","status":"publish","type":"page","link":"https:\/\/antheianatural.it\/it\/termini-e-condizioni\/","title":{"rendered":"Termini e Condizioni"},"content":{"rendered":"\n<p><strong class=\"privacy-policy-tutorial\">Termini e condizioni di utilizzo del Sito Web<\/strong> <strong>antheianatural.it<\/strong><\/p>\n\n\n\n<h3 class=\"wp-block-heading\">Oggetto<\/h3>\n\n\n\n<p>Il presente documento disciplina i termini e le condizioni di utilizzo del Sito Web <strong>antheianatural.it<\/strong> e dei servizi in esso contenuti.<br>L&#8217;accesso e la navigazione sul Sito Web comportano per l&#8217;utente l&#8217;accordo e accettazione incondizionata di tutte le condizioni di utilizzo di seguito indicate, e l&#8217;impegno ad attenersi alle stesse, nonch\u00e9 ad utilizzare il Sito web nel pieno rispetto delle leggi applicabili.<br>Antheia S.r.l. si riserva il diritto di sospendere o interrompere l&#8217;uso del proprio Sito Web, senza assumersi nessuna responsabilit\u00e0 di questa azione. Si riserva inoltre il diritto di apportare cambiamenti al Sito Web senza nessuna notifica preventiva.<br>Nel Sito, sono reperibili informazioni di carattere generale riguardanti l&#8217;attivit\u00e0 e i prodotti di Antheia S.r.l.<\/p>\n\n\n\n<h3 class=\"wp-block-heading\">Limitazioni<\/h3>\n\n\n\n<p>Le notizie contenute nel Sito Web e a esso collegate hanno un puro scopo generale ed informativo e si prefiggono l&#8217;obiettivo di fornire informazioni sulla societ\u00e0. sui prodotti e sui servizi della stessa.<br>Antheia S.r.l. provvede costantemente a controllare l&#8217;accuratezza e l&#8217;aggiornamento delle informazioni e dei dati contenuti nel Sito Web, tuttavia, non si assume alcuna responsabilit\u00e0 per eventuali imprecisioni, incongruenze, incompletezze o eventuali errori commessi involontariamente o sulla base di dati e\/o informazioni erronee o non aggiornate.<br>Il Sito Web ha carattere informativo e non pu\u00f2 essere considerato quale fonte di origine di informazioni la cui valenza legale presuppone l&#8217;invio tramite mezzi di comunicazione diversi. In questo senso il Sito Web non vuole surrogare la comunicazione aziendale ufficiale.<br>Nel sito sono contenute anche informazioni relative alle aree terapeutiche nelle quali Antheia S.r.l. \u00e8 presente con le sue attivit\u00e0 di ricerca e con i suoi prodotti. Tali informazioni non intendono fornire consigli di natura sanitaria. L&#8217;utente \u00e8 invitato, pertanto, a consultare il proprio medico in caso di precisazioni cliniche relative a malattie, disturbi, sintomi, diagnosi, terapie, effetti collaterali, ed in generale, per qualunque decisione riguardante il proprio stato di salute.<br>N\u00e9 l&#8217;azienda, n\u00e9 alcuna altra parte implicata nella creazione, realizzazione e pubblicazione del Sito Web, e di ogni altro ad esso collegato, possono essere ritenute responsabili in alcun modo per eventuali danni diretti, incidentali, conseguenti e\/o indiretti, che derivino dall&#8217;accesso, uso o mancato uso del Sito Web o di ogni altro sito web ad esso collegato.<br>Gli Utenti sono consapevoli che l&#8217;accesso e l&#8217;utilizzo del Sito Web avviene sotto loro diretta ed esclusiva responsabilit\u00e0.<br>L&#8217;accesso al Sito Web \u00e8 riservato alle persone maggiorenni.<\/p>\n\n\n\n<h3 class=\"wp-block-heading\">Social Disclaimer<\/h3>\n\n\n\n<p>Antheia S.r.l. sceglie di essere presente sui seguenti canali social: Facebook, Twitter, Instagram, TikTok e Youtube. In questi profili sono veicolate informazione sul mondo della salute in generale, sulle piante officinali e sugli stili di vita. I consigli sulla salute che trasmettiamo hanno solo carattere informativo e non diagnostico o terapeutico. Non sostituiscono in alcun modo il parere del medico curante e non possono rispondere ad esigenze di salute personale.<br>Antheia S.r.l. consiglia sempre di rivolgersi al proprio medico, per valutare al meglio il vostro stato di salute, e per intraprendere, quando necessario, la cura pi\u00f9 corretta, che solo uno specialista potr\u00e0 fornirvi.<\/p>\n\n\n\n<h3 class=\"wp-block-heading\">Registrazione e conferimento dei dati<\/h3>\n\n\n\n<p>L&#8217;utente che intende spontaneamente usufruire dei servizi offerti dal Sito Web si impegna a fornire solamente informazioni a lui riferibili, complete, attuali e veritiere. L&#8217;utente si impegna altres\u00ec a comunicare tempestivamente ogni variazione dei dati che riguardano la sua registrazione.<br>Antheia S.r.l. si riserva la facolt\u00e0 di verificare la veridicit\u00e0 dei dati inseriti e di bloccare l&#8217;accesso al Sito Web in caso di utenti che abbiano fornito dati non veritieri o che utilizzino il Sito Web in modo non conforme alle presenti condizioni di utilizzo o alle leggi applicabili.<br>A fronte della registrazione dell&#8217;utente al Sito Web, Antheia S.r.l. non avr\u00e0 alcun obbligo di fornire all&#8217;utente beni o servizi di alcun tipo.<br>I dati raccolti saranno trattati ai soli fini di attivare i servizi che l&#8217;utente richiede, in conformit\u00e0 alla Policy sul trattamento dei dati personali.<br>Resta inteso che ciascun utente \u00e8 responsabile della veridicit\u00e0 dei dati forniti. Nel caso di dichiarazioni false o mendaci l&#8217;utente potr\u00e0 risponderne ai sensi e per gli effetti del codice penale e delle leggi speciali applicabili in materia.<\/p>\n\n\n\n<h3 class=\"wp-block-heading\">Restrizioni di utilizzo in accordo con i diritti connessi alla propriet\u00e0 intellettuale<\/h3>\n\n\n\n<p>Il Sito Web potrebbe contenere elementi quali fotografie, testi e componenti grafiche protette da Copyright, o da altri diritti di propriet\u00e0 intellettuale e\/o industriale.<br>Tutta la documentazione presente sul Sito \u00e8 di propriet\u00e0 di Antheia S.r.l. o ad essa concessa in uso. L&#8217;uso, il download o la stampa delle informazioni contenute nel Sito Web, sono concessi per uso personale. Ogni forma di utilizzo o riproduzione, anche parziale della stessa, destinata a fini commerciali \u00e8 soggetta all&#8217;autorizzazione scritta di Antheia S.r.l., nel rispetto delle normative vigenti.<br>\u00c8 espressamente vietata la copia, la pubblicazione e la riproduzione, parziale o totale, di sezioni di questo Sito Web, salvo approvazione scritta da parte dell&#8217;azienda. Ogni diverso uso deve considerarsi illegittimo e vietato e sar\u00e0 perseguito nei termini previsti dalla legge e\/o da contratto.<br>Antheia S.r.l. declina ogni responsabilit\u00e0 verso terze parti che utilizzano le informazioni del Sito Web violando questi termini e condizioni di utilizzo.<br>Si vieta espressamente di utilizzare il Sito Web in modalit\u00e0 tali da provocare degrado, danno, ritardo e\/o malfunzionamento alla societ\u00e0 Antheia S.r.l. e\/o ad altri utenti Internet, oppure in modalit\u00e0 tali da provocare interruzioni e\/o malfunzionamenti al Sito Web stesso e\/o al software applicativo che ne permette il funzionamento.<br>In particolare, \u00e8 vietata la visita del Sito Web attraverso strumenti automatici come script, &#8220;crawler&#8221; o &#8220;autobots&#8221; avente l&#8217;obiettivo di recuperare e\/o estrarre in modo sistematico informazioni proprietarie e\/o riservate.<\/p>\n\n\n\n<h3 class=\"wp-block-heading\">Copyright<\/h3>\n\n\n\n<p>Il contenuto del Sito (dati, testi, immagini, suoni, ecc.), salvo quanto diversamente specificato, \u00e8 di esclusiva propriet\u00e0 e disponibilit\u00e0 di Antheia S.r.l. e protetto da copyright. L&#8217;utilizzo del Sito Web non attribuisce ai terzi, n\u00e9 a titolo di propriet\u00e0 n\u00e9 di licenza, alcun diritto di sfruttamento economico di tale contenuto.<br>Gli utenti del Sito Web che pongano in essere comportamenti lesivi del copyright di Antheia S.r.l. o di terzi, saranno tenuti a indennizzare Antheia S.r.l. dei danni recati e a manlevare la stessa nei confronti di tutti i reclami, danni, responsabilit\u00e0, procedimenti giudiziari e per qualsiasi altra conseguenza pregiudizievole derivante dalla violazione di diritti di terzi.<\/p>\n\n\n\n<h3 class=\"wp-block-heading\">Marchi<\/h3>\n\n\n\n<p>Il Sito Web contiene collegamenti ipertestuali a siti web di parti terze, che possono offrire informazioni utili ai visitatori dello stesso e del cui contenuto Antheia S.r.l. non \u00e8 responsabile.<br>Si sottolinea che i presenti termini e condizioni di utilizzo non si applicano a tali siti web collegati al Sito Web, e, di conseguenza, le informazioni relative alle modalit\u00e0 di utilizzo e accesso dovranno essere ricercate e consultate nei siti web in questione.<br>I collegamenti a siti di terze parti sono resi disponibili sul Sito Web unicamente per comodit\u00e0 dell&#8217;utente.<br>L&#8217;utente deve quindi prendere atto che il collegamento a siti web terzi avviene sotto la propria esclusiva responsabilit\u00e0.<\/p>\n\n\n\n<h3 class=\"wp-block-heading\">Modifica dei termini e delle condizioni di utilizzo<\/h3>\n\n\n\n<p>Antheia S.r.l. si riserva il diritto di modificare i termini e le condizioni di utilizzo di questo Sito Web in qualsiasi momento. Le nuove condizioni di utilizzo si applicheranno a tutti gli utilizzi del Sito Web successivi alla pubblicazione delle nuove condizioni.<br>Nonostante Antheia S.r.l. si adoperi per inserire nel sito informazioni accurate ed aggiornate, non \u00e8 possibile fornire alcuna garanzia sul contenuto del sito che deve essere quindi opportunamente valutato dall&#8217;utente.<br>Antheia S.r.l. non assume pertanto responsabilit\u00e0 di alcun genere con riferimento all&#8217;utilizzo del sito ed al suo contenuto. In particolare, Antheia S.r.l. non sar\u00e0 responsabile per difetti di accuratezza, aggiornamento, completezza, adeguatezza, tempestivit\u00e0 delle informazioni contenute nel sito n\u00e9 per eventuali danni o virus che possano colpire l&#8217;attrezzatura informatica o altra propriet\u00e0 dell&#8217;utente in conseguenza dell&#8217;accesso, dell&#8217;utilizzo o della navigazione nel sito o dello scaricamento di materiali, dati, testi, immagini, video o audio del sito.<\/p>\n\n\n\n<h3 class=\"wp-block-heading\">Varie<\/h3>\n\n\n\n<p>L&#8217;utente accetta l&#8217;applicazione della Legge Italiana e la giurisdizione esclusiva del Foro di Isernia per tutte le controversie relative o derivanti dall&#8217;utilizzo del Sito Web e\/o dei servizi correlati.<br>Qualora una clausola del presente documento fosse ritenuta invalida o non applicabile ai sensi della Legge Italiana, tale disposizione si considerer\u00e0 superata da una disposizione valida ed applicabile che consenta di raggiungere il pi\u00f9 possibile l&#8217;intento della disposizione originale ed il resto dell&#8217;accordo continuer\u00e0 ad essere valido ed efficace.<br>Una versione stampata del presente accordo, e di qualsiasi comunicazione data in forma elettronica dovr\u00e0 essere considerata quale prova ammissibile in eventuali procedimenti giudiziari o amministrativi.<\/p>\n\n\n\n<p><\/p>\n","protected":false},"excerpt":{"rendered":"<p>Termini e condizioni di utilizzo del Sito Web antheianatural.it Oggetto Il presente documento disciplina i termini e le condizioni di utilizzo del Sito Web antheianatural.it e dei servizi in esso contenuti.L&#8217;accesso e la navigazione sul Sito Web comportano per l&#8217;utente l&#8217;accordo e accettazione incondizionata di tutte le condizioni di utilizzo di seguito indicate, e l&#8217;impegno [&hellip;]<\/p>\n","protected":false},"author":2,"featured_media":0,"parent":0,"menu_order":0,"comment_status":"closed","ping_status":"open","template":"","meta":{"_monsterinsights_skip_tracking":false,"_monsterinsights_sitenote_active":false,"_monsterinsights_sitenote_note":"","_monsterinsights_sitenote_category":0,"footnotes":""},"class_list":["post-7289","page","type-page","status-publish","hentry"],"yoast_head":"<!-- This site is optimized with the Yoast SEO plugin v27.5 - https:\/\/yoast.com\/product\/yoast-seo-wordpress\/ -->\n<title>Termini e Condizioni - Antheia Natural - Integratori alimentari<\/title>\n<meta name=\"robots\" content=\"index, follow, max-snippet:-1, max-image-preview:large, max-video-preview:-1\" \/>\n<link rel=\"canonical\" href=\"https:\/\/antheianatural.it\/it\/termini-e-condizioni\/\" \/>\n<meta property=\"og:locale\" content=\"it_IT\" \/>\n<meta property=\"og:type\" content=\"article\" \/>\n<meta property=\"og:title\" content=\"Termini e Condizioni - Antheia Natural - Integratori alimentari\" \/>\n<meta property=\"og:description\" content=\"Termini e condizioni di utilizzo del Sito Web antheianatural.it Oggetto Il presente documento disciplina i termini e le condizioni di utilizzo del Sito Web antheianatural.it e dei servizi in esso contenuti.L&#8217;accesso e la navigazione sul Sito Web comportano per l&#8217;utente l&#8217;accordo e accettazione incondizionata di tutte le condizioni di utilizzo di seguito indicate, e l&#8217;impegno [&hellip;]\" \/>\n<meta property=\"og:url\" content=\"https:\/\/antheianatural.it\/it\/termini-e-condizioni\/\" \/>\n<meta property=\"og:site_name\" content=\"Antheia Natural - Integratori alimentari\" \/>\n<meta property=\"article:publisher\" content=\"https:\/\/www.facebook.com\/profile.php?id=100087233113728\" \/>\n<meta property=\"article:modified_time\" content=\"2022-05-24T13:27:57+00:00\" \/>\n<meta name=\"twitter:card\" content=\"summary_large_image\" \/>\n<meta name=\"twitter:label1\" content=\"Tempo di lettura stimato\" \/>\n\t<meta name=\"twitter:data1\" content=\"7 minuti\" \/>\n<script type=\"application\/ld+json\" class=\"yoast-schema-graph\">{\"@context\":\"https:\\\/\\\/schema.org\",\"@graph\":[{\"@type\":\"WebPage\",\"@id\":\"https:\\\/\\\/antheianatural.it\\\/termini-e-condizioni\\\/\",\"url\":\"https:\\\/\\\/antheianatural.it\\\/termini-e-condizioni\\\/\",\"name\":\"Termini e Condizioni - Antheia Natural - Integratori alimentari\",\"isPartOf\":{\"@id\":\"https:\\\/\\\/antheianatural.it\\\/#website\"},\"datePublished\":\"2022-05-24T10:29:01+00:00\",\"dateModified\":\"2022-05-24T13:27:57+00:00\",\"breadcrumb\":{\"@id\":\"https:\\\/\\\/antheianatural.it\\\/termini-e-condizioni\\\/#breadcrumb\"},\"inLanguage\":\"it-IT\",\"potentialAction\":[{\"@type\":\"ReadAction\",\"target\":[\"https:\\\/\\\/antheianatural.it\\\/termini-e-condizioni\\\/\"]}]},{\"@type\":\"BreadcrumbList\",\"@id\":\"https:\\\/\\\/antheianatural.it\\\/termini-e-condizioni\\\/#breadcrumb\",\"itemListElement\":[{\"@type\":\"ListItem\",\"position\":1,\"name\":\"Home\",\"item\":\"https:\\\/\\\/antheianatural.it\\\/\"},{\"@type\":\"ListItem\",\"position\":2,\"name\":\"Termini e Condizioni\"}]},{\"@type\":\"WebSite\",\"@id\":\"https:\\\/\\\/antheianatural.it\\\/#website\",\"url\":\"https:\\\/\\\/antheianatural.it\\\/\",\"name\":\"Antheia Natural - Integratori alimentari\",\"description\":\"Benessere autentico per il corpo e per la mente\",\"publisher\":{\"@id\":\"https:\\\/\\\/antheianatural.it\\\/#organization\"},\"potentialAction\":[{\"@type\":\"SearchAction\",\"target\":{\"@type\":\"EntryPoint\",\"urlTemplate\":\"https:\\\/\\\/antheianatural.it\\\/?s={search_term_string}\"},\"query-input\":{\"@type\":\"PropertyValueSpecification\",\"valueRequired\":true,\"valueName\":\"search_term_string\"}}],\"inLanguage\":\"it-IT\"},{\"@type\":\"Organization\",\"@id\":\"https:\\\/\\\/antheianatural.it\\\/#organization\",\"name\":\"Antheia Natural\",\"url\":\"https:\\\/\\\/antheianatural.it\\\/\",\"logo\":{\"@type\":\"ImageObject\",\"inLanguage\":\"it-IT\",\"@id\":\"https:\\\/\\\/antheianatural.it\\\/#\\\/schema\\\/logo\\\/image\\\/\",\"url\":\"https:\\\/\\\/antheianatural.it\\\/wp-content\\\/uploads\\\/2022\\\/05\\\/antheia-foto-slide-logo.png\",\"contentUrl\":\"https:\\\/\\\/antheianatural.it\\\/wp-content\\\/uploads\\\/2022\\\/05\\\/antheia-foto-slide-logo.png\",\"width\":817,\"height\":766,\"caption\":\"Antheia Natural\"},\"image\":{\"@id\":\"https:\\\/\\\/antheianatural.it\\\/#\\\/schema\\\/logo\\\/image\\\/\"},\"sameAs\":[\"https:\\\/\\\/www.facebook.com\\\/profile.php?id=100087233113728\"]}]}<\/script>\n<!-- \/ Yoast SEO plugin. -->","yoast_head_json":{"title":"Termini e Condizioni - Antheia Natural - Integratori alimentari","robots":{"index":"index","follow":"follow","max-snippet":"max-snippet:-1","max-image-preview":"max-image-preview:large","max-video-preview":"max-video-preview:-1"},"canonical":"https:\/\/antheianatural.it\/it\/termini-e-condizioni\/","og_locale":"it_IT","og_type":"article","og_title":"Termini e Condizioni - Antheia Natural - Integratori alimentari","og_description":"Termini e condizioni di utilizzo del Sito Web antheianatural.it Oggetto Il presente documento disciplina i termini e le condizioni di utilizzo del Sito Web antheianatural.it e dei servizi in esso contenuti.L&#8217;accesso e la navigazione sul Sito Web comportano per l&#8217;utente l&#8217;accordo e accettazione incondizionata di tutte le condizioni di utilizzo di seguito indicate, e l&#8217;impegno [&hellip;]","og_url":"https:\/\/antheianatural.it\/it\/termini-e-condizioni\/","og_site_name":"Antheia Natural - Integratori alimentari","article_publisher":"https:\/\/www.facebook.com\/profile.php?id=100087233113728","article_modified_time":"2022-05-24T13:27:57+00:00","twitter_card":"summary_large_image","twitter_misc":{"Tempo di lettura stimato":"7 minuti"},"schema":{"@context":"https:\/\/schema.org","@graph":[{"@type":"WebPage","@id":"https:\/\/antheianatural.it\/termini-e-condizioni\/","url":"https:\/\/antheianatural.it\/termini-e-condizioni\/","name":"Termini e Condizioni - Antheia Natural - Integratori alimentari","isPartOf":{"@id":"https:\/\/antheianatural.it\/#website"},"datePublished":"2022-05-24T10:29:01+00:00","dateModified":"2022-05-24T13:27:57+00:00","breadcrumb":{"@id":"https:\/\/antheianatural.it\/termini-e-condizioni\/#breadcrumb"},"inLanguage":"it-IT","potentialAction":[{"@type":"ReadAction","target":["https:\/\/antheianatural.it\/termini-e-condizioni\/"]}]},{"@type":"BreadcrumbList","@id":"https:\/\/antheianatural.it\/termini-e-condizioni\/#breadcrumb","itemListElement":[{"@type":"ListItem","position":1,"name":"Home","item":"https:\/\/antheianatural.it\/"},{"@type":"ListItem","position":2,"name":"Termini e Condizioni"}]},{"@type":"WebSite","@id":"https:\/\/antheianatural.it\/#website","url":"https:\/\/antheianatural.it\/","name":"Antheia Natural - Integratori alimentari","description":"Benessere autentico per il corpo e per la mente","publisher":{"@id":"https:\/\/antheianatural.it\/#organization"},"potentialAction":[{"@type":"SearchAction","target":{"@type":"EntryPoint","urlTemplate":"https:\/\/antheianatural.it\/?s={search_term_string}"},"query-input":{"@type":"PropertyValueSpecification","valueRequired":true,"valueName":"search_term_string"}}],"inLanguage":"it-IT"},{"@type":"Organization","@id":"https:\/\/antheianatural.it\/#organization","name":"Antheia Natural","url":"https:\/\/antheianatural.it\/","logo":{"@type":"ImageObject","inLanguage":"it-IT","@id":"https:\/\/antheianatural.it\/#\/schema\/logo\/image\/","url":"https:\/\/antheianatural.it\/wp-content\/uploads\/2022\/05\/antheia-foto-slide-logo.png","contentUrl":"https:\/\/antheianatural.it\/wp-content\/uploads\/2022\/05\/antheia-foto-slide-logo.png","width":817,"height":766,"caption":"Antheia Natural"},"image":{"@id":"https:\/\/antheianatural.it\/#\/schema\/logo\/image\/"},"sameAs":["https:\/\/www.facebook.com\/profile.php?id=100087233113728"]}]}},"jetpack-related-posts":[{"id":7297,"url":"https:\/\/antheianatural.it\/it\/cookie-policy\/","url_meta":{"origin":7289,"position":0},"title":"Cookie policy","author":"antheia","date":"24\/05\/2022","format":false,"excerpt":"Informativa relativa al trattamento dei dati personali degli utenti online Cookie Policy ai sensi del Regolamento UE 2016\/679 (\"GDPR\") Titolare del trattamento e Responsabile della Protezione dei Dati personali (DPO) Titolare del trattamento \u00e8 Antheia S.r.l. con sede legale in Via XXIV Maggio, 86 - 86170 ISERNIA, Partita IVA 00986120947\u2026","rel":"","context":"Articolo simile","block_context":{"text":"Articolo simile","link":""},"img":{"alt_text":"","src":"","width":0,"height":0},"classes":[]},{"id":7287,"url":"https:\/\/antheianatural.it\/it\/privacy-policy\/","url_meta":{"origin":7289,"position":1},"title":"Privacy Policy","author":"antheia","date":"24\/05\/2022","format":false,"excerpt":"Informativa e consenso ai sensi del regolamento (UE) 2016\/679 del parlamento europeo e del consiglio del 27 aprile 2016 Di seguito Antheia S.r.l. (Societ\u00e0) fornisce ai sensi dell'articolo 13 del Regolamento europeo n. 2016\/679, alcune informazioni relative al trattamento dei dati personali in occasione della visita al sito antheianatural.it (Sito\u2026","rel":"","context":"Articolo simile","block_context":{"text":"Articolo simile","link":""},"img":{"alt_text":"","src":"","width":0,"height":0},"classes":[]},{"id":7320,"url":"https:\/\/antheianatural.it\/it\/condizioni-generali-di-vendita\/","url_meta":{"origin":7289,"position":2},"title":"Condizioni generali di vendita","author":"antheia","date":"25\/05\/2022","format":false,"excerpt":"Antheia S.r.l., con sede legale in Via XXIV Maggio, 86 - 86170 ISERNIA, Partita IVA 00986120947 e numero di iscrizione al Registro Imprese di ISERNIA con REA nr. _________ (di seguito \u201cAntheia\u201d), rende disponibile a tutti gli utenti la possibilit\u00e0 di acquistare a mezzo Internet i prodotti (di seguito \"Prodotti\")\u2026","rel":"","context":"Articolo simile","block_context":{"text":"Articolo simile","link":""},"img":{"alt_text":"","src":"","width":0,"height":0},"classes":[]},{"id":7266,"url":"https:\/\/antheianatural.it\/it\/newsletter-policy\/","url_meta":{"origin":7289,"position":3},"title":"Newsletter policy","author":"antheia","date":"21\/05\/2022","format":false,"excerpt":"Informativa relativa al trattamento dei dati personali (art. 13 del regolamento UE 2016\/679 \"GDPR\") - Newsletter Titolare del trattamento e responsabile per la protezione dati (DPO) Antheia srl: Via XXIV Maggio, 86 - 86170 ISERNIA - info@antheianatural.it Definizione di \"Dati\" Per \"Dati\" si intendono dati comuni relativi a persone fisiche\u2026","rel":"","context":"Articolo simile","block_context":{"text":"Articolo simile","link":""},"img":{"alt_text":"","src":"","width":0,"height":0},"classes":[]},{"id":5671,"url":"https:\/\/antheianatural.it\/it\/faq\/","url_meta":{"origin":7289,"position":4},"title":"FAQ","author":"antheia","date":"08\/03\/2018","format":false,"excerpt":"........... Domande Frequenti Che cos'\u00e8 un integratore alimentare?Un integratore alimentare \u00e8 un tipo di prodotto progettato per completare la dieta normale. Fornisce nutrienti concentrati, come vitamine e minerali, o altre sostanze con benefici nutrizionali o fisiologici, quali aminoacidi, acidi grassi essenziali, fibre e estratti vegetali. Questi possono essere presentati in\u2026","rel":"","context":"Articolo simile","block_context":{"text":"Articolo simile","link":""},"img":{"alt_text":"","src":"","width":0,"height":0},"classes":[]},{"id":5490,"url":"https:\/\/antheianatural.it\/it\/cart\/","url_meta":{"origin":7289,"position":5},"title":"Cart","author":"antheia","date":"03\/03\/2018","format":false,"excerpt":"","rel":"","context":"Articolo simile","block_context":{"text":"Articolo simile","link":""},"img":{"alt_text":"","src":"","width":0,"height":0},"classes":[]}],"jetpack_sharing_enabled":true,"_links":{"self":[{"href":"https:\/\/antheianatural.it\/it\/wp-json\/wp\/v2\/pages\/7289","targetHints":{"allow":["GET"]}}],"collection":[{"href":"https:\/\/antheianatural.it\/it\/wp-json\/wp\/v2\/pages"}],"about":[{"href":"https:\/\/antheianatural.it\/it\/wp-json\/wp\/v2\/types\/page"}],"author":[{"embeddable":true,"href":"https:\/\/antheianatural.it\/it\/wp-json\/wp\/v2\/users\/2"}],"replies":[{"embeddable":true,"href":"https:\/\/antheianatural.it\/it\/wp-json\/wp\/v2\/comments?post=7289"}],"version-history":[{"count":2,"href":"https:\/\/antheianatural.it\/it\/wp-json\/wp\/v2\/pages\/7289\/revisions"}],"predecessor-version":[{"id":7292,"href":"https:\/\/antheianatural.it\/it\/wp-json\/wp\/v2\/pages\/7289\/revisions\/7292"}],"wp:attachment":[{"href":"https:\/\/antheianatural.it\/it\/wp-json\/wp\/v2\/media?parent=7289"}],"curies":[{"name":"wp","href":"https:\/\/api.w.org\/{rel}","templated":true}]}}