{"id":7197,"date":"2022-05-11T14:48:09","date_gmt":"2022-05-11T14:48:09","guid":{"rendered":"https:\/\/antheianatural.it\/?post_type=product&#038;p=7197"},"modified":"2026-02-28T04:51:42","modified_gmt":"2026-02-28T04:51:42","slug":"giok","status":"publish","type":"product","link":"https:\/\/antheianatural.it\/it\/prodotto\/giok\/","title":{"rendered":"Giok"},"content":{"rendered":"<p><b>Giok <\/b>\u00e8 un integratore alimentare a base di Bromellna e Curcuma Meriva\u00ae.<\/p>\n<h5>Scheda Riassuntiva delle caratteristiche del prodotto<\/h5>\n<ul>\n<li><strong>Denominazione del Prodotto:<\/strong> GIOK 20cpr<\/li>\n<li><strong>Ditta Produttrice:<\/strong> Antheia Srl<\/li>\n<li><strong>Categoria Prodotto:<\/strong> Integratori di regime e alimenti speciali<\/li>\n<li><strong>Tipo Prodotto:<\/strong> Parafarmaco uso umano<\/li>\n<li><strong>Forma Farmaceutica:<\/strong> Compresse<\/li>\n<li><strong>Note AIFA:<\/strong> Questo prodotto non ha <a title=\"Note AIFA\" href=\"https:\/\/www.aifa.gov.it\/web\/guest\/note-aifa\" target=\"_blank\" rel=\"noopener\">note Aifa<\/a><\/li>\n<\/ul>\n<p><strong>INDICAZIONI DI UTILIZZO:<\/strong> GIOK \u00e8 indicato per chi cerca un supporto naturale contro le infiammazioni, desiderando beneficiare delle propriet\u00e0 antinfiammatorie e antiossidanti della Bromelina e della Curcuma Meriva\u00ae.<\/p>\n<p><strong>INGREDIENTI:<\/strong> Agenti di carica: Cellulosa. Curcumina da Curcuma Longa (Curcuma Meriva\u00ae), Bromelina 2500 GDU\/g microincapsulata, Agente antiagglomerante: Biossido di silicio, Magnesio Stearato.<\/p>\n<p><strong>MODALIT\u00c0 D&#8217;USO:<\/strong> Si consiglia di assumere una o due compresse di GIOK al giorno, preferibilmente poco prima dei pasti principali o secondo consiglio medico.<\/p>\n<p><strong>AVVERTENZE:<\/strong> Non superare la dose giornaliera consigliata. Tenere fuori dalla portata dei bambini al di sotto dei tre anni. Gli integratori non sono sostitutivi di una dieta varia ed equilibrata e di un sano stile di vita. Consultare il medico in gravidanza, allattamento o in caso di allergie.<\/p>\n","protected":false},"excerpt":{"rendered":"<h3><strong>GIOK: Il Tuo Alleato Naturale Contro le Infiammazioni<\/strong><\/h3>\n<p><b>Giok <\/b>\u00e8 un integratore alimentare a base di Bromellna e Curcuma Meriva\u00ae.<\/p>\n<div  class=\"bullet-list style-1  check\">\n<ul>\n<li><strong>Antinfiammatorio naturale:<\/strong> Grazie alla combinazione di Bromelina e Curcuma Meriva\u00ae, GIOK offre un potente effetto antinfiammatorio, utile per contrastare stati infiammatori e dolori articolari.<\/li>\n<li><strong>Supporto antiossidante:<\/strong> La Curcuma Meriva\u00ae, una forma di curcumina ad alta biodisponibilit\u00e0, fornisce un&#8217;efficace azione antiossidante, proteggendo le cellule dallo stress ossidativo.<\/li>\n<li><strong>Miglioramento della digestione:<\/strong> La Bromelina, enzima estratto dall&#8217;ananas, favorisce la digestione e l&#8217;assorbimento dei nutrienti, alleviando gonfiori e disagi gastrointestinali.<\/li>\n<li><strong>Supporto al sistema immunitario:<\/strong> GIOK, con i suoi ingredienti naturali, contribuisce a rafforzare le difese immunitarie del corpo.<\/li>\n<\/ul><\/div>\n<blockquote>\n<h4>Spese di spedizione gratuite per chi acquista 3 o pi\u00f9 confezioni.<\/h4>\n<\/blockquote>\n","protected":false},"featured_media":8085,"comment_status":"open","ping_status":"closed","template":"","meta":{"_monsterinsights_skip_tracking":false,"_monsterinsights_sitenote_active":false,"_monsterinsights_sitenote_note":"","_monsterinsights_sitenote_category":0},"product_brand":[],"product_cat":[57],"product_tag":[65,66],"class_list":{"0":"post-7197","1":"product","2":"type-product","3":"status-publish","4":"has-post-thumbnail","6":"product_cat-integratore-alimentare","7":"product_tag-bromellna","8":"product_tag-curcuma","10":"first","11":"instock","12":"taxable","13":"shipping-taxable","14":"purchasable","15":"product-type-simple"},"yoast_head":"<!-- This site is optimized with the Yoast SEO plugin v27.5 - https:\/\/yoast.com\/product\/yoast-seo-wordpress\/ -->\n<title>Giok - Antheia Natural - Integratori alimentari<\/title>\n<meta name=\"description\" content=\"Esplora i benefici antinfiammatori e antiossidanti di GIOK, l&#039;integratore a base di Bromelina e Curcuma Meriva\u00ae, per un supporto naturale al tuo benessere quotidiano.\" \/>\n<meta name=\"robots\" content=\"index, follow, max-snippet:-1, max-image-preview:large, max-video-preview:-1\" \/>\n<link rel=\"canonical\" href=\"https:\/\/antheianatural.it\/it\/prodotto\/giok\/\" \/>\n<meta property=\"og:locale\" content=\"it_IT\" \/>\n<meta property=\"og:type\" content=\"article\" \/>\n<meta property=\"og:title\" content=\"Giok - Antheia Natural - Integratori alimentari\" \/>\n<meta property=\"og:description\" content=\"Esplora i benefici antinfiammatori e antiossidanti di GIOK, l&#039;integratore a base di Bromelina e Curcuma Meriva\u00ae, per un supporto naturale al tuo benessere quotidiano.\" \/>\n<meta property=\"og:url\" content=\"https:\/\/antheianatural.it\/it\/prodotto\/giok\/\" \/>\n<meta property=\"og:site_name\" content=\"Antheia Natural - Integratori alimentari\" \/>\n<meta property=\"article:publisher\" content=\"https:\/\/www.facebook.com\/profile.php?id=100087233113728\" \/>\n<meta property=\"article:modified_time\" content=\"2026-02-28T04:51:42+00:00\" \/>\n<meta property=\"og:image\" content=\"https:\/\/antheianatural.it\/wp-content\/uploads\/2022\/05\/image_GsS-giok-2.jpeg\" \/>\n\t<meta property=\"og:image:width\" content=\"2048\" \/>\n\t<meta property=\"og:image:height\" content=\"2048\" \/>\n\t<meta property=\"og:image:type\" content=\"image\/jpeg\" \/>\n<meta name=\"twitter:card\" content=\"summary_large_image\" \/>\n<meta name=\"twitter:label1\" content=\"Tempo di lettura stimato\" \/>\n\t<meta name=\"twitter:data1\" content=\"2 minuti\" \/>\n<script type=\"application\/ld+json\" class=\"yoast-schema-graph\">{\"@context\":\"https:\\\/\\\/schema.org\",\"@graph\":[{\"@type\":\"WebPage\",\"@id\":\"https:\\\/\\\/antheianatural.it\\\/prodotto\\\/giok\\\/\",\"url\":\"https:\\\/\\\/antheianatural.it\\\/prodotto\\\/giok\\\/\",\"name\":\"Giok - Antheia Natural - Integratori alimentari\",\"isPartOf\":{\"@id\":\"https:\\\/\\\/antheianatural.it\\\/#website\"},\"primaryImageOfPage\":{\"@id\":\"https:\\\/\\\/antheianatural.it\\\/prodotto\\\/giok\\\/#primaryimage\"},\"image\":{\"@id\":\"https:\\\/\\\/antheianatural.it\\\/prodotto\\\/giok\\\/#primaryimage\"},\"thumbnailUrl\":\"https:\\\/\\\/antheianatural.it\\\/wp-content\\\/uploads\\\/2022\\\/05\\\/image_GsS-giok-2.jpeg\",\"datePublished\":\"2022-05-11T14:48:09+00:00\",\"dateModified\":\"2026-02-28T04:51:42+00:00\",\"description\":\"Esplora i benefici antinfiammatori e antiossidanti di GIOK, l'integratore a base di Bromelina e Curcuma Meriva\u00ae, per un supporto naturale al tuo benessere quotidiano.\",\"breadcrumb\":{\"@id\":\"https:\\\/\\\/antheianatural.it\\\/prodotto\\\/giok\\\/#breadcrumb\"},\"inLanguage\":\"it-IT\",\"potentialAction\":[{\"@type\":\"ReadAction\",\"target\":[\"https:\\\/\\\/antheianatural.it\\\/prodotto\\\/giok\\\/\"]}]},{\"@type\":\"ImageObject\",\"inLanguage\":\"it-IT\",\"@id\":\"https:\\\/\\\/antheianatural.it\\\/prodotto\\\/giok\\\/#primaryimage\",\"url\":\"https:\\\/\\\/antheianatural.it\\\/wp-content\\\/uploads\\\/2022\\\/05\\\/image_GsS-giok-2.jpeg\",\"contentUrl\":\"https:\\\/\\\/antheianatural.it\\\/wp-content\\\/uploads\\\/2022\\\/05\\\/image_GsS-giok-2.jpeg\",\"width\":2048,\"height\":2048},{\"@type\":\"BreadcrumbList\",\"@id\":\"https:\\\/\\\/antheianatural.it\\\/prodotto\\\/giok\\\/#breadcrumb\",\"itemListElement\":[{\"@type\":\"ListItem\",\"position\":1,\"name\":\"Home\",\"item\":\"https:\\\/\\\/antheianatural.it\\\/\"},{\"@type\":\"ListItem\",\"position\":2,\"name\":\"Acquista on-line\",\"item\":\"https:\\\/\\\/antheianatural.it\\\/shop\\\/\"},{\"@type\":\"ListItem\",\"position\":3,\"name\":\"Giok\"}]},{\"@type\":\"WebSite\",\"@id\":\"https:\\\/\\\/antheianatural.it\\\/#website\",\"url\":\"https:\\\/\\\/antheianatural.it\\\/\",\"name\":\"Antheia Natural - Integratori alimentari\",\"description\":\"Benessere autentico per il corpo e per la mente\",\"publisher\":{\"@id\":\"https:\\\/\\\/antheianatural.it\\\/#organization\"},\"potentialAction\":[{\"@type\":\"SearchAction\",\"target\":{\"@type\":\"EntryPoint\",\"urlTemplate\":\"https:\\\/\\\/antheianatural.it\\\/?s={search_term_string}\"},\"query-input\":{\"@type\":\"PropertyValueSpecification\",\"valueRequired\":true,\"valueName\":\"search_term_string\"}}],\"inLanguage\":\"it-IT\"},{\"@type\":\"Organization\",\"@id\":\"https:\\\/\\\/antheianatural.it\\\/#organization\",\"name\":\"Antheia Natural\",\"url\":\"https:\\\/\\\/antheianatural.it\\\/\",\"logo\":{\"@type\":\"ImageObject\",\"inLanguage\":\"it-IT\",\"@id\":\"https:\\\/\\\/antheianatural.it\\\/#\\\/schema\\\/logo\\\/image\\\/\",\"url\":\"https:\\\/\\\/antheianatural.it\\\/wp-content\\\/uploads\\\/2022\\\/05\\\/antheia-foto-slide-logo.png\",\"contentUrl\":\"https:\\\/\\\/antheianatural.it\\\/wp-content\\\/uploads\\\/2022\\\/05\\\/antheia-foto-slide-logo.png\",\"width\":817,\"height\":766,\"caption\":\"Antheia Natural\"},\"image\":{\"@id\":\"https:\\\/\\\/antheianatural.it\\\/#\\\/schema\\\/logo\\\/image\\\/\"},\"sameAs\":[\"https:\\\/\\\/www.facebook.com\\\/profile.php?id=100087233113728\"]}]}<\/script>\n<!-- \/ Yoast SEO plugin. -->","yoast_head_json":{"title":"Giok - Antheia Natural - Integratori alimentari","description":"Esplora i benefici antinfiammatori e antiossidanti di GIOK, l'integratore a base di Bromelina e Curcuma Meriva\u00ae, per un supporto naturale al tuo benessere quotidiano.","robots":{"index":"index","follow":"follow","max-snippet":"max-snippet:-1","max-image-preview":"max-image-preview:large","max-video-preview":"max-video-preview:-1"},"canonical":"https:\/\/antheianatural.it\/it\/prodotto\/giok\/","og_locale":"it_IT","og_type":"article","og_title":"Giok - Antheia Natural - Integratori alimentari","og_description":"Esplora i benefici antinfiammatori e antiossidanti di GIOK, l'integratore a base di Bromelina e Curcuma Meriva\u00ae, per un supporto naturale al tuo benessere quotidiano.","og_url":"https:\/\/antheianatural.it\/it\/prodotto\/giok\/","og_site_name":"Antheia Natural - Integratori alimentari","article_publisher":"https:\/\/www.facebook.com\/profile.php?id=100087233113728","article_modified_time":"2026-02-28T04:51:42+00:00","og_image":[{"width":2048,"height":2048,"url":"https:\/\/antheianatural.it\/wp-content\/uploads\/2022\/05\/image_GsS-giok-2.jpeg","type":"image\/jpeg"}],"twitter_card":"summary_large_image","twitter_misc":{"Tempo di lettura stimato":"2 minuti"},"schema":{"@context":"https:\/\/schema.org","@graph":[{"@type":"WebPage","@id":"https:\/\/antheianatural.it\/prodotto\/giok\/","url":"https:\/\/antheianatural.it\/prodotto\/giok\/","name":"Giok - Antheia Natural - Integratori alimentari","isPartOf":{"@id":"https:\/\/antheianatural.it\/#website"},"primaryImageOfPage":{"@id":"https:\/\/antheianatural.it\/prodotto\/giok\/#primaryimage"},"image":{"@id":"https:\/\/antheianatural.it\/prodotto\/giok\/#primaryimage"},"thumbnailUrl":"https:\/\/antheianatural.it\/wp-content\/uploads\/2022\/05\/image_GsS-giok-2.jpeg","datePublished":"2022-05-11T14:48:09+00:00","dateModified":"2026-02-28T04:51:42+00:00","description":"Esplora i benefici antinfiammatori e antiossidanti di GIOK, l'integratore a base di Bromelina e Curcuma Meriva\u00ae, per un supporto naturale al tuo benessere quotidiano.","breadcrumb":{"@id":"https:\/\/antheianatural.it\/prodotto\/giok\/#breadcrumb"},"inLanguage":"it-IT","potentialAction":[{"@type":"ReadAction","target":["https:\/\/antheianatural.it\/prodotto\/giok\/"]}]},{"@type":"ImageObject","inLanguage":"it-IT","@id":"https:\/\/antheianatural.it\/prodotto\/giok\/#primaryimage","url":"https:\/\/antheianatural.it\/wp-content\/uploads\/2022\/05\/image_GsS-giok-2.jpeg","contentUrl":"https:\/\/antheianatural.it\/wp-content\/uploads\/2022\/05\/image_GsS-giok-2.jpeg","width":2048,"height":2048},{"@type":"BreadcrumbList","@id":"https:\/\/antheianatural.it\/prodotto\/giok\/#breadcrumb","itemListElement":[{"@type":"ListItem","position":1,"name":"Home","item":"https:\/\/antheianatural.it\/"},{"@type":"ListItem","position":2,"name":"Acquista on-line","item":"https:\/\/antheianatural.it\/shop\/"},{"@type":"ListItem","position":3,"name":"Giok"}]},{"@type":"WebSite","@id":"https:\/\/antheianatural.it\/#website","url":"https:\/\/antheianatural.it\/","name":"Antheia Natural - Integratori alimentari","description":"Benessere autentico per il corpo e per la mente","publisher":{"@id":"https:\/\/antheianatural.it\/#organization"},"potentialAction":[{"@type":"SearchAction","target":{"@type":"EntryPoint","urlTemplate":"https:\/\/antheianatural.it\/?s={search_term_string}"},"query-input":{"@type":"PropertyValueSpecification","valueRequired":true,"valueName":"search_term_string"}}],"inLanguage":"it-IT"},{"@type":"Organization","@id":"https:\/\/antheianatural.it\/#organization","name":"Antheia Natural","url":"https:\/\/antheianatural.it\/","logo":{"@type":"ImageObject","inLanguage":"it-IT","@id":"https:\/\/antheianatural.it\/#\/schema\/logo\/image\/","url":"https:\/\/antheianatural.it\/wp-content\/uploads\/2022\/05\/antheia-foto-slide-logo.png","contentUrl":"https:\/\/antheianatural.it\/wp-content\/uploads\/2022\/05\/antheia-foto-slide-logo.png","width":817,"height":766,"caption":"Antheia Natural"},"image":{"@id":"https:\/\/antheianatural.it\/#\/schema\/logo\/image\/"},"sameAs":["https:\/\/www.facebook.com\/profile.php?id=100087233113728"]}]}},"jetpack-related-posts":[{"id":7576,"url":"https:\/\/antheianatural.it\/it\/prodotto\/flogotyn-curcuma-meriva\/","url_meta":{"origin":7197,"position":0},"title":"Flogotyn","author":"antheia","date":"15\/01\/2023","format":false,"excerpt":"Flogotyn: Benessere e Vitalit\u00e0 con la Forza della Curcuma Meriva\u00ae Flogotyn \u00e8 un integratore alimentare formulato con Curcuma Meriva\u00ae, noto per le sue straordinarie propriet\u00e0 benefiche. Progettato per supportare coloro che necessitano di colmare le carenze nutrizionali o hanno un fabbisogno aumentato di questo prezioso nutriente, Flogotyn \u00e8 il compagno\u2026","rel":"","context":"Articolo simile","block_context":{"text":"Articolo simile","link":""},"img":{"alt_text":"Integratore alimentare a base di Curcuma Meriva\u00ae \u00e8 la soluzione ideale per chi cerca un aiuto naturale per colmare le carenze nutrizionali o l'aumentato fabbisogno di tale nutriente","src":"https:\/\/i0.wp.com\/antheianatural.it\/wp-content\/uploads\/2023\/01\/Antheia-flogotyn-1.offerta.jpg?resize=350%2C200&ssl=1","width":350,"height":200,"srcset":"https:\/\/i0.wp.com\/antheianatural.it\/wp-content\/uploads\/2023\/01\/Antheia-flogotyn-1.offerta.jpg?resize=350%2C200&ssl=1 1x, https:\/\/i0.wp.com\/antheianatural.it\/wp-content\/uploads\/2023\/01\/Antheia-flogotyn-1.offerta.jpg?resize=525%2C300&ssl=1 1.5x, https:\/\/i0.wp.com\/antheianatural.it\/wp-content\/uploads\/2023\/01\/Antheia-flogotyn-1.offerta.jpg?resize=700%2C400&ssl=1 2x, https:\/\/i0.wp.com\/antheianatural.it\/wp-content\/uploads\/2023\/01\/Antheia-flogotyn-1.offerta.jpg?resize=1050%2C600&ssl=1 3x, https:\/\/i0.wp.com\/antheianatural.it\/wp-content\/uploads\/2023\/01\/Antheia-flogotyn-1.offerta.jpg?resize=1400%2C800&ssl=1 4x"},"classes":[]},{"id":7553,"url":"https:\/\/antheianatural.it\/it\/prodotto\/evaflog\/","url_meta":{"origin":7197,"position":1},"title":"Evaflog","author":"antheia","date":"14\/01\/2023","format":false,"excerpt":"Evaflog: Integratore per il Microcircolo Evaflog \u00e8 un integratore alimentare formulato per chi desidera mantenere in salute il proprio microcircolo e colmare eventuali carenze nutrizionali. Grazie alla sua composizione unica, offre diversi benefici: Spese di spedizione gratuite per chi acquista 3 o pi\u00f9 confezioni.","rel":"","context":"Articolo simile","block_context":{"text":"Articolo simile","link":""},"img":{"alt_text":"","src":"https:\/\/i0.wp.com\/antheianatural.it\/wp-content\/uploads\/2023\/01\/image_-Sz-evaflog.jpeg?resize=350%2C200&ssl=1","width":350,"height":200,"srcset":"https:\/\/i0.wp.com\/antheianatural.it\/wp-content\/uploads\/2023\/01\/image_-Sz-evaflog.jpeg?resize=350%2C200&ssl=1 1x, https:\/\/i0.wp.com\/antheianatural.it\/wp-content\/uploads\/2023\/01\/image_-Sz-evaflog.jpeg?resize=525%2C300&ssl=1 1.5x, https:\/\/i0.wp.com\/antheianatural.it\/wp-content\/uploads\/2023\/01\/image_-Sz-evaflog.jpeg?resize=700%2C400&ssl=1 2x"},"classes":[]},{"id":7591,"url":"https:\/\/antheianatural.it\/it\/prodotto\/maculsine-dha\/","url_meta":{"origin":7197,"position":2},"title":"Maculsine","author":"antheia","date":"18\/01\/2023","format":false,"excerpt":"Maculsine: Nutrienti Essenziali per Mente e Vista Maculsine \u00e8 l'integratore ideale per chi cerca di migliorare la propria salute cerebrale e visiva. Formulato con un mix esclusivo di nutrienti essenziali, offre diversi benefici: Spese di spedizione gratuite e sconto del 10% per chi acquista 3 o pi\u00f9 confezioni.","rel":"","context":"Articolo simile","block_context":{"text":"Articolo simile","link":""},"img":{"alt_text":"","src":"https:\/\/i0.wp.com\/antheianatural.it\/wp-content\/uploads\/2023\/01\/antheia-foto-prodotto-maculsine-sc10.jpg?resize=350%2C200&ssl=1","width":350,"height":200,"srcset":"https:\/\/i0.wp.com\/antheianatural.it\/wp-content\/uploads\/2023\/01\/antheia-foto-prodotto-maculsine-sc10.jpg?resize=350%2C200&ssl=1 1x, https:\/\/i0.wp.com\/antheianatural.it\/wp-content\/uploads\/2023\/01\/antheia-foto-prodotto-maculsine-sc10.jpg?resize=525%2C300&ssl=1 1.5x, https:\/\/i0.wp.com\/antheianatural.it\/wp-content\/uploads\/2023\/01\/antheia-foto-prodotto-maculsine-sc10.jpg?resize=700%2C400&ssl=1 2x, https:\/\/i0.wp.com\/antheianatural.it\/wp-content\/uploads\/2023\/01\/antheia-foto-prodotto-maculsine-sc10.jpg?resize=1050%2C600&ssl=1 3x, https:\/\/i0.wp.com\/antheianatural.it\/wp-content\/uploads\/2023\/01\/antheia-foto-prodotto-maculsine-sc10.jpg?resize=1400%2C800&ssl=1 4x"},"classes":[]},{"id":7752,"url":"https:\/\/antheianatural.it\/it\/prodotto\/colesterol-down\/","url_meta":{"origin":7197,"position":3},"title":"Colesterol Down","author":"antheia","date":"10\/08\/2023","format":false,"excerpt":"Equilibrio Colesterolo: La Formula Naturale di Colesterol Down Colesterol Down \u00e8 l'integratore alimentare ideato per coloro che cercano una soluzione naturale per supportare la gestione del colesterolo. Con una formula specifica che include Bromelina e Lievito di Riso Rosso Fermentato, offre numerosi benefici: Spese di spedizione gratuite e sconto del\u2026","rel":"","context":"Articolo simile","block_context":{"text":"Articolo simile","link":""},"img":{"alt_text":"","src":"https:\/\/i0.wp.com\/antheianatural.it\/wp-content\/uploads\/2023\/08\/antheia-foto-prodotto-colesterol-down-2.jpg?resize=350%2C200&ssl=1","width":350,"height":200,"srcset":"https:\/\/i0.wp.com\/antheianatural.it\/wp-content\/uploads\/2023\/08\/antheia-foto-prodotto-colesterol-down-2.jpg?resize=350%2C200&ssl=1 1x, https:\/\/i0.wp.com\/antheianatural.it\/wp-content\/uploads\/2023\/08\/antheia-foto-prodotto-colesterol-down-2.jpg?resize=525%2C300&ssl=1 1.5x, https:\/\/i0.wp.com\/antheianatural.it\/wp-content\/uploads\/2023\/08\/antheia-foto-prodotto-colesterol-down-2.jpg?resize=700%2C400&ssl=1 2x, https:\/\/i0.wp.com\/antheianatural.it\/wp-content\/uploads\/2023\/08\/antheia-foto-prodotto-colesterol-down-2.jpg?resize=1050%2C600&ssl=1 3x, https:\/\/i0.wp.com\/antheianatural.it\/wp-content\/uploads\/2023\/08\/antheia-foto-prodotto-colesterol-down-2.jpg?resize=1400%2C800&ssl=1 4x"},"classes":[]},{"id":8706,"url":"https:\/\/antheianatural.it\/it\/prodotto\/vitreo-trofina\/","url_meta":{"origin":7197,"position":4},"title":"Vitreo Trofina","author":"antheia","date":"18\/06\/2025","format":false,"excerpt":"Equilibrio Minerale e Supporto al Sistema Nervoso VitreoTrofina \u00e8 un integratore alimentare in bustine, formulato con una combinazione sinergica di Magnesio, Potassio, Vitamina C e Bromelina gastroresistente, ideale per sostenere l\u2019equilibrio elettrolitico e il corretto funzionamento del sistema nervoso. Adatto a chi vive periodi di stanchezza, stress o necessita di\u2026","rel":"","context":"Articolo simile","block_context":{"text":"Articolo simile","link":""},"img":{"alt_text":"VitreoTrofina Integratore con magnesio, potassio, vitamina C e bromelina per un benessere nervoso e pressione equilibrata. 24 bustine.","src":"https:\/\/i0.wp.com\/antheianatural.it\/wp-content\/uploads\/2025\/06\/antheia-vitreo-trofina-2.jpg?resize=350%2C200&ssl=1","width":350,"height":200,"srcset":"https:\/\/i0.wp.com\/antheianatural.it\/wp-content\/uploads\/2025\/06\/antheia-vitreo-trofina-2.jpg?resize=350%2C200&ssl=1 1x, https:\/\/i0.wp.com\/antheianatural.it\/wp-content\/uploads\/2025\/06\/antheia-vitreo-trofina-2.jpg?resize=525%2C300&ssl=1 1.5x, https:\/\/i0.wp.com\/antheianatural.it\/wp-content\/uploads\/2025\/06\/antheia-vitreo-trofina-2.jpg?resize=700%2C400&ssl=1 2x, https:\/\/i0.wp.com\/antheianatural.it\/wp-content\/uploads\/2025\/06\/antheia-vitreo-trofina-2.jpg?resize=1050%2C600&ssl=1 3x, https:\/\/i0.wp.com\/antheianatural.it\/wp-content\/uploads\/2025\/06\/antheia-vitreo-trofina-2.jpg?resize=1400%2C800&ssl=1 4x"},"classes":[]},{"id":5518,"url":"https:\/\/antheianatural.it\/it\/prodotto\/deflacol\/","url_meta":{"origin":7197,"position":5},"title":"Deflacol","author":"antheia","date":"03\/03\/2018","format":false,"excerpt":"DEFLACOL: Un Alleato Naturale per la Tua Digestione Deflacol \u00e8 un integratore alimentare innovativo, formulato con una selezione accurata di estratti naturali e fibre. Creato per sostenere la funzionalit\u00e0 digestiva e promuovere una regolare motilit\u00e0 gastrointestinale, Deflacol \u00e8 il compagno ideale per chi cerca sollievo da nausea, gonfiore postprandiale, meteorismo,\u2026","rel":"","context":"Articolo simile","block_context":{"text":"Articolo simile","link":""},"img":{"alt_text":"","src":"https:\/\/i0.wp.com\/antheianatural.it\/wp-content\/uploads\/2022\/04\/image_mqi-deflacol-5-1.jpeg?resize=350%2C200&ssl=1","width":350,"height":200,"srcset":"https:\/\/i0.wp.com\/antheianatural.it\/wp-content\/uploads\/2022\/04\/image_mqi-deflacol-5-1.jpeg?resize=350%2C200&ssl=1 1x, https:\/\/i0.wp.com\/antheianatural.it\/wp-content\/uploads\/2022\/04\/image_mqi-deflacol-5-1.jpeg?resize=525%2C300&ssl=1 1.5x, https:\/\/i0.wp.com\/antheianatural.it\/wp-content\/uploads\/2022\/04\/image_mqi-deflacol-5-1.jpeg?resize=700%2C400&ssl=1 2x"},"classes":[]}],"jetpack_sharing_enabled":true,"_links":{"self":[{"href":"https:\/\/antheianatural.it\/it\/wp-json\/wp\/v2\/product\/7197","targetHints":{"allow":["GET"]}}],"collection":[{"href":"https:\/\/antheianatural.it\/it\/wp-json\/wp\/v2\/product"}],"about":[{"href":"https:\/\/antheianatural.it\/it\/wp-json\/wp\/v2\/types\/product"}],"replies":[{"embeddable":true,"href":"https:\/\/antheianatural.it\/it\/wp-json\/wp\/v2\/comments?post=7197"}],"version-history":[{"count":6,"href":"https:\/\/antheianatural.it\/it\/wp-json\/wp\/v2\/product\/7197\/revisions"}],"predecessor-version":[{"id":8145,"href":"https:\/\/antheianatural.it\/it\/wp-json\/wp\/v2\/product\/7197\/revisions\/8145"}],"wp:featuredmedia":[{"embeddable":true,"href":"https:\/\/antheianatural.it\/it\/wp-json\/wp\/v2\/media\/8085"}],"wp:attachment":[{"href":"https:\/\/antheianatural.it\/it\/wp-json\/wp\/v2\/media?parent=7197"}],"wp:term":[{"taxonomy":"product_brand","embeddable":true,"href":"https:\/\/antheianatural.it\/it\/wp-json\/wp\/v2\/product_brand?post=7197"},{"taxonomy":"product_cat","embeddable":true,"href":"https:\/\/antheianatural.it\/it\/wp-json\/wp\/v2\/product_cat?post=7197"},{"taxonomy":"product_tag","embeddable":true,"href":"https:\/\/antheianatural.it\/it\/wp-json\/wp\/v2\/product_tag?post=7197"}],"curies":[{"name":"wp","href":"https:\/\/api.w.org\/{rel}","templated":true}]}}