{"id":7539,"date":"2023-01-12T16:56:29","date_gmt":"2023-01-12T16:56:29","guid":{"rendered":"https:\/\/antheianatural.it\/?post_type=product&#038;p=7539"},"modified":"2025-11-14T14:21:16","modified_gmt":"2025-11-14T14:21:16","slug":"ematofer-ferro-vitamina-c","status":"publish","type":"product","link":"https:\/\/antheianatural.it\/it\/prodotto\/ematofer-ferro-vitamina-c\/","title":{"rendered":"Ematofer"},"content":{"rendered":"\t\t<div data-elementor-type=\"wp-post\" data-elementor-id=\"7539\" class=\"elementor elementor-7539\">\n\t\t\t\t\t\t<section class=\"elementor-section elementor-top-section elementor-element elementor-element-5bea8997 elementor-section-boxed elementor-section-height-default elementor-section-height-default default-style\" data-id=\"5bea8997\" data-element_type=\"section\" data-e-type=\"section\" data-settings=\"{&quot;rt_color_sets&quot;:&quot;default-style&quot;}\">\n\t\t\t\t\t\t<div class=\"elementor-container elementor-column-gap-default\">\n\t\t\t\t\t<div class=\"elementor-column elementor-col-100 elementor-top-column elementor-element elementor-element-1d30d1f2\" data-id=\"1d30d1f2\" data-element_type=\"column\" data-e-type=\"column\">\n\t\t\t<div class=\"elementor-widget-wrap elementor-element-populated\">\n\t\t\t\t\t\t<div class=\"elementor-element elementor-element-4804b381 elementor-widget elementor-widget-text-editor\" data-id=\"4804b381\" data-element_type=\"widget\" data-e-type=\"widget\" data-widget_type=\"text-editor.default\">\n\t\t\t\t<div class=\"elementor-widget-container\">\n\t\t\t\t\t\t\t\t\t<p><strong>Scheda Riassuntiva:<\/strong><\/p><ul><li><strong>Denominazione:<\/strong> Ematofer 20 capsule da 500 mg<\/li><li><strong>Produttore:<\/strong> Antheia srl<\/li><li><strong>Categoria:<\/strong> Integratori di regime e alimenti speciali<\/li><li><strong>Tipo:<\/strong> Parafarmaco uso umano<\/li><li><strong>Forma:<\/strong> Capsule<\/li><li><strong>Note:<\/strong> Senza <a title=\"Note AIFA\" href=\"https:\/\/www.aifa.gov.it\/web\/guest\/note-aifa\" target=\"_blank\" rel=\"noopener\">note Aifa<\/a><\/li><\/ul><p><strong>INDICAZIONI DI UTILIZZO:<br \/><\/strong><\/p>\t \n\t\t<div  class=\"bullet-list style-1  check\">\n\t\t<\/p><ul><li>Carenze nutrizionali di Ferro e Vitamina C<\/li><\/ul><p>\n\t\t<\/div>\n\t<p><strong>INGREDIENTI:<\/strong><\/p><ul><li>Ferro (Ferro pirofosfato) microincapsulato<\/li><li>Vitamina C (acido L-ascorbico)<\/li><li>Agente di carica: maltodestrine<\/li><li>Coadiuvante tecnologico: magnesio stearato<\/li><li>Antiagglomerante: biossido di silicio<\/li><\/ul><p><strong>MODALIT\u00c0 D&#8217;USO:<\/strong><\/p><p>Assumere 1 capsula al giorno, salvo diversa prescrizione medica.<\/p><p><strong>AVVERTENZE:<\/strong><\/p><ul><li>Non superare la dose giornaliera raccomandata.<\/li><li>Tenere fuori dalla portata dei bambini al di sotto dei 3 anni.<\/li><li>Consultare il medico in caso di gravidanza e allattamento.<\/li><li>Gli integratori non sostituiscono una dieta variata e uno stile di vita sano.<\/li><\/ul>\t\t\t\t\t\t\t\t<\/div>\n\t\t\t\t<\/div>\n\t\t\t\t\t<\/div>\n\t\t<\/div>\n\t\t\t\t\t<\/div>\n\t\t<\/section>\n\t\t\t\t<\/div>\n\t\t","protected":false},"excerpt":{"rendered":"<h3><strong>EMATOFER: Integratore di Ferro e Vitamina C<\/strong><\/h3>\n<p>Ematofer \u00e8 pi\u00f9 di un semplice integratore. \u00c8 una formula studiata per coloro che cercano un rimedio efficace contro la stanchezza e desiderano migliorare l&#8217;assorbimento del ferro, essenziale per il benessere dell&#8217;organismo. La sua composizione unica, arricchita con Vitamina C, garantisce una serie di benefici:<\/p>\n<div  class=\"bullet-list style-1  check\">\n<ul>\n<li><strong>Migliora l&#8217;assorbimento del ferro:<\/strong> grazie alla presenza della Vitamina C, Ematofer ottimizza l&#8217;assorbimento del ferro, fondamentale per la salute.<\/li>\n<li><strong>Contribuisce alla formazione di globuli rossi e emoglobina:<\/strong> un apporto ottimale di ferro \u00e8 cruciale per mantenere l&#8217;organismo ossigenato e pieno di energia.<\/li>\n<li><strong>Combate la stanchezza e l&#8217;affaticamento:<\/strong> la sinergia tra ferro e vitamina C riduce sensibilmente i livelli di stanchezza, restituendoti energia e vitalit\u00e0.<\/li>\n<li><strong>Supporta le difese immunitarie:<\/strong> Ematofer aiuta a rinforzare il sistema immunitario, proteggendoti dalle malattie e dagli agenti patogeni.<\/li>\n<\/ul><\/div>\n<blockquote>\n<h4>Spese di spedizione gratuite e sconto del 10% per chi acquista 3 o pi\u00f9 confezioni.<\/h4>\n<\/blockquote>\n","protected":false},"featured_media":8316,"comment_status":"open","ping_status":"closed","template":"","meta":{"_monsterinsights_skip_tracking":false,"_monsterinsights_sitenote_active":false,"_monsterinsights_sitenote_note":"","_monsterinsights_sitenote_category":0},"product_brand":[],"product_cat":[81,78,57],"product_tag":[58,59,61,60,62,64,63],"class_list":{"0":"post-7539","1":"product","2":"type-product","3":"status-publish","4":"has-post-thumbnail","6":"product_cat-cardiologia","7":"product_cat-dietologia","8":"product_cat-integratore-alimentare","9":"product_tag-anice-stellato","10":"product_tag-cannella","11":"product_tag-carvi","12":"product_tag-difficolta-digestiva","13":"product_tag-finocchio","14":"product_tag-regolarita-gastrointestinale","15":"product_tag-zenzero","17":"first","18":"outofstock","19":"taxable","20":"shipping-taxable","21":"purchasable","22":"product-type-simple"},"yoast_head":"<!-- This site is optimized with the Yoast SEO plugin v27.5 - https:\/\/yoast.com\/product\/yoast-seo-wordpress\/ -->\n<title>Ematofer - Antheia Natural - Integratori alimentari<\/title>\n<meta name=\"description\" content=\"Scopri Ematofer, l&#039;integratore innovativo a base di Ferro e Vitamina C per combattere la stanchezza e favorire la formazione di globuli rossi. Perfetto per chi vuole sentirsi energico e vitale ogni giorno.\" \/>\n<meta name=\"robots\" content=\"index, follow, max-snippet:-1, max-image-preview:large, max-video-preview:-1\" \/>\n<link rel=\"canonical\" href=\"https:\/\/antheianatural.it\/it\/prodotto\/ematofer-ferro-vitamina-c\/\" \/>\n<meta property=\"og:locale\" content=\"it_IT\" \/>\n<meta property=\"og:type\" content=\"article\" \/>\n<meta property=\"og:title\" content=\"Ematofer - Antheia Natural - Integratori alimentari\" \/>\n<meta property=\"og:description\" content=\"Scopri Ematofer, l&#039;integratore innovativo a base di Ferro e Vitamina C per combattere la stanchezza e favorire la formazione di globuli rossi. Perfetto per chi vuole sentirsi energico e vitale ogni giorno.\" \/>\n<meta property=\"og:url\" content=\"https:\/\/antheianatural.it\/it\/prodotto\/ematofer-ferro-vitamina-c\/\" \/>\n<meta property=\"og:site_name\" content=\"Antheia Natural - Integratori alimentari\" \/>\n<meta property=\"article:publisher\" content=\"https:\/\/www.facebook.com\/profile.php?id=100087233113728\" \/>\n<meta property=\"article:modified_time\" content=\"2025-11-14T14:21:16+00:00\" \/>\n<meta property=\"og:image\" content=\"https:\/\/antheianatural.it\/wp-content\/uploads\/2023\/01\/antheia-foto-prodotto-ematofer-sc10-1.jpg\" \/>\n\t<meta property=\"og:image:width\" content=\"2000\" \/>\n\t<meta property=\"og:image:height\" content=\"2000\" \/>\n\t<meta property=\"og:image:type\" content=\"image\/jpeg\" \/>\n<meta name=\"twitter:card\" content=\"summary_large_image\" \/>\n<meta name=\"twitter:label1\" content=\"Tempo di lettura stimato\" \/>\n\t<meta name=\"twitter:data1\" content=\"1 minuto\" \/>\n<script type=\"application\/ld+json\" class=\"yoast-schema-graph\">{\"@context\":\"https:\\\/\\\/schema.org\",\"@graph\":[{\"@type\":\"WebPage\",\"@id\":\"https:\\\/\\\/antheianatural.it\\\/prodotto\\\/ematofer-ferro-vitamina-c\\\/\",\"url\":\"https:\\\/\\\/antheianatural.it\\\/prodotto\\\/ematofer-ferro-vitamina-c\\\/\",\"name\":\"Ematofer - Antheia Natural - Integratori alimentari\",\"isPartOf\":{\"@id\":\"https:\\\/\\\/antheianatural.it\\\/#website\"},\"primaryImageOfPage\":{\"@id\":\"https:\\\/\\\/antheianatural.it\\\/prodotto\\\/ematofer-ferro-vitamina-c\\\/#primaryimage\"},\"image\":{\"@id\":\"https:\\\/\\\/antheianatural.it\\\/prodotto\\\/ematofer-ferro-vitamina-c\\\/#primaryimage\"},\"thumbnailUrl\":\"https:\\\/\\\/antheianatural.it\\\/wp-content\\\/uploads\\\/2023\\\/01\\\/antheia-foto-prodotto-ematofer-sc10-1.jpg\",\"datePublished\":\"2023-01-12T16:56:29+00:00\",\"dateModified\":\"2025-11-14T14:21:16+00:00\",\"description\":\"Scopri Ematofer, l'integratore innovativo a base di Ferro e Vitamina C per combattere la stanchezza e favorire la formazione di globuli rossi. Perfetto per chi vuole sentirsi energico e vitale ogni giorno.\",\"breadcrumb\":{\"@id\":\"https:\\\/\\\/antheianatural.it\\\/prodotto\\\/ematofer-ferro-vitamina-c\\\/#breadcrumb\"},\"inLanguage\":\"it-IT\",\"potentialAction\":[{\"@type\":\"ReadAction\",\"target\":[\"https:\\\/\\\/antheianatural.it\\\/prodotto\\\/ematofer-ferro-vitamina-c\\\/\"]}]},{\"@type\":\"ImageObject\",\"inLanguage\":\"it-IT\",\"@id\":\"https:\\\/\\\/antheianatural.it\\\/prodotto\\\/ematofer-ferro-vitamina-c\\\/#primaryimage\",\"url\":\"https:\\\/\\\/antheianatural.it\\\/wp-content\\\/uploads\\\/2023\\\/01\\\/antheia-foto-prodotto-ematofer-sc10-1.jpg\",\"contentUrl\":\"https:\\\/\\\/antheianatural.it\\\/wp-content\\\/uploads\\\/2023\\\/01\\\/antheia-foto-prodotto-ematofer-sc10-1.jpg\",\"width\":2000,\"height\":2000},{\"@type\":\"BreadcrumbList\",\"@id\":\"https:\\\/\\\/antheianatural.it\\\/prodotto\\\/ematofer-ferro-vitamina-c\\\/#breadcrumb\",\"itemListElement\":[{\"@type\":\"ListItem\",\"position\":1,\"name\":\"Home\",\"item\":\"https:\\\/\\\/antheianatural.it\\\/\"},{\"@type\":\"ListItem\",\"position\":2,\"name\":\"Acquista on-line\",\"item\":\"https:\\\/\\\/antheianatural.it\\\/shop\\\/\"},{\"@type\":\"ListItem\",\"position\":3,\"name\":\"Ematofer\"}]},{\"@type\":\"WebSite\",\"@id\":\"https:\\\/\\\/antheianatural.it\\\/#website\",\"url\":\"https:\\\/\\\/antheianatural.it\\\/\",\"name\":\"Antheia Natural - Integratori alimentari\",\"description\":\"Benessere autentico per il corpo e per la mente\",\"publisher\":{\"@id\":\"https:\\\/\\\/antheianatural.it\\\/#organization\"},\"potentialAction\":[{\"@type\":\"SearchAction\",\"target\":{\"@type\":\"EntryPoint\",\"urlTemplate\":\"https:\\\/\\\/antheianatural.it\\\/?s={search_term_string}\"},\"query-input\":{\"@type\":\"PropertyValueSpecification\",\"valueRequired\":true,\"valueName\":\"search_term_string\"}}],\"inLanguage\":\"it-IT\"},{\"@type\":\"Organization\",\"@id\":\"https:\\\/\\\/antheianatural.it\\\/#organization\",\"name\":\"Antheia Natural\",\"url\":\"https:\\\/\\\/antheianatural.it\\\/\",\"logo\":{\"@type\":\"ImageObject\",\"inLanguage\":\"it-IT\",\"@id\":\"https:\\\/\\\/antheianatural.it\\\/#\\\/schema\\\/logo\\\/image\\\/\",\"url\":\"https:\\\/\\\/antheianatural.it\\\/wp-content\\\/uploads\\\/2022\\\/05\\\/antheia-foto-slide-logo.png\",\"contentUrl\":\"https:\\\/\\\/antheianatural.it\\\/wp-content\\\/uploads\\\/2022\\\/05\\\/antheia-foto-slide-logo.png\",\"width\":817,\"height\":766,\"caption\":\"Antheia Natural\"},\"image\":{\"@id\":\"https:\\\/\\\/antheianatural.it\\\/#\\\/schema\\\/logo\\\/image\\\/\"},\"sameAs\":[\"https:\\\/\\\/www.facebook.com\\\/profile.php?id=100087233113728\"]}]}<\/script>\n<!-- \/ Yoast SEO plugin. -->","yoast_head_json":{"title":"Ematofer - Antheia Natural - Integratori alimentari","description":"Scopri Ematofer, l'integratore innovativo a base di Ferro e Vitamina C per combattere la stanchezza e favorire la formazione di globuli rossi. Perfetto per chi vuole sentirsi energico e vitale ogni giorno.","robots":{"index":"index","follow":"follow","max-snippet":"max-snippet:-1","max-image-preview":"max-image-preview:large","max-video-preview":"max-video-preview:-1"},"canonical":"https:\/\/antheianatural.it\/it\/prodotto\/ematofer-ferro-vitamina-c\/","og_locale":"it_IT","og_type":"article","og_title":"Ematofer - Antheia Natural - Integratori alimentari","og_description":"Scopri Ematofer, l'integratore innovativo a base di Ferro e Vitamina C per combattere la stanchezza e favorire la formazione di globuli rossi. Perfetto per chi vuole sentirsi energico e vitale ogni giorno.","og_url":"https:\/\/antheianatural.it\/it\/prodotto\/ematofer-ferro-vitamina-c\/","og_site_name":"Antheia Natural - Integratori alimentari","article_publisher":"https:\/\/www.facebook.com\/profile.php?id=100087233113728","article_modified_time":"2025-11-14T14:21:16+00:00","og_image":[{"width":2000,"height":2000,"url":"https:\/\/antheianatural.it\/wp-content\/uploads\/2023\/01\/antheia-foto-prodotto-ematofer-sc10-1.jpg","type":"image\/jpeg"}],"twitter_card":"summary_large_image","twitter_misc":{"Tempo di lettura stimato":"1 minuto"},"schema":{"@context":"https:\/\/schema.org","@graph":[{"@type":"WebPage","@id":"https:\/\/antheianatural.it\/prodotto\/ematofer-ferro-vitamina-c\/","url":"https:\/\/antheianatural.it\/prodotto\/ematofer-ferro-vitamina-c\/","name":"Ematofer - Antheia Natural - Integratori alimentari","isPartOf":{"@id":"https:\/\/antheianatural.it\/#website"},"primaryImageOfPage":{"@id":"https:\/\/antheianatural.it\/prodotto\/ematofer-ferro-vitamina-c\/#primaryimage"},"image":{"@id":"https:\/\/antheianatural.it\/prodotto\/ematofer-ferro-vitamina-c\/#primaryimage"},"thumbnailUrl":"https:\/\/antheianatural.it\/wp-content\/uploads\/2023\/01\/antheia-foto-prodotto-ematofer-sc10-1.jpg","datePublished":"2023-01-12T16:56:29+00:00","dateModified":"2025-11-14T14:21:16+00:00","description":"Scopri Ematofer, l'integratore innovativo a base di Ferro e Vitamina C per combattere la stanchezza e favorire la formazione di globuli rossi. Perfetto per chi vuole sentirsi energico e vitale ogni giorno.","breadcrumb":{"@id":"https:\/\/antheianatural.it\/prodotto\/ematofer-ferro-vitamina-c\/#breadcrumb"},"inLanguage":"it-IT","potentialAction":[{"@type":"ReadAction","target":["https:\/\/antheianatural.it\/prodotto\/ematofer-ferro-vitamina-c\/"]}]},{"@type":"ImageObject","inLanguage":"it-IT","@id":"https:\/\/antheianatural.it\/prodotto\/ematofer-ferro-vitamina-c\/#primaryimage","url":"https:\/\/antheianatural.it\/wp-content\/uploads\/2023\/01\/antheia-foto-prodotto-ematofer-sc10-1.jpg","contentUrl":"https:\/\/antheianatural.it\/wp-content\/uploads\/2023\/01\/antheia-foto-prodotto-ematofer-sc10-1.jpg","width":2000,"height":2000},{"@type":"BreadcrumbList","@id":"https:\/\/antheianatural.it\/prodotto\/ematofer-ferro-vitamina-c\/#breadcrumb","itemListElement":[{"@type":"ListItem","position":1,"name":"Home","item":"https:\/\/antheianatural.it\/"},{"@type":"ListItem","position":2,"name":"Acquista on-line","item":"https:\/\/antheianatural.it\/shop\/"},{"@type":"ListItem","position":3,"name":"Ematofer"}]},{"@type":"WebSite","@id":"https:\/\/antheianatural.it\/#website","url":"https:\/\/antheianatural.it\/","name":"Antheia Natural - Integratori alimentari","description":"Benessere autentico per il corpo e per la mente","publisher":{"@id":"https:\/\/antheianatural.it\/#organization"},"potentialAction":[{"@type":"SearchAction","target":{"@type":"EntryPoint","urlTemplate":"https:\/\/antheianatural.it\/?s={search_term_string}"},"query-input":{"@type":"PropertyValueSpecification","valueRequired":true,"valueName":"search_term_string"}}],"inLanguage":"it-IT"},{"@type":"Organization","@id":"https:\/\/antheianatural.it\/#organization","name":"Antheia Natural","url":"https:\/\/antheianatural.it\/","logo":{"@type":"ImageObject","inLanguage":"it-IT","@id":"https:\/\/antheianatural.it\/#\/schema\/logo\/image\/","url":"https:\/\/antheianatural.it\/wp-content\/uploads\/2022\/05\/antheia-foto-slide-logo.png","contentUrl":"https:\/\/antheianatural.it\/wp-content\/uploads\/2022\/05\/antheia-foto-slide-logo.png","width":817,"height":766,"caption":"Antheia Natural"},"image":{"@id":"https:\/\/antheianatural.it\/#\/schema\/logo\/image\/"},"sameAs":["https:\/\/www.facebook.com\/profile.php?id=100087233113728"]}]}},"jetpack-related-posts":[{"id":7564,"url":"https:\/\/antheianatural.it\/it\/prodotto\/rofer\/","url_meta":{"origin":7539,"position":0},"title":"Rofer","author":"antheia","date":"15\/01\/2023","format":false,"excerpt":"Rofeer \u00e8 un integratore alimentare formulato con un mix potente di estratti vegetali, amminoacidi, vitamine e minerali, progettato per sostenere chi affronta periodi di stanchezza fisica e mentale e per coloro che necessitano di un supplemento nutritivo nella loro dieta. Offrendo una soluzione completa per il benessere quotidiano, Rofeer aiuta\u2026","rel":"","context":"Articolo simile","block_context":{"text":"Articolo simile","link":""},"img":{"alt_text":"","src":"https:\/\/i0.wp.com\/antheianatural.it\/wp-content\/uploads\/2023\/01\/antheia-foto-prodotto-rofer-sc10.jpg?resize=350%2C200&ssl=1","width":350,"height":200,"srcset":"https:\/\/i0.wp.com\/antheianatural.it\/wp-content\/uploads\/2023\/01\/antheia-foto-prodotto-rofer-sc10.jpg?resize=350%2C200&ssl=1 1x, https:\/\/i0.wp.com\/antheianatural.it\/wp-content\/uploads\/2023\/01\/antheia-foto-prodotto-rofer-sc10.jpg?resize=525%2C300&ssl=1 1.5x, https:\/\/i0.wp.com\/antheianatural.it\/wp-content\/uploads\/2023\/01\/antheia-foto-prodotto-rofer-sc10.jpg?resize=700%2C400&ssl=1 2x, https:\/\/i0.wp.com\/antheianatural.it\/wp-content\/uploads\/2023\/01\/antheia-foto-prodotto-rofer-sc10.jpg?resize=1050%2C600&ssl=1 3x, https:\/\/i0.wp.com\/antheianatural.it\/wp-content\/uploads\/2023\/01\/antheia-foto-prodotto-rofer-sc10.jpg?resize=1400%2C800&ssl=1 4x"},"classes":[]},{"id":7198,"url":"https:\/\/antheianatural.it\/it\/prodotto\/vised\/","url_meta":{"origin":7539,"position":1},"title":"Vised","author":"antheia","date":"11\/05\/2022","format":false,"excerpt":"VISED: Integrazione Avanzata per il Benessere delle Ossa Vised \u00e8 l'integratore alimentare che combina l'efficacia del Selenio e della Vitamina D3, essenziali per il benessere del tuo organismo. Formulato per supportare il tuo corpo quotidianamente, VISED offre una serie di benefici chiave: Non aspettare ulteriormente per prenderti cura del tuo\u2026","rel":"","context":"Articolo simile","block_context":{"text":"Articolo simile","link":""},"img":{"alt_text":"","src":"https:\/\/i0.wp.com\/antheianatural.it\/wp-content\/uploads\/2022\/05\/image_LJ7-vised-2.jpeg?resize=350%2C200&ssl=1","width":350,"height":200,"srcset":"https:\/\/i0.wp.com\/antheianatural.it\/wp-content\/uploads\/2022\/05\/image_LJ7-vised-2.jpeg?resize=350%2C200&ssl=1 1x, https:\/\/i0.wp.com\/antheianatural.it\/wp-content\/uploads\/2022\/05\/image_LJ7-vised-2.jpeg?resize=525%2C300&ssl=1 1.5x, https:\/\/i0.wp.com\/antheianatural.it\/wp-content\/uploads\/2022\/05\/image_LJ7-vised-2.jpeg?resize=700%2C400&ssl=1 2x, https:\/\/i0.wp.com\/antheianatural.it\/wp-content\/uploads\/2022\/05\/image_LJ7-vised-2.jpeg?resize=1050%2C600&ssl=1 3x, https:\/\/i0.wp.com\/antheianatural.it\/wp-content\/uploads\/2022\/05\/image_LJ7-vised-2.jpeg?resize=1400%2C800&ssl=1 4x"},"classes":[]},{"id":5518,"url":"https:\/\/antheianatural.it\/it\/prodotto\/deflacol\/","url_meta":{"origin":7539,"position":2},"title":"Deflacol","author":"antheia","date":"03\/03\/2018","format":false,"excerpt":"DEFLACOL: Un Alleato Naturale per la Tua Digestione Deflacol \u00e8 un integratore alimentare innovativo, formulato con una selezione accurata di estratti naturali e fibre. Creato per sostenere la funzionalit\u00e0 digestiva e promuovere una regolare motilit\u00e0 gastrointestinale, Deflacol \u00e8 il compagno ideale per chi cerca sollievo da nausea, gonfiore postprandiale, meteorismo,\u2026","rel":"","context":"Articolo simile","block_context":{"text":"Articolo simile","link":""},"img":{"alt_text":"","src":"https:\/\/i0.wp.com\/antheianatural.it\/wp-content\/uploads\/2022\/04\/image_mqi-deflacol-5-1.jpeg?resize=350%2C200&ssl=1","width":350,"height":200,"srcset":"https:\/\/i0.wp.com\/antheianatural.it\/wp-content\/uploads\/2022\/04\/image_mqi-deflacol-5-1.jpeg?resize=350%2C200&ssl=1 1x, https:\/\/i0.wp.com\/antheianatural.it\/wp-content\/uploads\/2022\/04\/image_mqi-deflacol-5-1.jpeg?resize=525%2C300&ssl=1 1.5x, https:\/\/i0.wp.com\/antheianatural.it\/wp-content\/uploads\/2022\/04\/image_mqi-deflacol-5-1.jpeg?resize=700%2C400&ssl=1 2x"},"classes":[]},{"id":8263,"url":"https:\/\/antheianatural.it\/it\/prodotto\/novid\/","url_meta":{"origin":7539,"position":3},"title":"NoviD","author":"antheia","date":"06\/04\/2024","format":false,"excerpt":"Il Tuo Scudo Protettivo Quotidiano NoviD \u00e8 un integratore alimentare formulato per fornire un supporto essenziale al tuo sistema immunitario. Con una combinazione precisa di Vitamina D3, Selenio e Zinco, NoviD \u00e8 progettato per offrirti una protezione quotidiana, contribuendo al tuo benessere generale. I principali benefici includono: 10% di sconto\u2026","rel":"","context":"Articolo simile","block_context":{"text":"Articolo simile","link":""},"img":{"alt_text":"","src":"https:\/\/i0.wp.com\/antheianatural.it\/wp-content\/uploads\/2024\/04\/antheia-foto-prodotto-noviD-1-1.jpg?resize=350%2C200&ssl=1","width":350,"height":200,"srcset":"https:\/\/i0.wp.com\/antheianatural.it\/wp-content\/uploads\/2024\/04\/antheia-foto-prodotto-noviD-1-1.jpg?resize=350%2C200&ssl=1 1x, https:\/\/i0.wp.com\/antheianatural.it\/wp-content\/uploads\/2024\/04\/antheia-foto-prodotto-noviD-1-1.jpg?resize=525%2C300&ssl=1 1.5x, https:\/\/i0.wp.com\/antheianatural.it\/wp-content\/uploads\/2024\/04\/antheia-foto-prodotto-noviD-1-1.jpg?resize=700%2C400&ssl=1 2x, https:\/\/i0.wp.com\/antheianatural.it\/wp-content\/uploads\/2024\/04\/antheia-foto-prodotto-noviD-1-1.jpg?resize=1050%2C600&ssl=1 3x, https:\/\/i0.wp.com\/antheianatural.it\/wp-content\/uploads\/2024\/04\/antheia-foto-prodotto-noviD-1-1.jpg?resize=1400%2C800&ssl=1 4x"},"classes":[]},{"id":7553,"url":"https:\/\/antheianatural.it\/it\/prodotto\/evaflog\/","url_meta":{"origin":7539,"position":4},"title":"Evaflog","author":"antheia","date":"14\/01\/2023","format":false,"excerpt":"Evaflog: Integratore per il Microcircolo Evaflog \u00e8 un integratore alimentare formulato per chi desidera mantenere in salute il proprio microcircolo e colmare eventuali carenze nutrizionali. Grazie alla sua composizione unica, offre diversi benefici: Spese di spedizione gratuite per chi acquista 3 o pi\u00f9 confezioni.","rel":"","context":"Articolo simile","block_context":{"text":"Articolo simile","link":""},"img":{"alt_text":"","src":"https:\/\/i0.wp.com\/antheianatural.it\/wp-content\/uploads\/2023\/01\/image_-Sz-evaflog.jpeg?resize=350%2C200&ssl=1","width":350,"height":200,"srcset":"https:\/\/i0.wp.com\/antheianatural.it\/wp-content\/uploads\/2023\/01\/image_-Sz-evaflog.jpeg?resize=350%2C200&ssl=1 1x, https:\/\/i0.wp.com\/antheianatural.it\/wp-content\/uploads\/2023\/01\/image_-Sz-evaflog.jpeg?resize=525%2C300&ssl=1 1.5x, https:\/\/i0.wp.com\/antheianatural.it\/wp-content\/uploads\/2023\/01\/image_-Sz-evaflog.jpeg?resize=700%2C400&ssl=1 2x"},"classes":[]},{"id":8706,"url":"https:\/\/antheianatural.it\/it\/prodotto\/vitreo-trofina\/","url_meta":{"origin":7539,"position":5},"title":"Vitreo Trofina","author":"antheia","date":"18\/06\/2025","format":false,"excerpt":"Equilibrio Minerale e Supporto al Sistema Nervoso VitreoTrofina \u00e8 un integratore alimentare in bustine, formulato con una combinazione sinergica di Magnesio, Potassio, Vitamina C e Bromelina gastroresistente, ideale per sostenere l\u2019equilibrio elettrolitico e il corretto funzionamento del sistema nervoso. Adatto a chi vive periodi di stanchezza, stress o necessita di\u2026","rel":"","context":"Articolo simile","block_context":{"text":"Articolo simile","link":""},"img":{"alt_text":"VitreoTrofina Integratore con magnesio, potassio, vitamina C e bromelina per un benessere nervoso e pressione equilibrata. 24 bustine.","src":"https:\/\/i0.wp.com\/antheianatural.it\/wp-content\/uploads\/2025\/06\/antheia-vitreo-trofina-2.jpg?resize=350%2C200&ssl=1","width":350,"height":200,"srcset":"https:\/\/i0.wp.com\/antheianatural.it\/wp-content\/uploads\/2025\/06\/antheia-vitreo-trofina-2.jpg?resize=350%2C200&ssl=1 1x, https:\/\/i0.wp.com\/antheianatural.it\/wp-content\/uploads\/2025\/06\/antheia-vitreo-trofina-2.jpg?resize=525%2C300&ssl=1 1.5x, https:\/\/i0.wp.com\/antheianatural.it\/wp-content\/uploads\/2025\/06\/antheia-vitreo-trofina-2.jpg?resize=700%2C400&ssl=1 2x, https:\/\/i0.wp.com\/antheianatural.it\/wp-content\/uploads\/2025\/06\/antheia-vitreo-trofina-2.jpg?resize=1050%2C600&ssl=1 3x, https:\/\/i0.wp.com\/antheianatural.it\/wp-content\/uploads\/2025\/06\/antheia-vitreo-trofina-2.jpg?resize=1400%2C800&ssl=1 4x"},"classes":[]}],"jetpack_sharing_enabled":true,"_links":{"self":[{"href":"https:\/\/antheianatural.it\/it\/wp-json\/wp\/v2\/product\/7539","targetHints":{"allow":["GET"]}}],"collection":[{"href":"https:\/\/antheianatural.it\/it\/wp-json\/wp\/v2\/product"}],"about":[{"href":"https:\/\/antheianatural.it\/it\/wp-json\/wp\/v2\/types\/product"}],"replies":[{"embeddable":true,"href":"https:\/\/antheianatural.it\/it\/wp-json\/wp\/v2\/comments?post=7539"}],"version-history":[{"count":16,"href":"https:\/\/antheianatural.it\/it\/wp-json\/wp\/v2\/product\/7539\/revisions"}],"predecessor-version":[{"id":8310,"href":"https:\/\/antheianatural.it\/it\/wp-json\/wp\/v2\/product\/7539\/revisions\/8310"}],"wp:featuredmedia":[{"embeddable":true,"href":"https:\/\/antheianatural.it\/it\/wp-json\/wp\/v2\/media\/8316"}],"wp:attachment":[{"href":"https:\/\/antheianatural.it\/it\/wp-json\/wp\/v2\/media?parent=7539"}],"wp:term":[{"taxonomy":"product_brand","embeddable":true,"href":"https:\/\/antheianatural.it\/it\/wp-json\/wp\/v2\/product_brand?post=7539"},{"taxonomy":"product_cat","embeddable":true,"href":"https:\/\/antheianatural.it\/it\/wp-json\/wp\/v2\/product_cat?post=7539"},{"taxonomy":"product_tag","embeddable":true,"href":"https:\/\/antheianatural.it\/it\/wp-json\/wp\/v2\/product_tag?post=7539"}],"curies":[{"name":"wp","href":"https:\/\/api.w.org\/{rel}","templated":true}]}}