{"id":7553,"date":"2023-01-14T14:28:43","date_gmt":"2023-01-14T14:28:43","guid":{"rendered":"https:\/\/antheianatural.it\/?post_type=product&#038;p=7553"},"modified":"2025-11-14T14:21:42","modified_gmt":"2025-11-14T14:21:42","slug":"evaflog","status":"publish","type":"product","link":"https:\/\/antheianatural.it\/it\/prodotto\/evaflog\/","title":{"rendered":"Evaflog"},"content":{"rendered":"\t\t<div data-elementor-type=\"wp-post\" data-elementor-id=\"7553\" class=\"elementor elementor-7553\">\n\t\t\t\t\t\t<section class=\"elementor-section elementor-top-section elementor-element elementor-element-5bea8997 elementor-section-boxed elementor-section-height-default elementor-section-height-default default-style\" data-id=\"5bea8997\" data-element_type=\"section\" data-e-type=\"section\" data-settings=\"{&quot;rt_color_sets&quot;:&quot;default-style&quot;}\">\n\t\t\t\t\t\t<div class=\"elementor-container elementor-column-gap-default\">\n\t\t\t\t\t<div class=\"elementor-column elementor-col-100 elementor-top-column elementor-element elementor-element-1d30d1f2\" data-id=\"1d30d1f2\" data-element_type=\"column\" data-e-type=\"column\">\n\t\t\t<div class=\"elementor-widget-wrap elementor-element-populated\">\n\t\t\t\t\t\t<div class=\"elementor-element elementor-element-4804b381 elementor-widget elementor-widget-text-editor\" data-id=\"4804b381\" data-element_type=\"widget\" data-e-type=\"widget\" data-widget_type=\"text-editor.default\">\n\t\t\t\t<div class=\"elementor-widget-container\">\n\t\t\t\t\t\t\t\t\t<p>Integratore alimentare a base di <a href=\"https:\/\/it.wikipedia.org\/wiki\/Curcumina\" target=\"_blank\" rel=\"noopener\">Curcuma<\/a> Meriva\u00ae e <a href=\"https:\/\/www.nccih.nih.gov\/health\/bromelain\" target=\"_blank\" rel=\"noopener\">Bromelina<\/a>, utile a colmare le carenze nutrizionali o l&#8217;aumentato fabbisogno di tale nutriente.<\/p><h5>Scheda Riassuntiva delle caratteristiche del prodotto<\/h5><p>Denominazione del prodotto: <strong>Evaflog 10 compresse da 1000 mg<\/strong><br \/>Ditta produttrice: A<strong>ntheia srl<\/strong><br \/>Categoria prodotto: <strong>integratori di regime e alimenti speciali<\/strong><br \/>Tipo prodotto: <strong>parafarmaco uso umano<\/strong><br \/>Codice AIC: <strong>&#8211;<\/strong><br \/>Forma farmaceutica: <strong>compresse<\/strong><br \/>Questo prodotto non ha <a title=\"Note AIFA\" href=\"https:\/\/www.aifa.gov.it\/web\/guest\/note-aifa\" target=\"_blank\" rel=\"noopener\">note Aifa<\/a><\/p><h5>Indicazioni di utilizzo:<\/h5>\t \n\t\t<div  class=\"bullet-list style-1  check\">\n\t\t<\/p><ul><li>Carenze \u00a0nutrizionali<\/li><\/ul><p>\n\t\t<\/div>\n\t<h5>Modalit\u00e0 d&#8217;uso:<\/h5><p>Si consiglia di assumere 1 compressa al\u00a0 giorno, salvo diversa prescrizione medica<\/p><h5>Avvertenze:<\/h5><p>Gli integratori non vanno intesi come sostituti di una dieta variata ma vanno utilizzati nell&#8217;ambito di uno stile di vita sano ed equilibrato. <br \/>Tenere fuori dalla portata dei bambini al di sotto dei tre anni. <br \/>Non superare la dose giornaliera consigliata.<br \/>Non usare in gravidanza e allattamento.<br \/>Non utilizzare per periodi prolungati senza consultare il medico.<br \/>Se si stanno assumendo farmaci, \u00e8 opportuno sentire il parere del medico.<\/p><p><strong>AVVERTENZA IMPORTANTE<\/strong> In caso di alterazioni della funzione epatica, biliare o di calcolosi delle vie biliari, l\u2019uso del prodotto \u00e8 sconsigliato.<\/p>\t\t\t\t\t\t\t\t<\/div>\n\t\t\t\t<\/div>\n\t\t\t\t\t<\/div>\n\t\t<\/div>\n\t\t\t\t\t<\/div>\n\t\t<\/section>\n\t\t\t\t<\/div>\n\t\t","protected":false},"excerpt":{"rendered":"<h3><strong>Evaflog: Integratore per il Microcircolo<\/strong><\/h3>\n<p>Evaflog \u00e8 un integratore alimentare formulato per chi desidera mantenere in salute il proprio microcircolo e colmare eventuali carenze nutrizionali. Grazie alla sua composizione unica, offre diversi benefici:<\/p>\n<div  class=\"bullet-list style-1  check\">\n<ul>\n<li><strong>Sostiene la funzionalit\u00e0 del microcircolo<\/strong>, migliorando cos\u00ec la circolazione sanguigna.<\/li>\n<li><strong>Contribuisce a colmare le carenze nutrizionali<\/strong>, grazie alla presenza di ingredienti altamente selezionati.<\/li>\n<li><strong>Promuove una risposta antinfiammatoria naturale<\/strong>, utile in presenza di gonfiori e disagi legati all&#8217;infiammazione.<\/li>\n<li><strong>Favorisce il benessere digestivo<\/strong>, grazie all&#8217;azione enzimatica della Bromelina.<\/li>\n<\/ul><\/div>\n<blockquote>\n<h4>Spese di spedizione gratuite per chi acquista 3 o pi\u00f9 confezioni.<\/h4>\n<\/blockquote>\n","protected":false},"featured_media":8061,"comment_status":"open","ping_status":"closed","template":"","meta":{"_monsterinsights_skip_tracking":false,"_monsterinsights_sitenote_active":false,"_monsterinsights_sitenote_note":"","_monsterinsights_sitenote_category":0},"product_brand":[],"product_cat":[57],"product_tag":[98,97,99],"class_list":{"0":"post-7553","1":"product","2":"type-product","3":"status-publish","4":"has-post-thumbnail","6":"product_cat-integratore-alimentare","7":"product_tag-bromelina","8":"product_tag-curcuma-meriva","9":"product_tag-integratore-alimentare","11":"first","12":"outofstock","13":"taxable","14":"shipping-taxable","15":"purchasable","16":"product-type-simple"},"yoast_head":"<!-- This site is optimized with the Yoast SEO plugin v27.5 - https:\/\/yoast.com\/product\/yoast-seo-wordpress\/ -->\n<title>Evaflog - Antheia Natural - Integratori alimentari<\/title>\n<meta name=\"description\" content=\"Integratore alimentare a base di Curcuma Meriva\u00ae e Bromelina, utile a colmare le carenze nutrizionali o l&#039;aumentato fabbisogno di tale nutriente.\" \/>\n<meta name=\"robots\" content=\"index, follow, max-snippet:-1, max-image-preview:large, max-video-preview:-1\" \/>\n<link rel=\"canonical\" href=\"https:\/\/antheianatural.it\/it\/prodotto\/evaflog\/\" \/>\n<meta property=\"og:locale\" content=\"it_IT\" \/>\n<meta property=\"og:type\" content=\"article\" \/>\n<meta property=\"og:title\" content=\"Evaflog - Antheia Natural - Integratori alimentari\" \/>\n<meta property=\"og:description\" content=\"Integratore alimentare a base di Curcuma Meriva\u00ae e Bromelina, utile a colmare le carenze nutrizionali o l&#039;aumentato fabbisogno di tale nutriente.\" \/>\n<meta property=\"og:url\" content=\"https:\/\/antheianatural.it\/it\/prodotto\/evaflog\/\" \/>\n<meta property=\"og:site_name\" content=\"Antheia Natural - Integratori alimentari\" \/>\n<meta property=\"article:publisher\" content=\"https:\/\/www.facebook.com\/profile.php?id=100087233113728\" \/>\n<meta property=\"article:modified_time\" content=\"2025-11-14T14:21:42+00:00\" \/>\n<meta property=\"og:image\" content=\"https:\/\/antheianatural.it\/wp-content\/uploads\/2023\/01\/image_-Sz-evaflog.jpeg\" \/>\n\t<meta property=\"og:image:width\" content=\"1024\" \/>\n\t<meta property=\"og:image:height\" content=\"1024\" \/>\n\t<meta property=\"og:image:type\" content=\"image\/jpeg\" \/>\n<meta name=\"twitter:card\" content=\"summary_large_image\" \/>\n<meta name=\"twitter:label1\" content=\"Tempo di lettura stimato\" \/>\n\t<meta name=\"twitter:data1\" content=\"2 minuti\" \/>\n<script type=\"application\/ld+json\" class=\"yoast-schema-graph\">{\"@context\":\"https:\\\/\\\/schema.org\",\"@graph\":[{\"@type\":\"WebPage\",\"@id\":\"https:\\\/\\\/antheianatural.it\\\/prodotto\\\/evaflog\\\/\",\"url\":\"https:\\\/\\\/antheianatural.it\\\/prodotto\\\/evaflog\\\/\",\"name\":\"Evaflog - Antheia Natural - Integratori alimentari\",\"isPartOf\":{\"@id\":\"https:\\\/\\\/antheianatural.it\\\/#website\"},\"primaryImageOfPage\":{\"@id\":\"https:\\\/\\\/antheianatural.it\\\/prodotto\\\/evaflog\\\/#primaryimage\"},\"image\":{\"@id\":\"https:\\\/\\\/antheianatural.it\\\/prodotto\\\/evaflog\\\/#primaryimage\"},\"thumbnailUrl\":\"https:\\\/\\\/antheianatural.it\\\/wp-content\\\/uploads\\\/2023\\\/01\\\/image_-Sz-evaflog.jpeg\",\"datePublished\":\"2023-01-14T14:28:43+00:00\",\"dateModified\":\"2025-11-14T14:21:42+00:00\",\"description\":\"Integratore alimentare a base di Curcuma Meriva\u00ae e Bromelina, utile a colmare le carenze nutrizionali o l'aumentato fabbisogno di tale nutriente.\",\"breadcrumb\":{\"@id\":\"https:\\\/\\\/antheianatural.it\\\/prodotto\\\/evaflog\\\/#breadcrumb\"},\"inLanguage\":\"it-IT\",\"potentialAction\":[{\"@type\":\"ReadAction\",\"target\":[\"https:\\\/\\\/antheianatural.it\\\/prodotto\\\/evaflog\\\/\"]}]},{\"@type\":\"ImageObject\",\"inLanguage\":\"it-IT\",\"@id\":\"https:\\\/\\\/antheianatural.it\\\/prodotto\\\/evaflog\\\/#primaryimage\",\"url\":\"https:\\\/\\\/antheianatural.it\\\/wp-content\\\/uploads\\\/2023\\\/01\\\/image_-Sz-evaflog.jpeg\",\"contentUrl\":\"https:\\\/\\\/antheianatural.it\\\/wp-content\\\/uploads\\\/2023\\\/01\\\/image_-Sz-evaflog.jpeg\",\"width\":1024,\"height\":1024},{\"@type\":\"BreadcrumbList\",\"@id\":\"https:\\\/\\\/antheianatural.it\\\/prodotto\\\/evaflog\\\/#breadcrumb\",\"itemListElement\":[{\"@type\":\"ListItem\",\"position\":1,\"name\":\"Home\",\"item\":\"https:\\\/\\\/antheianatural.it\\\/\"},{\"@type\":\"ListItem\",\"position\":2,\"name\":\"Acquista on-line\",\"item\":\"https:\\\/\\\/antheianatural.it\\\/shop\\\/\"},{\"@type\":\"ListItem\",\"position\":3,\"name\":\"Evaflog\"}]},{\"@type\":\"WebSite\",\"@id\":\"https:\\\/\\\/antheianatural.it\\\/#website\",\"url\":\"https:\\\/\\\/antheianatural.it\\\/\",\"name\":\"Antheia Natural - Integratori alimentari\",\"description\":\"Benessere autentico per il corpo e per la mente\",\"publisher\":{\"@id\":\"https:\\\/\\\/antheianatural.it\\\/#organization\"},\"potentialAction\":[{\"@type\":\"SearchAction\",\"target\":{\"@type\":\"EntryPoint\",\"urlTemplate\":\"https:\\\/\\\/antheianatural.it\\\/?s={search_term_string}\"},\"query-input\":{\"@type\":\"PropertyValueSpecification\",\"valueRequired\":true,\"valueName\":\"search_term_string\"}}],\"inLanguage\":\"it-IT\"},{\"@type\":\"Organization\",\"@id\":\"https:\\\/\\\/antheianatural.it\\\/#organization\",\"name\":\"Antheia Natural\",\"url\":\"https:\\\/\\\/antheianatural.it\\\/\",\"logo\":{\"@type\":\"ImageObject\",\"inLanguage\":\"it-IT\",\"@id\":\"https:\\\/\\\/antheianatural.it\\\/#\\\/schema\\\/logo\\\/image\\\/\",\"url\":\"https:\\\/\\\/antheianatural.it\\\/wp-content\\\/uploads\\\/2022\\\/05\\\/antheia-foto-slide-logo.png\",\"contentUrl\":\"https:\\\/\\\/antheianatural.it\\\/wp-content\\\/uploads\\\/2022\\\/05\\\/antheia-foto-slide-logo.png\",\"width\":817,\"height\":766,\"caption\":\"Antheia Natural\"},\"image\":{\"@id\":\"https:\\\/\\\/antheianatural.it\\\/#\\\/schema\\\/logo\\\/image\\\/\"},\"sameAs\":[\"https:\\\/\\\/www.facebook.com\\\/profile.php?id=100087233113728\"]}]}<\/script>\n<!-- \/ Yoast SEO plugin. -->","yoast_head_json":{"title":"Evaflog - Antheia Natural - Integratori alimentari","description":"Integratore alimentare a base di Curcuma Meriva\u00ae e Bromelina, utile a colmare le carenze nutrizionali o l'aumentato fabbisogno di tale nutriente.","robots":{"index":"index","follow":"follow","max-snippet":"max-snippet:-1","max-image-preview":"max-image-preview:large","max-video-preview":"max-video-preview:-1"},"canonical":"https:\/\/antheianatural.it\/it\/prodotto\/evaflog\/","og_locale":"it_IT","og_type":"article","og_title":"Evaflog - Antheia Natural - Integratori alimentari","og_description":"Integratore alimentare a base di Curcuma Meriva\u00ae e Bromelina, utile a colmare le carenze nutrizionali o l'aumentato fabbisogno di tale nutriente.","og_url":"https:\/\/antheianatural.it\/it\/prodotto\/evaflog\/","og_site_name":"Antheia Natural - Integratori alimentari","article_publisher":"https:\/\/www.facebook.com\/profile.php?id=100087233113728","article_modified_time":"2025-11-14T14:21:42+00:00","og_image":[{"width":1024,"height":1024,"url":"https:\/\/antheianatural.it\/wp-content\/uploads\/2023\/01\/image_-Sz-evaflog.jpeg","type":"image\/jpeg"}],"twitter_card":"summary_large_image","twitter_misc":{"Tempo di lettura stimato":"2 minuti"},"schema":{"@context":"https:\/\/schema.org","@graph":[{"@type":"WebPage","@id":"https:\/\/antheianatural.it\/prodotto\/evaflog\/","url":"https:\/\/antheianatural.it\/prodotto\/evaflog\/","name":"Evaflog - Antheia Natural - Integratori alimentari","isPartOf":{"@id":"https:\/\/antheianatural.it\/#website"},"primaryImageOfPage":{"@id":"https:\/\/antheianatural.it\/prodotto\/evaflog\/#primaryimage"},"image":{"@id":"https:\/\/antheianatural.it\/prodotto\/evaflog\/#primaryimage"},"thumbnailUrl":"https:\/\/antheianatural.it\/wp-content\/uploads\/2023\/01\/image_-Sz-evaflog.jpeg","datePublished":"2023-01-14T14:28:43+00:00","dateModified":"2025-11-14T14:21:42+00:00","description":"Integratore alimentare a base di Curcuma Meriva\u00ae e Bromelina, utile a colmare le carenze nutrizionali o l'aumentato fabbisogno di tale nutriente.","breadcrumb":{"@id":"https:\/\/antheianatural.it\/prodotto\/evaflog\/#breadcrumb"},"inLanguage":"it-IT","potentialAction":[{"@type":"ReadAction","target":["https:\/\/antheianatural.it\/prodotto\/evaflog\/"]}]},{"@type":"ImageObject","inLanguage":"it-IT","@id":"https:\/\/antheianatural.it\/prodotto\/evaflog\/#primaryimage","url":"https:\/\/antheianatural.it\/wp-content\/uploads\/2023\/01\/image_-Sz-evaflog.jpeg","contentUrl":"https:\/\/antheianatural.it\/wp-content\/uploads\/2023\/01\/image_-Sz-evaflog.jpeg","width":1024,"height":1024},{"@type":"BreadcrumbList","@id":"https:\/\/antheianatural.it\/prodotto\/evaflog\/#breadcrumb","itemListElement":[{"@type":"ListItem","position":1,"name":"Home","item":"https:\/\/antheianatural.it\/"},{"@type":"ListItem","position":2,"name":"Acquista on-line","item":"https:\/\/antheianatural.it\/shop\/"},{"@type":"ListItem","position":3,"name":"Evaflog"}]},{"@type":"WebSite","@id":"https:\/\/antheianatural.it\/#website","url":"https:\/\/antheianatural.it\/","name":"Antheia Natural - Integratori alimentari","description":"Benessere autentico per il corpo e per la mente","publisher":{"@id":"https:\/\/antheianatural.it\/#organization"},"potentialAction":[{"@type":"SearchAction","target":{"@type":"EntryPoint","urlTemplate":"https:\/\/antheianatural.it\/?s={search_term_string}"},"query-input":{"@type":"PropertyValueSpecification","valueRequired":true,"valueName":"search_term_string"}}],"inLanguage":"it-IT"},{"@type":"Organization","@id":"https:\/\/antheianatural.it\/#organization","name":"Antheia Natural","url":"https:\/\/antheianatural.it\/","logo":{"@type":"ImageObject","inLanguage":"it-IT","@id":"https:\/\/antheianatural.it\/#\/schema\/logo\/image\/","url":"https:\/\/antheianatural.it\/wp-content\/uploads\/2022\/05\/antheia-foto-slide-logo.png","contentUrl":"https:\/\/antheianatural.it\/wp-content\/uploads\/2022\/05\/antheia-foto-slide-logo.png","width":817,"height":766,"caption":"Antheia Natural"},"image":{"@id":"https:\/\/antheianatural.it\/#\/schema\/logo\/image\/"},"sameAs":["https:\/\/www.facebook.com\/profile.php?id=100087233113728"]}]}},"jetpack-related-posts":[{"id":7576,"url":"https:\/\/antheianatural.it\/it\/prodotto\/flogotyn-curcuma-meriva\/","url_meta":{"origin":7553,"position":0},"title":"Flogotyn","author":"antheia","date":"15\/01\/2023","format":false,"excerpt":"Flogotyn: Benessere e Vitalit\u00e0 con la Forza della Curcuma Meriva\u00ae Flogotyn \u00e8 un integratore alimentare formulato con Curcuma Meriva\u00ae, noto per le sue straordinarie propriet\u00e0 benefiche. Progettato per supportare coloro che necessitano di colmare le carenze nutrizionali o hanno un fabbisogno aumentato di questo prezioso nutriente, Flogotyn \u00e8 il compagno\u2026","rel":"","context":"Articolo simile","block_context":{"text":"Articolo simile","link":""},"img":{"alt_text":"Integratore alimentare a base di Curcuma Meriva\u00ae \u00e8 la soluzione ideale per chi cerca un aiuto naturale per colmare le carenze nutrizionali o l'aumentato fabbisogno di tale nutriente","src":"https:\/\/i0.wp.com\/antheianatural.it\/wp-content\/uploads\/2023\/01\/Antheia-flogotyn-1.offerta.jpg?resize=350%2C200&ssl=1","width":350,"height":200,"srcset":"https:\/\/i0.wp.com\/antheianatural.it\/wp-content\/uploads\/2023\/01\/Antheia-flogotyn-1.offerta.jpg?resize=350%2C200&ssl=1 1x, https:\/\/i0.wp.com\/antheianatural.it\/wp-content\/uploads\/2023\/01\/Antheia-flogotyn-1.offerta.jpg?resize=525%2C300&ssl=1 1.5x, https:\/\/i0.wp.com\/antheianatural.it\/wp-content\/uploads\/2023\/01\/Antheia-flogotyn-1.offerta.jpg?resize=700%2C400&ssl=1 2x, https:\/\/i0.wp.com\/antheianatural.it\/wp-content\/uploads\/2023\/01\/Antheia-flogotyn-1.offerta.jpg?resize=1050%2C600&ssl=1 3x, https:\/\/i0.wp.com\/antheianatural.it\/wp-content\/uploads\/2023\/01\/Antheia-flogotyn-1.offerta.jpg?resize=1400%2C800&ssl=1 4x"},"classes":[]},{"id":7564,"url":"https:\/\/antheianatural.it\/it\/prodotto\/rofer\/","url_meta":{"origin":7553,"position":1},"title":"Rofer","author":"antheia","date":"15\/01\/2023","format":false,"excerpt":"Rofeer \u00e8 un integratore alimentare formulato con un mix potente di estratti vegetali, amminoacidi, vitamine e minerali, progettato per sostenere chi affronta periodi di stanchezza fisica e mentale e per coloro che necessitano di un supplemento nutritivo nella loro dieta. Offrendo una soluzione completa per il benessere quotidiano, Rofeer aiuta\u2026","rel":"","context":"Articolo simile","block_context":{"text":"Articolo simile","link":""},"img":{"alt_text":"","src":"https:\/\/i0.wp.com\/antheianatural.it\/wp-content\/uploads\/2023\/01\/antheia-foto-prodotto-rofer-sc10.jpg?resize=350%2C200&ssl=1","width":350,"height":200,"srcset":"https:\/\/i0.wp.com\/antheianatural.it\/wp-content\/uploads\/2023\/01\/antheia-foto-prodotto-rofer-sc10.jpg?resize=350%2C200&ssl=1 1x, https:\/\/i0.wp.com\/antheianatural.it\/wp-content\/uploads\/2023\/01\/antheia-foto-prodotto-rofer-sc10.jpg?resize=525%2C300&ssl=1 1.5x, https:\/\/i0.wp.com\/antheianatural.it\/wp-content\/uploads\/2023\/01\/antheia-foto-prodotto-rofer-sc10.jpg?resize=700%2C400&ssl=1 2x, https:\/\/i0.wp.com\/antheianatural.it\/wp-content\/uploads\/2023\/01\/antheia-foto-prodotto-rofer-sc10.jpg?resize=1050%2C600&ssl=1 3x, https:\/\/i0.wp.com\/antheianatural.it\/wp-content\/uploads\/2023\/01\/antheia-foto-prodotto-rofer-sc10.jpg?resize=1400%2C800&ssl=1 4x"},"classes":[]},{"id":7591,"url":"https:\/\/antheianatural.it\/it\/prodotto\/maculsine-dha\/","url_meta":{"origin":7553,"position":2},"title":"Maculsine","author":"antheia","date":"18\/01\/2023","format":false,"excerpt":"Maculsine: Nutrienti Essenziali per Mente e Vista Maculsine \u00e8 l'integratore ideale per chi cerca di migliorare la propria salute cerebrale e visiva. Formulato con un mix esclusivo di nutrienti essenziali, offre diversi benefici: Spese di spedizione gratuite e sconto del 10% per chi acquista 3 o pi\u00f9 confezioni.","rel":"","context":"Articolo simile","block_context":{"text":"Articolo simile","link":""},"img":{"alt_text":"","src":"https:\/\/i0.wp.com\/antheianatural.it\/wp-content\/uploads\/2023\/01\/antheia-foto-prodotto-maculsine-sc10.jpg?resize=350%2C200&ssl=1","width":350,"height":200,"srcset":"https:\/\/i0.wp.com\/antheianatural.it\/wp-content\/uploads\/2023\/01\/antheia-foto-prodotto-maculsine-sc10.jpg?resize=350%2C200&ssl=1 1x, https:\/\/i0.wp.com\/antheianatural.it\/wp-content\/uploads\/2023\/01\/antheia-foto-prodotto-maculsine-sc10.jpg?resize=525%2C300&ssl=1 1.5x, https:\/\/i0.wp.com\/antheianatural.it\/wp-content\/uploads\/2023\/01\/antheia-foto-prodotto-maculsine-sc10.jpg?resize=700%2C400&ssl=1 2x, https:\/\/i0.wp.com\/antheianatural.it\/wp-content\/uploads\/2023\/01\/antheia-foto-prodotto-maculsine-sc10.jpg?resize=1050%2C600&ssl=1 3x, https:\/\/i0.wp.com\/antheianatural.it\/wp-content\/uploads\/2023\/01\/antheia-foto-prodotto-maculsine-sc10.jpg?resize=1400%2C800&ssl=1 4x"},"classes":[]},{"id":8263,"url":"https:\/\/antheianatural.it\/it\/prodotto\/novid\/","url_meta":{"origin":7553,"position":3},"title":"NoviD","author":"antheia","date":"06\/04\/2024","format":false,"excerpt":"Il Tuo Scudo Protettivo Quotidiano NoviD \u00e8 un integratore alimentare formulato per fornire un supporto essenziale al tuo sistema immunitario. Con una combinazione precisa di Vitamina D3, Selenio e Zinco, NoviD \u00e8 progettato per offrirti una protezione quotidiana, contribuendo al tuo benessere generale. I principali benefici includono: 10% di sconto\u2026","rel":"","context":"Articolo simile","block_context":{"text":"Articolo simile","link":""},"img":{"alt_text":"","src":"https:\/\/i0.wp.com\/antheianatural.it\/wp-content\/uploads\/2024\/04\/antheia-foto-prodotto-noviD-1-1.jpg?resize=350%2C200&ssl=1","width":350,"height":200,"srcset":"https:\/\/i0.wp.com\/antheianatural.it\/wp-content\/uploads\/2024\/04\/antheia-foto-prodotto-noviD-1-1.jpg?resize=350%2C200&ssl=1 1x, https:\/\/i0.wp.com\/antheianatural.it\/wp-content\/uploads\/2024\/04\/antheia-foto-prodotto-noviD-1-1.jpg?resize=525%2C300&ssl=1 1.5x, https:\/\/i0.wp.com\/antheianatural.it\/wp-content\/uploads\/2024\/04\/antheia-foto-prodotto-noviD-1-1.jpg?resize=700%2C400&ssl=1 2x, https:\/\/i0.wp.com\/antheianatural.it\/wp-content\/uploads\/2024\/04\/antheia-foto-prodotto-noviD-1-1.jpg?resize=1050%2C600&ssl=1 3x, https:\/\/i0.wp.com\/antheianatural.it\/wp-content\/uploads\/2024\/04\/antheia-foto-prodotto-noviD-1-1.jpg?resize=1400%2C800&ssl=1 4x"},"classes":[]},{"id":7539,"url":"https:\/\/antheianatural.it\/it\/prodotto\/ematofer-ferro-vitamina-c\/","url_meta":{"origin":7553,"position":4},"title":"Ematofer","author":"antheia","date":"12\/01\/2023","format":false,"excerpt":"EMATOFER: Integratore di Ferro e Vitamina C Ematofer \u00e8 pi\u00f9 di un semplice integratore. \u00c8 una formula studiata per coloro che cercano un rimedio efficace contro la stanchezza e desiderano migliorare l'assorbimento del ferro, essenziale per il benessere dell'organismo. La sua composizione unica, arricchita con Vitamina C, garantisce una serie\u2026","rel":"","context":"Articolo simile","block_context":{"text":"Articolo simile","link":""},"img":{"alt_text":"","src":"https:\/\/i0.wp.com\/antheianatural.it\/wp-content\/uploads\/2023\/01\/antheia-foto-prodotto-ematofer-sc10-1.jpg?resize=350%2C200&ssl=1","width":350,"height":200,"srcset":"https:\/\/i0.wp.com\/antheianatural.it\/wp-content\/uploads\/2023\/01\/antheia-foto-prodotto-ematofer-sc10-1.jpg?resize=350%2C200&ssl=1 1x, https:\/\/i0.wp.com\/antheianatural.it\/wp-content\/uploads\/2023\/01\/antheia-foto-prodotto-ematofer-sc10-1.jpg?resize=525%2C300&ssl=1 1.5x, https:\/\/i0.wp.com\/antheianatural.it\/wp-content\/uploads\/2023\/01\/antheia-foto-prodotto-ematofer-sc10-1.jpg?resize=700%2C400&ssl=1 2x, https:\/\/i0.wp.com\/antheianatural.it\/wp-content\/uploads\/2023\/01\/antheia-foto-prodotto-ematofer-sc10-1.jpg?resize=1050%2C600&ssl=1 3x, https:\/\/i0.wp.com\/antheianatural.it\/wp-content\/uploads\/2023\/01\/antheia-foto-prodotto-ematofer-sc10-1.jpg?resize=1400%2C800&ssl=1 4x"},"classes":[]},{"id":7752,"url":"https:\/\/antheianatural.it\/it\/prodotto\/colesterol-down\/","url_meta":{"origin":7553,"position":5},"title":"Colesterol Down","author":"antheia","date":"10\/08\/2023","format":false,"excerpt":"Equilibrio Colesterolo: La Formula Naturale di Colesterol Down Colesterol Down \u00e8 l'integratore alimentare ideato per coloro che cercano una soluzione naturale per supportare la gestione del colesterolo. Con una formula specifica che include Bromelina e Lievito di Riso Rosso Fermentato, offre numerosi benefici: Spese di spedizione gratuite e sconto del\u2026","rel":"","context":"Articolo simile","block_context":{"text":"Articolo simile","link":""},"img":{"alt_text":"","src":"https:\/\/i0.wp.com\/antheianatural.it\/wp-content\/uploads\/2023\/08\/antheia-foto-prodotto-colesterol-down-2.jpg?resize=350%2C200&ssl=1","width":350,"height":200,"srcset":"https:\/\/i0.wp.com\/antheianatural.it\/wp-content\/uploads\/2023\/08\/antheia-foto-prodotto-colesterol-down-2.jpg?resize=350%2C200&ssl=1 1x, https:\/\/i0.wp.com\/antheianatural.it\/wp-content\/uploads\/2023\/08\/antheia-foto-prodotto-colesterol-down-2.jpg?resize=525%2C300&ssl=1 1.5x, https:\/\/i0.wp.com\/antheianatural.it\/wp-content\/uploads\/2023\/08\/antheia-foto-prodotto-colesterol-down-2.jpg?resize=700%2C400&ssl=1 2x, https:\/\/i0.wp.com\/antheianatural.it\/wp-content\/uploads\/2023\/08\/antheia-foto-prodotto-colesterol-down-2.jpg?resize=1050%2C600&ssl=1 3x, https:\/\/i0.wp.com\/antheianatural.it\/wp-content\/uploads\/2023\/08\/antheia-foto-prodotto-colesterol-down-2.jpg?resize=1400%2C800&ssl=1 4x"},"classes":[]}],"jetpack_sharing_enabled":true,"_links":{"self":[{"href":"https:\/\/antheianatural.it\/it\/wp-json\/wp\/v2\/product\/7553","targetHints":{"allow":["GET"]}}],"collection":[{"href":"https:\/\/antheianatural.it\/it\/wp-json\/wp\/v2\/product"}],"about":[{"href":"https:\/\/antheianatural.it\/it\/wp-json\/wp\/v2\/types\/product"}],"replies":[{"embeddable":true,"href":"https:\/\/antheianatural.it\/it\/wp-json\/wp\/v2\/comments?post=7553"}],"version-history":[{"count":13,"href":"https:\/\/antheianatural.it\/it\/wp-json\/wp\/v2\/product\/7553\/revisions"}],"predecessor-version":[{"id":8123,"href":"https:\/\/antheianatural.it\/it\/wp-json\/wp\/v2\/product\/7553\/revisions\/8123"}],"wp:featuredmedia":[{"embeddable":true,"href":"https:\/\/antheianatural.it\/it\/wp-json\/wp\/v2\/media\/8061"}],"wp:attachment":[{"href":"https:\/\/antheianatural.it\/it\/wp-json\/wp\/v2\/media?parent=7553"}],"wp:term":[{"taxonomy":"product_brand","embeddable":true,"href":"https:\/\/antheianatural.it\/it\/wp-json\/wp\/v2\/product_brand?post=7553"},{"taxonomy":"product_cat","embeddable":true,"href":"https:\/\/antheianatural.it\/it\/wp-json\/wp\/v2\/product_cat?post=7553"},{"taxonomy":"product_tag","embeddable":true,"href":"https:\/\/antheianatural.it\/it\/wp-json\/wp\/v2\/product_tag?post=7553"}],"curies":[{"name":"wp","href":"https:\/\/api.w.org\/{rel}","templated":true}]}}