{"id":7564,"date":"2023-01-15T15:18:53","date_gmt":"2023-01-15T15:18:53","guid":{"rendered":"https:\/\/antheianatural.it\/?post_type=product&#038;p=7564"},"modified":"2025-11-14T14:22:07","modified_gmt":"2025-11-14T14:22:07","slug":"rofer","status":"publish","type":"product","link":"https:\/\/antheianatural.it\/it\/prodotto\/rofer\/","title":{"rendered":"Rofer"},"content":{"rendered":"\t\t<div data-elementor-type=\"wp-post\" data-elementor-id=\"7564\" class=\"elementor elementor-7564\">\n\t\t\t\t\t\t<section class=\"elementor-section elementor-top-section elementor-element elementor-element-5bea8997 elementor-section-boxed elementor-section-height-default elementor-section-height-default default-style\" data-id=\"5bea8997\" data-element_type=\"section\" data-e-type=\"section\" data-settings=\"{&quot;rt_color_sets&quot;:&quot;default-style&quot;}\">\n\t\t\t\t\t\t<div class=\"elementor-container elementor-column-gap-default\">\n\t\t\t\t\t<div class=\"elementor-column elementor-col-100 elementor-top-column elementor-element elementor-element-1d30d1f2\" data-id=\"1d30d1f2\" data-element_type=\"column\" data-e-type=\"column\">\n\t\t\t<div class=\"elementor-widget-wrap elementor-element-populated\">\n\t\t\t\t\t\t<div class=\"elementor-element elementor-element-4804b381 elementor-widget elementor-widget-text-editor\" data-id=\"4804b381\" data-element_type=\"widget\" data-e-type=\"widget\" data-widget_type=\"text-editor.default\">\n\t\t\t\t<div class=\"elementor-widget-container\">\n\t\t\t\t\t\t\t\t\t<p><strong>Scheda Riassuntiva:<\/strong><\/p><ul><li><strong>Denominazione:<\/strong> Rofer 14 bustine da 6 g<\/li><li><strong>Produttore:<\/strong> Antheia srl<\/li><li><strong>Categoria:<\/strong> Integratori di regime e alimenti speciali<\/li><li><strong>Tipo:<\/strong> Parafarmaco uso umano<\/li><li><strong>Forma:<\/strong> Bustine<\/li><li><strong>Codice AIC:<\/strong> Non applicabile<\/li><li><strong>Note Aifa:<\/strong> Nessuna<\/li><\/ul><p><strong>INDICAZIONI DI UTILIZZO:<\/strong><\/p><ul><li>Carenze nutrizionali<\/li><li>Stanchezza fisica e mentale<\/li><\/ul><p><strong>INGREDIENTI:<\/strong><\/p><ul><li>Estratti vegetali (Ginseng, Eleuterococco)<\/li><li>Amminoacidi (L-arginina, Acetil-L-carnitina)<\/li><li>Vitamine (C, E, B1, D3, Niacina, Biotina)<\/li><li>Minerali (Magnesio, Ferro, Zinco, Iodio, Selenio)<\/li><\/ul><p><strong>MODALIT\u00c0 D&#8217;USO:<\/strong> Assumere 1 bustina al giorno, preferibilmente al mattino, o secondo prescrizione medica. Sciogliere il contenuto della bustina in un bicchiere d&#8217;acqua.<\/p><p><strong>AVVERTENZE:<\/strong><\/p><ul><li>Non superare la dose giornaliera consigliata.<\/li><li>Non sostituisce una dieta variata ed equilibrata.<\/li><li>Tenere lontano dalla portata dei bambini sotto i 3 anni.<\/li><li>Consultare il medico in caso di gravidanza o allattamento.<\/li><\/ul>\t\t\t\t\t\t\t\t<\/div>\n\t\t\t\t<\/div>\n\t\t\t\t\t<\/div>\n\t\t<\/div>\n\t\t\t\t\t<\/div>\n\t\t<\/section>\n\t\t\t\t<\/div>\n\t\t","protected":false},"excerpt":{"rendered":"<p>Rofeer \u00e8 un integratore alimentare formulato con un mix potente di estratti vegetali, amminoacidi, vitamine e minerali, progettato per sostenere chi affronta periodi di stanchezza fisica e mentale e per coloro che necessitano di un supplemento nutritivo nella loro dieta. Offrendo una soluzione completa per il benessere quotidiano, Rofeer aiuta a:<\/p>\n<div  class=\"bullet-list style-1  check\">\n<ul>\n<li><strong>Combattere la stanchezza fisica e mentale<\/strong> grazie al potere tonico-adattogeno del Ginseng.<\/li>\n<li><strong>Sostenere la funzione cardiaca<\/strong> con l&#8217;apporto di Vitamina B1.<\/li>\n<li><strong>Ridurre la sensazione di affaticamento<\/strong> con Magnesio, Ferro, Vitamina C e Niacina.<\/li>\n<li><strong>Fornire un supporto nutrizionale completo<\/strong> per colmare le carenze o l&#8217;aumentato fabbisogno di tali nutrienti.<\/li>\n<\/ul><\/div>\n<blockquote>\n<h4>Spese di spedizione gratuite e sconto del 10% per chi acquista 3 o pi\u00f9 confezioni.<\/h4>\n<\/blockquote>\n","protected":false},"featured_media":8314,"comment_status":"open","ping_status":"closed","template":"","meta":{"_monsterinsights_skip_tracking":false,"_monsterinsights_sitenote_active":false,"_monsterinsights_sitenote_note":"","_monsterinsights_sitenote_category":0},"product_brand":[],"product_cat":[57],"product_tag":[103,100,99,102,105,67,101,104,68,106],"class_list":{"0":"post-7564","1":"product","2":"type-product","3":"status-publish","4":"has-post-thumbnail","6":"product_cat-integratore-alimentare","7":"product_tag-ferro","8":"product_tag-ginseng","9":"product_tag-integratore-alimentare","10":"product_tag-magnesio","11":"product_tag-niacina","12":"product_tag-selenio","13":"product_tag-vitamina-b1","14":"product_tag-vitamina-c","15":"product_tag-vitamina-d3","16":"product_tag-zinco","18":"first","19":"outofstock","20":"taxable","21":"shipping-taxable","22":"purchasable","23":"product-type-simple"},"yoast_head":"<!-- This site is optimized with the Yoast SEO plugin v27.5 - https:\/\/yoast.com\/product\/yoast-seo-wordpress\/ -->\n<title>Rofer - Antheia Natural - Integratori alimentari<\/title>\n<meta name=\"description\" content=\"Integratore alimentare a base di estratti vegetali, amminoacidi, vitamine e minerali, utile a colmare carenze nutrizionali o aumento fabbisogno.Scopri Rofeer, l&#039;integratore che unisce Ginseng, Vitamina B1, Magnesio, e altri nutrienti per ridurre stanchezza e supportare la funzione cardiaca. Ideale per carenze nutrizionali e incrementare il tuo benessere quotidiano.\" \/>\n<meta name=\"robots\" content=\"index, follow, max-snippet:-1, max-image-preview:large, max-video-preview:-1\" \/>\n<link rel=\"canonical\" href=\"https:\/\/antheianatural.it\/it\/prodotto\/rofer\/\" \/>\n<meta property=\"og:locale\" content=\"it_IT\" \/>\n<meta property=\"og:type\" content=\"article\" \/>\n<meta property=\"og:title\" content=\"Rofer - Antheia Natural - Integratori alimentari\" \/>\n<meta property=\"og:description\" content=\"Integratore alimentare a base di estratti vegetali, amminoacidi, vitamine e minerali, utile a colmare carenze nutrizionali o aumento fabbisogno.Scopri Rofeer, l&#039;integratore che unisce Ginseng, Vitamina B1, Magnesio, e altri nutrienti per ridurre stanchezza e supportare la funzione cardiaca. Ideale per carenze nutrizionali e incrementare il tuo benessere quotidiano.\" \/>\n<meta property=\"og:url\" content=\"https:\/\/antheianatural.it\/it\/prodotto\/rofer\/\" \/>\n<meta property=\"og:site_name\" content=\"Antheia Natural - Integratori alimentari\" \/>\n<meta property=\"article:publisher\" content=\"https:\/\/www.facebook.com\/profile.php?id=100087233113728\" \/>\n<meta property=\"article:modified_time\" content=\"2025-11-14T14:22:07+00:00\" \/>\n<meta property=\"og:image\" content=\"https:\/\/antheianatural.it\/wp-content\/uploads\/2023\/01\/antheia-foto-prodotto-rofer-sc10.jpg\" \/>\n\t<meta property=\"og:image:width\" content=\"2000\" \/>\n\t<meta property=\"og:image:height\" content=\"2000\" \/>\n\t<meta property=\"og:image:type\" content=\"image\/jpeg\" \/>\n<meta name=\"twitter:card\" content=\"summary_large_image\" \/>\n<meta name=\"twitter:label1\" content=\"Tempo di lettura stimato\" \/>\n\t<meta name=\"twitter:data1\" content=\"1 minuto\" \/>\n<script type=\"application\/ld+json\" class=\"yoast-schema-graph\">{\"@context\":\"https:\\\/\\\/schema.org\",\"@graph\":[{\"@type\":\"WebPage\",\"@id\":\"https:\\\/\\\/antheianatural.it\\\/prodotto\\\/rofer\\\/\",\"url\":\"https:\\\/\\\/antheianatural.it\\\/prodotto\\\/rofer\\\/\",\"name\":\"Rofer - Antheia Natural - Integratori alimentari\",\"isPartOf\":{\"@id\":\"https:\\\/\\\/antheianatural.it\\\/#website\"},\"primaryImageOfPage\":{\"@id\":\"https:\\\/\\\/antheianatural.it\\\/prodotto\\\/rofer\\\/#primaryimage\"},\"image\":{\"@id\":\"https:\\\/\\\/antheianatural.it\\\/prodotto\\\/rofer\\\/#primaryimage\"},\"thumbnailUrl\":\"https:\\\/\\\/antheianatural.it\\\/wp-content\\\/uploads\\\/2023\\\/01\\\/antheia-foto-prodotto-rofer-sc10.jpg\",\"datePublished\":\"2023-01-15T15:18:53+00:00\",\"dateModified\":\"2025-11-14T14:22:07+00:00\",\"description\":\"Integratore alimentare a base di estratti vegetali, amminoacidi, vitamine e minerali, utile a colmare carenze nutrizionali o aumento fabbisogno.Scopri Rofeer, l'integratore che unisce Ginseng, Vitamina B1, Magnesio, e altri nutrienti per ridurre stanchezza e supportare la funzione cardiaca. Ideale per carenze nutrizionali e incrementare il tuo benessere quotidiano.\",\"breadcrumb\":{\"@id\":\"https:\\\/\\\/antheianatural.it\\\/prodotto\\\/rofer\\\/#breadcrumb\"},\"inLanguage\":\"it-IT\",\"potentialAction\":[{\"@type\":\"ReadAction\",\"target\":[\"https:\\\/\\\/antheianatural.it\\\/prodotto\\\/rofer\\\/\"]}]},{\"@type\":\"ImageObject\",\"inLanguage\":\"it-IT\",\"@id\":\"https:\\\/\\\/antheianatural.it\\\/prodotto\\\/rofer\\\/#primaryimage\",\"url\":\"https:\\\/\\\/antheianatural.it\\\/wp-content\\\/uploads\\\/2023\\\/01\\\/antheia-foto-prodotto-rofer-sc10.jpg\",\"contentUrl\":\"https:\\\/\\\/antheianatural.it\\\/wp-content\\\/uploads\\\/2023\\\/01\\\/antheia-foto-prodotto-rofer-sc10.jpg\",\"width\":2000,\"height\":2000},{\"@type\":\"BreadcrumbList\",\"@id\":\"https:\\\/\\\/antheianatural.it\\\/prodotto\\\/rofer\\\/#breadcrumb\",\"itemListElement\":[{\"@type\":\"ListItem\",\"position\":1,\"name\":\"Home\",\"item\":\"https:\\\/\\\/antheianatural.it\\\/\"},{\"@type\":\"ListItem\",\"position\":2,\"name\":\"Acquista on-line\",\"item\":\"https:\\\/\\\/antheianatural.it\\\/shop\\\/\"},{\"@type\":\"ListItem\",\"position\":3,\"name\":\"Rofer\"}]},{\"@type\":\"WebSite\",\"@id\":\"https:\\\/\\\/antheianatural.it\\\/#website\",\"url\":\"https:\\\/\\\/antheianatural.it\\\/\",\"name\":\"Antheia Natural - Integratori alimentari\",\"description\":\"Benessere autentico per il corpo e per la mente\",\"publisher\":{\"@id\":\"https:\\\/\\\/antheianatural.it\\\/#organization\"},\"potentialAction\":[{\"@type\":\"SearchAction\",\"target\":{\"@type\":\"EntryPoint\",\"urlTemplate\":\"https:\\\/\\\/antheianatural.it\\\/?s={search_term_string}\"},\"query-input\":{\"@type\":\"PropertyValueSpecification\",\"valueRequired\":true,\"valueName\":\"search_term_string\"}}],\"inLanguage\":\"it-IT\"},{\"@type\":\"Organization\",\"@id\":\"https:\\\/\\\/antheianatural.it\\\/#organization\",\"name\":\"Antheia Natural\",\"url\":\"https:\\\/\\\/antheianatural.it\\\/\",\"logo\":{\"@type\":\"ImageObject\",\"inLanguage\":\"it-IT\",\"@id\":\"https:\\\/\\\/antheianatural.it\\\/#\\\/schema\\\/logo\\\/image\\\/\",\"url\":\"https:\\\/\\\/antheianatural.it\\\/wp-content\\\/uploads\\\/2022\\\/05\\\/antheia-foto-slide-logo.png\",\"contentUrl\":\"https:\\\/\\\/antheianatural.it\\\/wp-content\\\/uploads\\\/2022\\\/05\\\/antheia-foto-slide-logo.png\",\"width\":817,\"height\":766,\"caption\":\"Antheia Natural\"},\"image\":{\"@id\":\"https:\\\/\\\/antheianatural.it\\\/#\\\/schema\\\/logo\\\/image\\\/\"},\"sameAs\":[\"https:\\\/\\\/www.facebook.com\\\/profile.php?id=100087233113728\"]}]}<\/script>\n<!-- \/ Yoast SEO plugin. -->","yoast_head_json":{"title":"Rofer - Antheia Natural - Integratori alimentari","description":"Integratore alimentare a base di estratti vegetali, amminoacidi, vitamine e minerali, utile a colmare carenze nutrizionali o aumento fabbisogno.Scopri Rofeer, l'integratore che unisce Ginseng, Vitamina B1, Magnesio, e altri nutrienti per ridurre stanchezza e supportare la funzione cardiaca. Ideale per carenze nutrizionali e incrementare il tuo benessere quotidiano.","robots":{"index":"index","follow":"follow","max-snippet":"max-snippet:-1","max-image-preview":"max-image-preview:large","max-video-preview":"max-video-preview:-1"},"canonical":"https:\/\/antheianatural.it\/it\/prodotto\/rofer\/","og_locale":"it_IT","og_type":"article","og_title":"Rofer - Antheia Natural - Integratori alimentari","og_description":"Integratore alimentare a base di estratti vegetali, amminoacidi, vitamine e minerali, utile a colmare carenze nutrizionali o aumento fabbisogno.Scopri Rofeer, l'integratore che unisce Ginseng, Vitamina B1, Magnesio, e altri nutrienti per ridurre stanchezza e supportare la funzione cardiaca. Ideale per carenze nutrizionali e incrementare il tuo benessere quotidiano.","og_url":"https:\/\/antheianatural.it\/it\/prodotto\/rofer\/","og_site_name":"Antheia Natural - Integratori alimentari","article_publisher":"https:\/\/www.facebook.com\/profile.php?id=100087233113728","article_modified_time":"2025-11-14T14:22:07+00:00","og_image":[{"width":2000,"height":2000,"url":"https:\/\/antheianatural.it\/wp-content\/uploads\/2023\/01\/antheia-foto-prodotto-rofer-sc10.jpg","type":"image\/jpeg"}],"twitter_card":"summary_large_image","twitter_misc":{"Tempo di lettura stimato":"1 minuto"},"schema":{"@context":"https:\/\/schema.org","@graph":[{"@type":"WebPage","@id":"https:\/\/antheianatural.it\/prodotto\/rofer\/","url":"https:\/\/antheianatural.it\/prodotto\/rofer\/","name":"Rofer - Antheia Natural - Integratori alimentari","isPartOf":{"@id":"https:\/\/antheianatural.it\/#website"},"primaryImageOfPage":{"@id":"https:\/\/antheianatural.it\/prodotto\/rofer\/#primaryimage"},"image":{"@id":"https:\/\/antheianatural.it\/prodotto\/rofer\/#primaryimage"},"thumbnailUrl":"https:\/\/antheianatural.it\/wp-content\/uploads\/2023\/01\/antheia-foto-prodotto-rofer-sc10.jpg","datePublished":"2023-01-15T15:18:53+00:00","dateModified":"2025-11-14T14:22:07+00:00","description":"Integratore alimentare a base di estratti vegetali, amminoacidi, vitamine e minerali, utile a colmare carenze nutrizionali o aumento fabbisogno.Scopri Rofeer, l'integratore che unisce Ginseng, Vitamina B1, Magnesio, e altri nutrienti per ridurre stanchezza e supportare la funzione cardiaca. Ideale per carenze nutrizionali e incrementare il tuo benessere quotidiano.","breadcrumb":{"@id":"https:\/\/antheianatural.it\/prodotto\/rofer\/#breadcrumb"},"inLanguage":"it-IT","potentialAction":[{"@type":"ReadAction","target":["https:\/\/antheianatural.it\/prodotto\/rofer\/"]}]},{"@type":"ImageObject","inLanguage":"it-IT","@id":"https:\/\/antheianatural.it\/prodotto\/rofer\/#primaryimage","url":"https:\/\/antheianatural.it\/wp-content\/uploads\/2023\/01\/antheia-foto-prodotto-rofer-sc10.jpg","contentUrl":"https:\/\/antheianatural.it\/wp-content\/uploads\/2023\/01\/antheia-foto-prodotto-rofer-sc10.jpg","width":2000,"height":2000},{"@type":"BreadcrumbList","@id":"https:\/\/antheianatural.it\/prodotto\/rofer\/#breadcrumb","itemListElement":[{"@type":"ListItem","position":1,"name":"Home","item":"https:\/\/antheianatural.it\/"},{"@type":"ListItem","position":2,"name":"Acquista on-line","item":"https:\/\/antheianatural.it\/shop\/"},{"@type":"ListItem","position":3,"name":"Rofer"}]},{"@type":"WebSite","@id":"https:\/\/antheianatural.it\/#website","url":"https:\/\/antheianatural.it\/","name":"Antheia Natural - Integratori alimentari","description":"Benessere autentico per il corpo e per la mente","publisher":{"@id":"https:\/\/antheianatural.it\/#organization"},"potentialAction":[{"@type":"SearchAction","target":{"@type":"EntryPoint","urlTemplate":"https:\/\/antheianatural.it\/?s={search_term_string}"},"query-input":{"@type":"PropertyValueSpecification","valueRequired":true,"valueName":"search_term_string"}}],"inLanguage":"it-IT"},{"@type":"Organization","@id":"https:\/\/antheianatural.it\/#organization","name":"Antheia Natural","url":"https:\/\/antheianatural.it\/","logo":{"@type":"ImageObject","inLanguage":"it-IT","@id":"https:\/\/antheianatural.it\/#\/schema\/logo\/image\/","url":"https:\/\/antheianatural.it\/wp-content\/uploads\/2022\/05\/antheia-foto-slide-logo.png","contentUrl":"https:\/\/antheianatural.it\/wp-content\/uploads\/2022\/05\/antheia-foto-slide-logo.png","width":817,"height":766,"caption":"Antheia Natural"},"image":{"@id":"https:\/\/antheianatural.it\/#\/schema\/logo\/image\/"},"sameAs":["https:\/\/www.facebook.com\/profile.php?id=100087233113728"]}]}},"jetpack-related-posts":[{"id":8706,"url":"https:\/\/antheianatural.it\/it\/prodotto\/vitreo-trofina\/","url_meta":{"origin":7564,"position":0},"title":"Vitreo Trofina","author":"antheia","date":"18\/06\/2025","format":false,"excerpt":"Equilibrio Minerale e Supporto al Sistema Nervoso VitreoTrofina \u00e8 un integratore alimentare in bustine, formulato con una combinazione sinergica di Magnesio, Potassio, Vitamina C e Bromelina gastroresistente, ideale per sostenere l\u2019equilibrio elettrolitico e il corretto funzionamento del sistema nervoso. Adatto a chi vive periodi di stanchezza, stress o necessita di\u2026","rel":"","context":"Articolo simile","block_context":{"text":"Articolo simile","link":""},"img":{"alt_text":"VitreoTrofina Integratore con magnesio, potassio, vitamina C e bromelina per un benessere nervoso e pressione equilibrata. 24 bustine.","src":"https:\/\/i0.wp.com\/antheianatural.it\/wp-content\/uploads\/2025\/06\/antheia-vitreo-trofina-2.jpg?resize=350%2C200&ssl=1","width":350,"height":200,"srcset":"https:\/\/i0.wp.com\/antheianatural.it\/wp-content\/uploads\/2025\/06\/antheia-vitreo-trofina-2.jpg?resize=350%2C200&ssl=1 1x, https:\/\/i0.wp.com\/antheianatural.it\/wp-content\/uploads\/2025\/06\/antheia-vitreo-trofina-2.jpg?resize=525%2C300&ssl=1 1.5x, https:\/\/i0.wp.com\/antheianatural.it\/wp-content\/uploads\/2025\/06\/antheia-vitreo-trofina-2.jpg?resize=700%2C400&ssl=1 2x, https:\/\/i0.wp.com\/antheianatural.it\/wp-content\/uploads\/2025\/06\/antheia-vitreo-trofina-2.jpg?resize=1050%2C600&ssl=1 3x, https:\/\/i0.wp.com\/antheianatural.it\/wp-content\/uploads\/2025\/06\/antheia-vitreo-trofina-2.jpg?resize=1400%2C800&ssl=1 4x"},"classes":[]},{"id":7752,"url":"https:\/\/antheianatural.it\/it\/prodotto\/colesterol-down\/","url_meta":{"origin":7564,"position":1},"title":"Colesterol Down","author":"antheia","date":"10\/08\/2023","format":false,"excerpt":"Equilibrio Colesterolo: La Formula Naturale di Colesterol Down Colesterol Down \u00e8 l'integratore alimentare ideato per coloro che cercano una soluzione naturale per supportare la gestione del colesterolo. Con una formula specifica che include Bromelina e Lievito di Riso Rosso Fermentato, offre numerosi benefici: Spese di spedizione gratuite e sconto del\u2026","rel":"","context":"Articolo simile","block_context":{"text":"Articolo simile","link":""},"img":{"alt_text":"","src":"https:\/\/i0.wp.com\/antheianatural.it\/wp-content\/uploads\/2023\/08\/antheia-foto-prodotto-colesterol-down-2.jpg?resize=350%2C200&ssl=1","width":350,"height":200,"srcset":"https:\/\/i0.wp.com\/antheianatural.it\/wp-content\/uploads\/2023\/08\/antheia-foto-prodotto-colesterol-down-2.jpg?resize=350%2C200&ssl=1 1x, https:\/\/i0.wp.com\/antheianatural.it\/wp-content\/uploads\/2023\/08\/antheia-foto-prodotto-colesterol-down-2.jpg?resize=525%2C300&ssl=1 1.5x, https:\/\/i0.wp.com\/antheianatural.it\/wp-content\/uploads\/2023\/08\/antheia-foto-prodotto-colesterol-down-2.jpg?resize=700%2C400&ssl=1 2x, https:\/\/i0.wp.com\/antheianatural.it\/wp-content\/uploads\/2023\/08\/antheia-foto-prodotto-colesterol-down-2.jpg?resize=1050%2C600&ssl=1 3x, https:\/\/i0.wp.com\/antheianatural.it\/wp-content\/uploads\/2023\/08\/antheia-foto-prodotto-colesterol-down-2.jpg?resize=1400%2C800&ssl=1 4x"},"classes":[]},{"id":7539,"url":"https:\/\/antheianatural.it\/it\/prodotto\/ematofer-ferro-vitamina-c\/","url_meta":{"origin":7564,"position":2},"title":"Ematofer","author":"antheia","date":"12\/01\/2023","format":false,"excerpt":"EMATOFER: Integratore di Ferro e Vitamina C Ematofer \u00e8 pi\u00f9 di un semplice integratore. \u00c8 una formula studiata per coloro che cercano un rimedio efficace contro la stanchezza e desiderano migliorare l'assorbimento del ferro, essenziale per il benessere dell'organismo. La sua composizione unica, arricchita con Vitamina C, garantisce una serie\u2026","rel":"","context":"Articolo simile","block_context":{"text":"Articolo simile","link":""},"img":{"alt_text":"","src":"https:\/\/i0.wp.com\/antheianatural.it\/wp-content\/uploads\/2023\/01\/antheia-foto-prodotto-ematofer-sc10-1.jpg?resize=350%2C200&ssl=1","width":350,"height":200,"srcset":"https:\/\/i0.wp.com\/antheianatural.it\/wp-content\/uploads\/2023\/01\/antheia-foto-prodotto-ematofer-sc10-1.jpg?resize=350%2C200&ssl=1 1x, https:\/\/i0.wp.com\/antheianatural.it\/wp-content\/uploads\/2023\/01\/antheia-foto-prodotto-ematofer-sc10-1.jpg?resize=525%2C300&ssl=1 1.5x, https:\/\/i0.wp.com\/antheianatural.it\/wp-content\/uploads\/2023\/01\/antheia-foto-prodotto-ematofer-sc10-1.jpg?resize=700%2C400&ssl=1 2x, https:\/\/i0.wp.com\/antheianatural.it\/wp-content\/uploads\/2023\/01\/antheia-foto-prodotto-ematofer-sc10-1.jpg?resize=1050%2C600&ssl=1 3x, https:\/\/i0.wp.com\/antheianatural.it\/wp-content\/uploads\/2023\/01\/antheia-foto-prodotto-ematofer-sc10-1.jpg?resize=1400%2C800&ssl=1 4x"},"classes":[]},{"id":8839,"url":"https:\/\/antheianatural.it\/it\/prodotto\/giovans-gocce-sonno-relax\/","url_meta":{"origin":7564,"position":3},"title":"Giovans \u2013 Gocce","author":"antheia","date":"04\/03\/2026","format":false,"excerpt":"Gocce per la routine serale: melatonina + botanici per favorire Sonno e Relax Giovans \u00e8 un integratore alimentare in gocce con edulcorante, formulato con Melatonina ed estratti vegetali selezionati. La combinazione \u00e8 pensata per sostenere Sonno e Relax soprattutto nei periodi di stress o quando serve \u201cstaccare\u201d a fine giornata.\u2026","rel":"","context":"Articolo simile","block_context":{"text":"Articolo simile","link":""},"img":{"alt_text":"Giovans gocce con melatonina, valeriana e lavanda: supporto Sonno e Relax per ridurre il tempo di addormentamento.","src":"https:\/\/i0.wp.com\/antheianatural.it\/wp-content\/uploads\/2026\/03\/antheia-foto-prodotto-giovans-1.jpg?resize=350%2C200&ssl=1","width":350,"height":200,"srcset":"https:\/\/i0.wp.com\/antheianatural.it\/wp-content\/uploads\/2026\/03\/antheia-foto-prodotto-giovans-1.jpg?resize=350%2C200&ssl=1 1x, https:\/\/i0.wp.com\/antheianatural.it\/wp-content\/uploads\/2026\/03\/antheia-foto-prodotto-giovans-1.jpg?resize=525%2C300&ssl=1 1.5x, https:\/\/i0.wp.com\/antheianatural.it\/wp-content\/uploads\/2026\/03\/antheia-foto-prodotto-giovans-1.jpg?resize=700%2C400&ssl=1 2x, https:\/\/i0.wp.com\/antheianatural.it\/wp-content\/uploads\/2026\/03\/antheia-foto-prodotto-giovans-1.jpg?resize=1050%2C600&ssl=1 3x, https:\/\/i0.wp.com\/antheianatural.it\/wp-content\/uploads\/2026\/03\/antheia-foto-prodotto-giovans-1.jpg?resize=1400%2C800&ssl=1 4x"},"classes":[]},{"id":8342,"url":"https:\/\/antheianatural.it\/it\/prodotto\/serenix\/","url_meta":{"origin":7564,"position":4},"title":"Serenix","author":"antheia","date":"17\/06\/2024","format":false,"excerpt":"Dormi Bene, Vivi Meglio Serenix \u00e8 una soluzione naturale pensata per chi cerca un aiuto per migliorare la qualit\u00e0 del sonno e il benessere mentale. Formulato con un mix efficace di erbe calmanti e Melatonina, offre numerosi benefici: Spese di spedizione gratuite e sconto del 10% per chi acquista 3\u2026","rel":"","context":"Articolo simile","block_context":{"text":"Articolo simile","link":""},"img":{"alt_text":"","src":"https:\/\/i0.wp.com\/antheianatural.it\/wp-content\/uploads\/2024\/06\/Antheia-serenix-3.jpg?resize=350%2C200&ssl=1","width":350,"height":200,"srcset":"https:\/\/i0.wp.com\/antheianatural.it\/wp-content\/uploads\/2024\/06\/Antheia-serenix-3.jpg?resize=350%2C200&ssl=1 1x, https:\/\/i0.wp.com\/antheianatural.it\/wp-content\/uploads\/2024\/06\/Antheia-serenix-3.jpg?resize=525%2C300&ssl=1 1.5x, https:\/\/i0.wp.com\/antheianatural.it\/wp-content\/uploads\/2024\/06\/Antheia-serenix-3.jpg?resize=700%2C400&ssl=1 2x, https:\/\/i0.wp.com\/antheianatural.it\/wp-content\/uploads\/2024\/06\/Antheia-serenix-3.jpg?resize=1050%2C600&ssl=1 3x, https:\/\/i0.wp.com\/antheianatural.it\/wp-content\/uploads\/2024\/06\/Antheia-serenix-3.jpg?resize=1400%2C800&ssl=1 4x"},"classes":[]},{"id":7591,"url":"https:\/\/antheianatural.it\/it\/prodotto\/maculsine-dha\/","url_meta":{"origin":7564,"position":5},"title":"Maculsine","author":"antheia","date":"18\/01\/2023","format":false,"excerpt":"Maculsine: Nutrienti Essenziali per Mente e Vista Maculsine \u00e8 l'integratore ideale per chi cerca di migliorare la propria salute cerebrale e visiva. Formulato con un mix esclusivo di nutrienti essenziali, offre diversi benefici: Spese di spedizione gratuite e sconto del 10% per chi acquista 3 o pi\u00f9 confezioni.","rel":"","context":"Articolo simile","block_context":{"text":"Articolo simile","link":""},"img":{"alt_text":"","src":"https:\/\/i0.wp.com\/antheianatural.it\/wp-content\/uploads\/2023\/01\/antheia-foto-prodotto-maculsine-sc10.jpg?resize=350%2C200&ssl=1","width":350,"height":200,"srcset":"https:\/\/i0.wp.com\/antheianatural.it\/wp-content\/uploads\/2023\/01\/antheia-foto-prodotto-maculsine-sc10.jpg?resize=350%2C200&ssl=1 1x, https:\/\/i0.wp.com\/antheianatural.it\/wp-content\/uploads\/2023\/01\/antheia-foto-prodotto-maculsine-sc10.jpg?resize=525%2C300&ssl=1 1.5x, https:\/\/i0.wp.com\/antheianatural.it\/wp-content\/uploads\/2023\/01\/antheia-foto-prodotto-maculsine-sc10.jpg?resize=700%2C400&ssl=1 2x, https:\/\/i0.wp.com\/antheianatural.it\/wp-content\/uploads\/2023\/01\/antheia-foto-prodotto-maculsine-sc10.jpg?resize=1050%2C600&ssl=1 3x, https:\/\/i0.wp.com\/antheianatural.it\/wp-content\/uploads\/2023\/01\/antheia-foto-prodotto-maculsine-sc10.jpg?resize=1400%2C800&ssl=1 4x"},"classes":[]}],"jetpack_sharing_enabled":true,"_links":{"self":[{"href":"https:\/\/antheianatural.it\/it\/wp-json\/wp\/v2\/product\/7564","targetHints":{"allow":["GET"]}}],"collection":[{"href":"https:\/\/antheianatural.it\/it\/wp-json\/wp\/v2\/product"}],"about":[{"href":"https:\/\/antheianatural.it\/it\/wp-json\/wp\/v2\/types\/product"}],"replies":[{"embeddable":true,"href":"https:\/\/antheianatural.it\/it\/wp-json\/wp\/v2\/comments?post=7564"}],"version-history":[{"count":23,"href":"https:\/\/antheianatural.it\/it\/wp-json\/wp\/v2\/product\/7564\/revisions"}],"predecessor-version":[{"id":8307,"href":"https:\/\/antheianatural.it\/it\/wp-json\/wp\/v2\/product\/7564\/revisions\/8307"}],"wp:featuredmedia":[{"embeddable":true,"href":"https:\/\/antheianatural.it\/it\/wp-json\/wp\/v2\/media\/8314"}],"wp:attachment":[{"href":"https:\/\/antheianatural.it\/it\/wp-json\/wp\/v2\/media?parent=7564"}],"wp:term":[{"taxonomy":"product_brand","embeddable":true,"href":"https:\/\/antheianatural.it\/it\/wp-json\/wp\/v2\/product_brand?post=7564"},{"taxonomy":"product_cat","embeddable":true,"href":"https:\/\/antheianatural.it\/it\/wp-json\/wp\/v2\/product_cat?post=7564"},{"taxonomy":"product_tag","embeddable":true,"href":"https:\/\/antheianatural.it\/it\/wp-json\/wp\/v2\/product_tag?post=7564"}],"curies":[{"name":"wp","href":"https:\/\/api.w.org\/{rel}","templated":true}]}}